{"id":4105,"date":"2026-04-06T07:52:07","date_gmt":"2026-04-06T07:52:07","guid":{"rendered":"https:\/\/kliimakoda.ee\/pood\/?post_type=product&#038;p=4105"},"modified":"2026-04-08T08:31:29","modified_gmt":"2026-04-08T08:31:29","slug":"nordis-lyra-l18tc1","status":"publish","type":"product","link":"https:\/\/kliimakoda.ee\/pood\/toode\/nordis-lyra-l18tc1\/","title":{"rendered":"Nordis Lyra L18TC1"},"content":{"rendered":"<p><img loading=\"lazy\" decoding=\"async\" class=\"alignnone wp-image-4096\" src=\"https:\/\/kliimakoda.ee\/pood\/wp-content\/uploads\/2026\/04\/cover-5-300x105.jpg\" alt=\"\" width=\"751\" height=\"263\" srcset=\"https:\/\/kliimakoda.ee\/pood\/wp-content\/uploads\/2026\/04\/cover-5-300x105.jpg 300w, https:\/\/kliimakoda.ee\/pood\/wp-content\/uploads\/2026\/04\/cover-5-1024x360.jpg 1024w, https:\/\/kliimakoda.ee\/pood\/wp-content\/uploads\/2026\/04\/cover-5-768x270.jpg 768w, https:\/\/kliimakoda.ee\/pood\/wp-content\/uploads\/2026\/04\/cover-5-1536x540.jpg 1536w, https:\/\/kliimakoda.ee\/pood\/wp-content\/uploads\/2026\/04\/cover-5-2048x720.jpg 2048w, https:\/\/kliimakoda.ee\/pood\/wp-content\/uploads\/2026\/04\/cover-5-500x176.jpg 500w\" sizes=\"auto, (max-width: 751px) 100vw, 751px\" \/><\/p>\n<div class=\"n4sEPd\">\n<div class=\"QFw9Te BLojaf\">\n<div id=\"ow14\" class=\"NQSJo\"><\/div>\n<\/div>\n<div class=\"FFpbKc\">\n<div class=\"xMmqsf\">\n<div class=\"nidPne\">\n<div data-show-delay-ms=\"250\" data-append-to-body=\"true\" data-propagate-tooltip-mouseover-events=\"true\" data-anchor-corner=\"bottom-left\" data-enable-skip-handler=\"true\" data-popup-corner=\"top-left\">\n<div class=\"dig2sb\">\n<div class=\"scLCMd\">\n<div id=\"itamenu\"><\/div>\n<\/div>\n<\/div>\n<\/div>\n<\/div>\n<\/div>\n<\/div>\n<\/div>\n<div class=\"QcsUad BDJ8fb BLojaf sMVRZe hCXDsb wneUed\">\n<div class=\"usGWQd\">\n<div class=\"KkbLmb\">\n<div class=\"lRu31\" dir=\"ltr\"><span class=\"HwtZe\" lang=\"et\"><span class=\"jCAhz ChMk0b\"><span class=\"ryNqvb\">AI 2.0 \u2013 nutikas energiat\u00f5husus T\u00e4iustatud AI 2.0 tehnoloogia kohandub automaatselt teie harjumuste ja muutuvate ruumitingimustega.<\/span><\/span> <span class=\"jCAhz ChMk0b\"><span class=\"ryNqvb\">See optimeerib j\u00f5udlust, et saavutada soovitud temperatuur minimaalse energiakuluga \u2013 maksimaalne mugavus minimaalse tarbimisega.<\/span><\/span><\/span><\/div>\n<\/div>\n<\/div>\n<\/div>\n<div dir=\"ltr\"><\/div>\n<div dir=\"ltr\"><\/div>\n<div dir=\"ltr\"><img loading=\"lazy\" decoding=\"async\" class=\"alignnone wp-image-4100\" src=\"https:\/\/kliimakoda.ee\/pood\/wp-content\/uploads\/2026\/04\/cover-4-1-1024x1024-1-300x300.jpg\" alt=\"\" width=\"754\" height=\"754\" srcset=\"https:\/\/kliimakoda.ee\/pood\/wp-content\/uploads\/2026\/04\/cover-4-1-1024x1024-1-300x300.jpg 300w, https:\/\/kliimakoda.ee\/pood\/wp-content\/uploads\/2026\/04\/cover-4-1-1024x1024-1-150x150.jpg 150w, https:\/\/kliimakoda.ee\/pood\/wp-content\/uploads\/2026\/04\/cover-4-1-1024x1024-1-768x768.jpg 768w, https:\/\/kliimakoda.ee\/pood\/wp-content\/uploads\/2026\/04\/cover-4-1-1024x1024-1-600x600.jpg 600w, https:\/\/kliimakoda.ee\/pood\/wp-content\/uploads\/2026\/04\/cover-4-1-1024x1024-1-500x500.jpg 500w, https:\/\/kliimakoda.ee\/pood\/wp-content\/uploads\/2026\/04\/cover-4-1-1024x1024-1-100x100.jpg 100w, https:\/\/kliimakoda.ee\/pood\/wp-content\/uploads\/2026\/04\/cover-4-1-1024x1024-1.jpg 1024w\" sizes=\"auto, (max-width: 754px) 100vw, 754px\" \/><\/div>\n<p>&nbsp;<\/p>\n<p>I FEEL \u2013 mugavus seal, kus sa oled<br \/>\nI FEEL funktsiooniga m\u00f5\u00f5dab konditsioneer temperatuuri puldi l\u00e4hedal ja reguleerib seda automaatselt vastavalt sinu asukohale. See tagab ideaalse sisekliima just seal, kus sa seda k\u00f5ige rohkem vajad.<\/p>\n<p>&nbsp;<\/p>\n<p><img loading=\"lazy\" decoding=\"async\" class=\"alignnone wp-image-4099\" src=\"https:\/\/kliimakoda.ee\/pood\/wp-content\/uploads\/2026\/04\/cover-2-1024x1024-1-300x300.jpg\" alt=\"\" width=\"724\" height=\"724\" srcset=\"https:\/\/kliimakoda.ee\/pood\/wp-content\/uploads\/2026\/04\/cover-2-1024x1024-1-300x300.jpg 300w, https:\/\/kliimakoda.ee\/pood\/wp-content\/uploads\/2026\/04\/cover-2-1024x1024-1-150x150.jpg 150w, https:\/\/kliimakoda.ee\/pood\/wp-content\/uploads\/2026\/04\/cover-2-1024x1024-1-768x768.jpg 768w, https:\/\/kliimakoda.ee\/pood\/wp-content\/uploads\/2026\/04\/cover-2-1024x1024-1-600x600.jpg 600w, https:\/\/kliimakoda.ee\/pood\/wp-content\/uploads\/2026\/04\/cover-2-1024x1024-1-500x500.jpg 500w, https:\/\/kliimakoda.ee\/pood\/wp-content\/uploads\/2026\/04\/cover-2-1024x1024-1-100x100.jpg 100w, https:\/\/kliimakoda.ee\/pood\/wp-content\/uploads\/2026\/04\/cover-2-1024x1024-1.jpg 1024w\" sizes=\"auto, (max-width: 724px) 100vw, 724px\" \/><\/p>\n<p>&nbsp;<\/p>\n<p>+8 \u00b0C re\u017eiim \u2013 kaitse k\u00fclma eest<br \/>\nKui ruumides ei viibita, hoiab +8 \u00b0C s\u00e4ilitamise funktsioon \u00e4ra nende liiga k\u00fclmaks minemise. See on ideaalne lahendus suvilatesse, kontoritesse v\u00f5i muudesse ruumidesse, kus soovite hoida \u00fchtlast temperatuuri ja kaitsta k\u00fclmakahjustuste eest.<\/p>\n<p>Vaikne t\u00f6\u00f6 \u2013 ainult 22 dB<br \/>\nN\u00d8RDISe seadmed on loodud peaaegu h\u00e4\u00e4letuks. \u00dclimadala m\u00fcratasemega, mis on vaid 19 dB, saate nautida rahu ja mugavust nii p\u00e4eval kui ka \u00f6\u00f6sel. Ideaalne magamistubadesse v\u00f5i t\u00f6\u00f6ruumidesse, kus vaikus on t\u00f5eliselt oluline.<\/p>\n<p><img loading=\"lazy\" decoding=\"async\" class=\"alignnone wp-image-4098\" src=\"https:\/\/kliimakoda.ee\/pood\/wp-content\/uploads\/2026\/04\/cover-4-1024x1024-1-300x300.jpg\" alt=\"\" width=\"740\" height=\"740\" srcset=\"https:\/\/kliimakoda.ee\/pood\/wp-content\/uploads\/2026\/04\/cover-4-1024x1024-1-300x300.jpg 300w, https:\/\/kliimakoda.ee\/pood\/wp-content\/uploads\/2026\/04\/cover-4-1024x1024-1-150x150.jpg 150w, https:\/\/kliimakoda.ee\/pood\/wp-content\/uploads\/2026\/04\/cover-4-1024x1024-1-768x768.jpg 768w, https:\/\/kliimakoda.ee\/pood\/wp-content\/uploads\/2026\/04\/cover-4-1024x1024-1-600x600.jpg 600w, https:\/\/kliimakoda.ee\/pood\/wp-content\/uploads\/2026\/04\/cover-4-1024x1024-1-500x500.jpg 500w, https:\/\/kliimakoda.ee\/pood\/wp-content\/uploads\/2026\/04\/cover-4-1024x1024-1-100x100.jpg 100w, https:\/\/kliimakoda.ee\/pood\/wp-content\/uploads\/2026\/04\/cover-4-1024x1024-1.jpg 1024w\" sizes=\"auto, (max-width: 740px) 100vw, 740px\" \/><\/p>\n<p><span style=\"color: #0000ff;\">Tehniline info :\u00a0<\/span><\/p>\n<p>K\u00fcttev\u00f5imsus kW 5,21 (1,25\u20136,07)<br \/>\nK\u00fcttev\u00f5imsus nominaalne (min-max) kW 1376 (0,34\u20132,55)<br \/>\nK\u00fcttevoolutugevus A 6,2 (1,6\u201313,0)<br \/>\nSCOP 4<br \/>\nCOP 3,8<br \/>\nEnergiat\u00f5hususe klass (keskmise kliimaga tsoon) A+<br \/>\nJahutusv\u00f5imsus kW 5140 (1,25\u20135,91)<br \/>\nJahutusv\u00f5imsus nominaalne (min-max) kW 1567 (0,33\u20132,35)<br \/>\nJahutusvoolutugevus A 6,9 (1,5\u201312,0)<br \/>\nSEER 6,8<br \/>\nEER 3,3<br \/>\nEnergiaklass A++<br \/>\nToiteallikas Toitekaabel mm2 3\u00d71,5<br \/>\nAutomaatl\u00fcliti A 16<br \/>\nSidekaabel mm2 4\u00d70,75<br \/>\nToiteallikas V\/Ph\/Hz 220\u2013240~\/1\/50<br \/>\nV\u00e4lisseadme m\u00f5\u00f5tmed (L x K x S) mm 853 \u00d7 602 \u00d7 349<br \/>\nPaki m\u00f5\u00f5tmed (L x K x S) mm 890 \u00d7 628 \u00d7 385<br \/>\nNetokaal kg 30<br \/>\nBrutokaal kg 32,5<br \/>\n\u00d5huvoolu maht m3\/h 2600<br \/>\nM\u00fcrar\u00f5hk 1 m kaugusel dB(A) 55<br \/>\nM\u00fcrav\u00f5imsus dB(A) 65<br \/>\nJahutusre\u017eiimi \u00fcmbritseva \u00f5hu temperatuuri vahemik \u00b0C -15\u201353<br \/>\nK\u00fcttere\u017eiimi \u00fcmbritseva \u00f5hu temperatuuri vahemik \u00b0C -25\u201330<br \/>\nSiseseadme m\u00f5\u00f5tmed (L x K x S) mm 910 \u00d7 305 \u00d7 195<br \/>\nPaki m\u00f5\u00f5tmed (L x K x S) mm 979 \u00d7 380 \u00d7 265<br \/>\nNetokaal kg 9<br \/>\nBrutokaal kg 11<br \/>\n\u00d5huvoolu maht m3\/h 800\/760\/690\/630\/580\/540\/440<br \/>\nHelir\u00f5hutase 1 m kaugusel dB(A) 47\/43\/40\/37\/34\/31\/27<br \/>\nHeliv\u00f5imsus dB(A) 56\/53\/50\/47\/44\/41\/37<br \/>\n\u00dchendustoru K\u00fclmutusagensi toru tollides\/mm 1\/4&#8243;-3\/8&#8243; (\u03a66,35-\u03a69,53)<br \/>\nK\u00fclmutusagensi kogus R32 kg R32\/0,78<br \/>\nLisak\u00fclmutusagensi kogus g\/m 25<br \/>\nRada pikkus ilma t\u00e4iendava k\u00fclmutusagensita m 5<br \/>\nMaksimaalne vahemaa Pikkus m 25<br \/>\nMaksimaalne k\u00f5rgus m 10<br \/>\nMuu WiFi +\/- +<\/p>\n<p>&nbsp;<\/p>\n<p>&nbsp;<\/p>\n","protected":false},"excerpt":{"rendered":"<p>N\u00d8RDIS LYRA on kaasaegne ja k\u00f5rgetasemeline \u00f5hk-\u00f5hk-soojuspump, mis on loodud pakkuma aastaringset mugavust. Oma elegantse disaini, t\u00e4iustatud tehnoloogia ja laia funktsioonide valikuga on see seade suurep\u00e4rane valik nii elamu- kui ka \u00e4ripindadele.<\/p>\n<p>Inverterkompressoriga LYRA t\u00f6\u00f6tab t\u00f5husalt laias temperatuurivahemikus \u2013 -20 \u00b0C kuni +53 \u00b0C \u2013 tagades usaldusv\u00e4\u00e4rse k\u00fctte talvel ja jahutuse suvel. S\u00fcsteemil on k\u00f5rge energiat\u00f5husus, mis on hinnatud A++\/A+, mis tagab madalama elektritarbimise, s\u00e4ilitades samal ajal tipptasemel j\u00f5udluse.<\/p>\n<p>See mudel paistab silma oma erakordselt vaikse t\u00f6\u00f6 poolest \u2013 siseseade tekitab \u00fche meetri kaugusel vaid 19 dB m\u00fcra, mist\u00f5ttu on see t\u00f6\u00f6 v\u00f5i puhkuse ajal vaevum\u00e4rgatav. Valge l\u00e4ikiv sisepaneel lisab elegantsi ja sulandub sujuvalt igasse moodsasse interj\u00f6\u00f6ri.<\/p>\n<p>T\u00e4iustatud AI 2.0 energias\u00e4\u00e4stutehnoloogia kohandab s\u00fcsteemi t\u00f6\u00f6d automaatselt keskkonnatingimustega, optimeerides efektiivsust ilma k\u00e4sitsi reguleerimiseta. Samal ajal tagab Anti Direct Air Flow funktsioon \u00fchtlaselt jaotunud \u00f5huvoolu, hoides \u00e4ra otsese k\u00fclma tuulet\u00f5mbuse ja luues pidevalt mugava atmosf\u00e4\u00e4ri.<\/p>\n<p>Innovatiivne ventilaatori tagurpidi liikumise funktsioon aktiveerib v\u00e4lisseadme ventilaatori tagurpidi, et eemaldada soojusvaheti pinnalt tolmu, parandades j\u00f5udlust ja pikendades s\u00fcsteemi eluiga.<\/p>\n<p>Nutika I FEEL funktsiooniga reguleerib seade temperatuuri automaatselt vastavalt kasutaja asukohale, tagades isikup\u00e4rasema ja meeldivama sisekliima. +8 \u00b0C hooldusre\u017eiim aitab hoida t\u00fchjades ruumides konstantset temperatuuri, v\u00e4ltides liigset jahtumist k\u00fclmematel kuudel.<\/p>\n<p>Sisseehitatud standardsed \u00f5hufiltrid parandavad sise\u00f5hu kvaliteeti, samas kui seitsmekiiruseline ventilaator v\u00f5imaldab kasutajatel \u00f5huvoolu intensiivsust vastavalt oma eelistatud mugavustasemele peenh\u00e4\u00e4lestada.<\/p>\n<p>N\u00d8RDIS LYRA \u00fchendab endas t\u00f5hususe, stiili ja nutika tehnoloogia, et pakkuda ideaalselt tasakaalustatud sisekliimat \u2013 vaikselt ja usaldusv\u00e4\u00e4rselt, igal aastap\u00e4eval.<\/p>\n<p>&nbsp;<\/p>\n<p>Peamised omadused<\/p>\n<p>T\u00f5hus inverterkompressor (-20 \u00b0C kuni +53 \u00b0C)<\/p>\n<p>Energiaklass A++\/A+<\/p>\n<p>\u00dclivaikne t\u00f6\u00f6 \u2013 alates 22 dB<\/p>\n<p>Valge l\u00e4ikiv sisepaneel<\/p>\n<p>AI 2.0 energias\u00e4\u00e4stutehnoloogia<\/p>\n<p>Anti Direct Air Flow \u00fchtlaseks \u00f5hujaotuseks<\/p>\n<p>Vastupidine ventilaatori puhur eemaldab tolmu soojusvahetist<\/p>\n<p>I FEEL nutikas temperatuuri reguleerimine<\/p>\n<p>+8 \u00b0C re\u017eiim t\u00fchjade ruumide jaoks<\/p>\n<p>Standardsed \u00f5hufiltrid<\/p>\n<p>7-k\u00e4iguline reguleeritav ventilaator<\/p>\n<p>&nbsp;<\/p>\n<p>Toote PDF eng :<\/p>\n<p><a href=\"https:\/\/kliimakoda.ee\/pood\/wp-content\/uploads\/2026\/04\/Lyra-L09TC1-Energy-Label.pdf\">Lyra-L09TC1-Energy-Label<\/a><\/p>\n<p><a href=\"https:\/\/kliimakoda.ee\/pood\/wp-content\/uploads\/2026\/04\/Technical-Data-Lyra-EN.pdf\">Technical-Data-Lyra-EN<\/a><\/p>\n<p><a href=\"https:\/\/kliimakoda.ee\/pood\/wp-content\/uploads\/2026\/04\/NORDIS-Wi-Fi-manual-EN-20251017-2.pdf\">NORDIS-Wi-Fi-manual-<\/a><\/p>\n<p>&nbsp;<\/p>\n","protected":false},"featured_media":4103,"template":"","meta":{"ocean_post_layout":"","ocean_both_sidebars_style":"","ocean_both_sidebars_content_width":0,"ocean_both_sidebars_sidebars_width":0,"ocean_sidebar":"0","ocean_second_sidebar":"0","ocean_disable_margins":"enable","ocean_add_body_class":"","ocean_shortcode_before_top_bar":"","ocean_shortcode_after_top_bar":"","ocean_shortcode_before_header":"","ocean_shortcode_after_header":"","ocean_has_shortcode":"","ocean_shortcode_after_title":"","ocean_shortcode_before_footer_widgets":"","ocean_shortcode_after_footer_widgets":"","ocean_shortcode_before_footer_bottom":"","ocean_shortcode_after_footer_bottom":"","ocean_display_top_bar":"default","ocean_display_header":"default","ocean_header_style":"","ocean_center_header_left_menu":"0","ocean_custom_header_template":"0","ocean_custom_logo":0,"ocean_custom_retina_logo":0,"ocean_custom_logo_max_width":0,"ocean_custom_logo_tablet_max_width":0,"ocean_custom_logo_mobile_max_width":0,"ocean_custom_logo_max_height":0,"ocean_custom_logo_tablet_max_height":0,"ocean_custom_logo_mobile_max_height":0,"ocean_header_custom_menu":"0","ocean_menu_typo_font_family":"0","ocean_menu_typo_font_subset":"","ocean_menu_typo_font_size":0,"ocean_menu_typo_font_size_tablet":0,"ocean_menu_typo_font_size_mobile":0,"ocean_menu_typo_font_size_unit":"px","ocean_menu_typo_font_weight":"","ocean_menu_typo_font_weight_tablet":"","ocean_menu_typo_font_weight_mobile":"","ocean_menu_typo_transform":"","ocean_menu_typo_transform_tablet":"","ocean_menu_typo_transform_mobile":"","ocean_menu_typo_line_height":0,"ocean_menu_typo_line_height_tablet":0,"ocean_menu_typo_line_height_mobile":0,"ocean_menu_typo_line_height_unit":"","ocean_menu_typo_spacing":0,"ocean_menu_typo_spacing_tablet":0,"ocean_menu_typo_spacing_mobile":0,"ocean_menu_typo_spacing_unit":"","ocean_menu_link_color":"","ocean_menu_link_color_hover":"","ocean_menu_link_color_active":"","ocean_menu_link_background":"","ocean_menu_link_hover_background":"","ocean_menu_link_active_background":"","ocean_menu_social_links_bg":"","ocean_menu_social_hover_links_bg":"","ocean_menu_social_links_color":"","ocean_menu_social_hover_links_color":"","ocean_disable_title":"default","ocean_disable_heading":"default","ocean_post_title":"","ocean_post_subheading":"","ocean_post_title_style":"","ocean_post_title_background_color":"","ocean_post_title_background":0,"ocean_post_title_bg_image_position":"","ocean_post_title_bg_image_attachment":"","ocean_post_title_bg_image_repeat":"","ocean_post_title_bg_image_size":"","ocean_post_title_height":0,"ocean_post_title_bg_overlay":0.5,"ocean_post_title_bg_overlay_color":"","ocean_disable_breadcrumbs":"default","ocean_breadcrumbs_color":"","ocean_breadcrumbs_separator_color":"","ocean_breadcrumbs_links_color":"","ocean_breadcrumbs_links_hover_color":"","ocean_display_footer_widgets":"default","ocean_display_footer_bottom":"default","ocean_custom_footer_template":"0"},"product_brand":[],"product_cat":[249,59],"product_tag":[],"class_list":{"0":"post-4105","1":"product","2":"type-product","3":"status-publish","4":"has-post-thumbnail","6":"product_cat-jahutusseade-nordis","7":"product_cat-jahutusseadmed","9":"entry","10":"has-media","12":"first","13":"instock","14":"taxable","15":"shipping-taxable","16":"purchasable","17":"product-type-simple","18":"has-product-nav","19":"col","20":"span_1_of_4","21":"owp-content-center","22":"owp-thumbs-layout-horizontal","23":"owp-btn-normal","24":"owp-tabs-layout-horizontal"},"_links":{"self":[{"href":"https:\/\/kliimakoda.ee\/pood\/wp-json\/wp\/v2\/product\/4105","targetHints":{"allow":["GET"]}}],"collection":[{"href":"https:\/\/kliimakoda.ee\/pood\/wp-json\/wp\/v2\/product"}],"about":[{"href":"https:\/\/kliimakoda.ee\/pood\/wp-json\/wp\/v2\/types\/product"}],"wp:featuredmedia":[{"embeddable":true,"href":"https:\/\/kliimakoda.ee\/pood\/wp-json\/wp\/v2\/media\/4103"}],"wp:attachment":[{"href":"https:\/\/kliimakoda.ee\/pood\/wp-json\/wp\/v2\/media?parent=4105"}],"wp:term":[{"taxonomy":"product_brand","embeddable":true,"href":"https:\/\/kliimakoda.ee\/pood\/wp-json\/wp\/v2\/product_brand?post=4105"},{"taxonomy":"product_cat","embeddable":true,"href":"https:\/\/kliimakoda.ee\/pood\/wp-json\/wp\/v2\/product_cat?post=4105"},{"taxonomy":"product_tag","embeddable":true,"href":"https:\/\/kliimakoda.ee\/pood\/wp-json\/wp\/v2\/product_tag?post=4105"}],"curies":[{"name":"wp","href":"https:\/\/api.w.org\/{rel}","templated":true}]}}