{"id":4091,"date":"2026-04-06T07:08:34","date_gmt":"2026-04-06T07:08:34","guid":{"rendered":"https:\/\/kliimakoda.ee\/pood\/?post_type=product&#038;p=4091"},"modified":"2026-04-08T08:40:23","modified_gmt":"2026-04-08T08:40:23","slug":"nordis-orion-evo-oe24tc1","status":"publish","type":"product","link":"https:\/\/kliimakoda.ee\/pood\/toode\/nordis-orion-evo-oe24tc1\/","title":{"rendered":"Nordis Orion Evo OE24TC1"},"content":{"rendered":"<pre id=\"tw-target-text\" class=\"tw-data-text tw-text-large tw-ta\" dir=\"ltr\" tabindex=\"-1\" role=\"text\" data-placeholder=\"Translation\" data-ved=\"2ahUKEwjOm5DVyNiTAxUI2SoKHafkEEEQ3ewLegQIDBAX\" aria-label=\"Translated text: N\u00d8RDIS ORION EVO konditsioneer-soojuspump on Orion Pro seeria t\u00e4iustatud ja tehnoloogiliselt arenenud versioon. See seade paistab silma oma k\u00f5rge efektiivsuse, madala energiatarbimise ja nutikate funktsioonide poolest, mis parandavad sise\u00f5hu kvaliteeti ja loovad tervislikuma keskkonna. See on varustatud j\u00e4rgmise p\u00f5lvkonna inverterkompressoriga, mis tagab usaldusv\u00e4\u00e4rse ja t\u00f5husa t\u00f6\u00f6 temperatuurivahemikus \u201325 \u00b0C kuni +53 \u00b0C. T\u00e4iustatud AI 2.0 energias\u00e4\u00e4stutehnoloogia optimeerib automaatselt j\u00f5udlust vastavalt tingimustele, v\u00e4hendades elektritarbimist ja s\u00e4ilitades samal ajal maksimaalse mugavuse. N\u00d8RDIS ORION EVO t\u00f6\u00f6tab \u00e4\u00e4rmiselt vaikselt \u2013 vaid 19 dB m\u00fcratasemega \u2013 mist\u00f5ttu on see peaaegu h\u00e4\u00e4letu isegi magamistubades. Seadmel on k\u00f5rge energiat\u00f5hususe klass A+++\/A++. Spetsiaalsed Turbo Cooling ja Gentle Cool Wind tehnoloogiad v\u00f5imaldavad kiiret jahutamist v\u00f5i \u00f5rna \u00f5hujaotust, v\u00e4ltides otsest k\u00fclma \u00f5huvoolu. Integreeritud B.I.G. Care+ s\u00fcsteem puhastab \u00f5hku aktiivselt tolmust, bakteritest ja allergeenidest, luues puhtama ja tervislikuma sisekliima. Isepuhastus- ja desinfitseerimisfunktsioonid tagavad pikema eluea ja lihtsama hoolduse. Sisseehitatud WiFi-moodul v\u00f5imaldab mugavat juhtimist nutitelefoni kaudu, pakkudes t\u00e4ielikku kaugjuurdep\u00e4\u00e4su. T\u00e4nu lihtsale paigaldamisele, hooldusele ja \u00fchilduvusele hoonehalduss\u00fcsteemidega (BMS) on N\u00d8RDIS ORION EVO suurep\u00e4rane valik mitte ainult elamutele, vaid ka hotellidele, kontoritele ja hooajaliseks kasutamiseks. Lisaks hoiab +8 \u00b0C temperatuuri s\u00e4ilitusfunktsioon t\u00fchjades ruumides stabiilset temperatuuri, kaitstes neid liigse jahtumise eest.\"><img loading=\"lazy\" decoding=\"async\" class=\"alignnone wp-image-4080\" style=\"color: #333333; font-family: Georgia, 'Times New Roman', 'Bitstream Charter', Times, serif; white-space: normal; background-color: #ffffff;\" src=\"https:\/\/kliimakoda.ee\/pood\/wp-content\/uploads\/2026\/04\/orion-evo-cover-1-1024x1024-1-300x300.jpg\" alt=\"\" width=\"533\" height=\"533\" srcset=\"https:\/\/kliimakoda.ee\/pood\/wp-content\/uploads\/2026\/04\/orion-evo-cover-1-1024x1024-1-300x300.jpg 300w, https:\/\/kliimakoda.ee\/pood\/wp-content\/uploads\/2026\/04\/orion-evo-cover-1-1024x1024-1-150x150.jpg 150w, https:\/\/kliimakoda.ee\/pood\/wp-content\/uploads\/2026\/04\/orion-evo-cover-1-1024x1024-1-768x768.jpg 768w, https:\/\/kliimakoda.ee\/pood\/wp-content\/uploads\/2026\/04\/orion-evo-cover-1-1024x1024-1-600x600.jpg 600w, https:\/\/kliimakoda.ee\/pood\/wp-content\/uploads\/2026\/04\/orion-evo-cover-1-1024x1024-1-500x500.jpg 500w, https:\/\/kliimakoda.ee\/pood\/wp-content\/uploads\/2026\/04\/orion-evo-cover-1-1024x1024-1-100x100.jpg 100w, https:\/\/kliimakoda.ee\/pood\/wp-content\/uploads\/2026\/04\/orion-evo-cover-1-1024x1024-1.jpg 1024w\" sizes=\"auto, (max-width: 533px) 100vw, 533px\" \/><\/pre>\n<div data-olk-copy-source=\"MailCompose\">\u00d5rn jaheda tuule funktsioon \u2013 pehme jahutus ilma ebameeldiva tuulet\u00f5mbuseta<br \/>\nN\u00d8RDIS ORION EVO kliimaseadmete uuenduslik \u00f5rna jaheda tuule funktsioon on loodud neile, kes soovivad nautida v\u00e4rskendavat jahedust ilma otsese k\u00fclma \u00f5hu puhumiseta. See tehnoloogia jaotab jahedat \u00f5hku \u00f5rnalt ja \u00fchtlaselt, luues meeldiva sisekliima, kus jahutus tundub loomulik, \u00f5rn ja erakordselt mugav.<\/div>\n<div data-olk-copy-source=\"MailCompose\"><\/div>\n<div data-olk-copy-source=\"MailCompose\">\n<p><img loading=\"lazy\" decoding=\"async\" class=\"alignnone wp-image-4083\" src=\"https:\/\/kliimakoda.ee\/pood\/wp-content\/uploads\/2026\/04\/Picture2-1024x826-1-300x242.jpg\" alt=\"\" width=\"326\" height=\"262\" srcset=\"https:\/\/kliimakoda.ee\/pood\/wp-content\/uploads\/2026\/04\/Picture2-1024x826-1-300x242.jpg 300w, https:\/\/kliimakoda.ee\/pood\/wp-content\/uploads\/2026\/04\/Picture2-1024x826-1-768x620.jpg 768w, https:\/\/kliimakoda.ee\/pood\/wp-content\/uploads\/2026\/04\/Picture2-1024x826-1-500x403.jpg 500w, https:\/\/kliimakoda.ee\/pood\/wp-content\/uploads\/2026\/04\/Picture2-1024x826-1.jpg 1024w\" sizes=\"auto, (max-width: 326px) 100vw, 326px\" \/><\/p>\n<\/div>\n<p>&nbsp;<\/p>\n<div data-olk-copy-source=\"MailCompose\">\n<p>AI 2.0 tehnoloogia \u2013 nutikas mugavus ja energiat\u00f5husus<\/p>\n<p>N\u00d8RDISe kliimaseadme ja soojuspumba mudel on varustatud t\u00e4iustatud AI 2.0 tehnoloogiaga, mis kohandub automaatselt ruumi temperatuuri, suuruse ja teie igap\u00e4evaste harjumustega. S\u00fcsteem \u00f5pib pidevalt teie kasutusmustrite \u2013 n\u00e4iteks eelistatud temperatuuri, ruumis veedetud aja ja p\u00e4evakava \u2013 p\u00f5hjal ning kohandab oma t\u00f6\u00f6d ideaalse sisekliima s\u00e4ilitamiseks, minimeerides samal ajal energiatarbimist.<\/p>\n<p>Tehisintellektil p\u00f5hineva energiaoptimeerimise abil pakub seade nutikat k\u00fctmist ja jahutamist isegi madala intensiivsusega v\u00f5i ootere\u017eiimis t\u00f6\u00f6tades, s\u00e4\u00e4stes kuni 38% rohkem energiat. Vaatamata v\u00f5imsale j\u00f5udlusele j\u00e4\u00e4b seade sosinvaikseks vaid 19 dB-ga, tagades h\u00e4irimatu mugavuse.<\/p>\n<p>Juhtige ja j\u00e4lgige oma mugavust vaevata nutitelefoni abil \u2013 nautige t\u00f5eliselt intelligentset kliimas\u00fcsteemi, mis \u00fchendab innovatsiooni, vaikuse ja j\u00e4tkusuutlikkuse.<\/p>\n<\/div>\n<p>&nbsp;<\/p>\n<p><img loading=\"lazy\" decoding=\"async\" class=\"alignnone wp-image-4082\" src=\"https:\/\/kliimakoda.ee\/pood\/wp-content\/uploads\/2026\/04\/ccccc-1024x824-1-300x241.jpg\" alt=\"\" width=\"550\" height=\"442\" srcset=\"https:\/\/kliimakoda.ee\/pood\/wp-content\/uploads\/2026\/04\/ccccc-1024x824-1-300x241.jpg 300w, https:\/\/kliimakoda.ee\/pood\/wp-content\/uploads\/2026\/04\/ccccc-1024x824-1-768x618.jpg 768w, https:\/\/kliimakoda.ee\/pood\/wp-content\/uploads\/2026\/04\/ccccc-1024x824-1-500x402.jpg 500w, https:\/\/kliimakoda.ee\/pood\/wp-content\/uploads\/2026\/04\/ccccc-1024x824-1.jpg 1024w\" sizes=\"auto, (max-width: 550px) 100vw, 550px\" \/><\/p>\n<div data-olk-copy-source=\"MailCompose\">\n<p>Hotelli men\u00fc\u00fc funktsioon \u2013 t\u00f5hus juhtimine ja energias\u00e4\u00e4st<br \/>\nN\u00d8RDIS Orion Evo kliimaseadmetesse integreeritud hotelli men\u00fc\u00fc funktsioon on loodud energiatarbimise v\u00e4hendamiseks ja t\u00f6\u00f6efektiivsuse suurendamiseks \u2013 eriti sageli kasutatavates keskkondades, n\u00e4iteks hotellides, kontorites v\u00f5i \u00fc\u00fcripindadel.<\/p>\n<p>See s\u00fcsteem v\u00f5imaldab nutikat juhtimist kuiva kontakti juhtimise kaudu, v\u00f5imaldades automaatset sisse- ja v\u00e4ljal\u00fclitamist vastavalt ruumi t\u00e4ituvusele v\u00f5i eelseadistatud ajakavadele, kui see on \u00fchendatud v\u00e4liste s\u00fcsteemide v\u00f5i nutikate l\u00fclititega. See toetab ka automaatset k\u00e4ivitamise ja seiskamise programmeerimist, tagades, et seade t\u00f6\u00f6tab ainult vajadusel.<\/p>\n<p>Lisafunktsioon \u2013 temperatuuripiirangu juhtimine \u2013 v\u00f5imaldab m\u00e4\u00e4rata minimaalse ja maksimaalse temperatuuri piire. See hoiab \u00e4ra liigse energiatarbimise, s\u00e4ilitades samal ajal k\u00fclalistele v\u00f5i t\u00f6\u00f6tajatele optimaalse mugavuse.<\/p>\n<p>Hotelli men\u00fc\u00fc funktsioon pakub mugavat ja intelligentset viisi sisekliima haldamiseks, energia s\u00e4\u00e4stmiseks ja s\u00fcsteemi usaldusv\u00e4\u00e4rse toimimise tagamiseks iga p\u00e4ev.<\/p>\n<p>T\u00f5hus k\u00fcte isegi -25 \u00b0C juures<br \/>\nN\u00d8RDIS \u00f5hk-\u00f5hk-soojuspump tagab usaldusv\u00e4\u00e4rse j\u00f5udluse isegi \u00e4\u00e4rmuslikes ilmastikutingimustes. Varustatud j\u00e4rgmise p\u00f5lvkonna inverterkompressoriga, t\u00f6\u00f6tab see t\u00f5husalt laias temperatuurivahemikus \u2013 -25 \u00b0C kuni +53 \u00b0C.<\/p>\n<p>T\u00e4nu t\u00e4iustatud tehnoloogiale saavutab soojuspump kiiresti soovitud temperatuuri, s\u00e4ilitades samal ajal k\u00f5rge energiat\u00f5hususe isegi karmides tingimustes. See tagab teie kodus p\u00fcsiva mugavuse aastaringselt \u2013 k\u00f5ige k\u00fclmematest talvep\u00e4evadest kuni kuumima suvesoojuseni.<\/p>\n<\/div>\n<div data-olk-copy-source=\"MailCompose\"><\/div>\n<div data-olk-copy-source=\"MailCompose\"><\/div>\n<div data-olk-copy-source=\"MailCompose\"><\/div>\n<div data-olk-copy-source=\"MailCompose\"><strong><span style=\"color: #0000ff;\">Tehniline info :<\/span><\/strong><\/div>\n<div data-olk-copy-source=\"MailCompose\"><\/div>\n<div data-olk-copy-source=\"MailCompose\"><\/div>\n<div>Jahutusv\u00f5imsus &#8211; 7,0kw<\/div>\n<div>K\u00fcttev\u00f5imsus &#8211; 7,10kw<\/div>\n<div>Wi-Fi &#8211; jah<\/div>\n<div>A+++\/A++<\/div>\n<div>K\u00fcttev\u00f5imsus kW\u00a0 7,10 (1,85-7,96)<\/div>\n<div>K\u00fcttev\u00f5imsus nomin (min-max) kW 1,81 (0,42-3,01)<\/div>\n<div>K\u00fctte nimivool A &#8211; 8,0 (2,3-16,0)<\/div>\n<div>SCOP 4,7<\/div>\n<div>COP 3.92<\/div>\n<div>Energiat\u00f5hususe klass (m\u00f5\u00f5dukas kliimav\u00f6\u00f6nd) A++<\/div>\n<div>-25C<\/div>\n<div><\/div>\n","protected":false},"excerpt":{"rendered":"<p><span class=\"Y2IQFc\" lang=\"et\" style=\"color: #000000;\">N\u00d8RDIS ORION EVO konditsioneer-soojuspump on Orion Pro seeria t\u00e4iustatud ja tehnoloogiliselt arenenud versioon.<br \/>\nSee seade paistab silma oma k\u00f5rge efektiivsuse, madala energiatarbimise ja nutikate funktsioonide poolest,<br \/>\nmis parandavad sise\u00f5hu kvaliteeti ja loovad tervislikuma keskkonna. See on varustatud j\u00e4rgmise p\u00f5lvkonna inverterkompressoriga, mis tagab usaldusv\u00e4\u00e4rse ja t\u00f5husa t\u00f6\u00f6 temperatuurivahemikus \u201325 \u00b0C kuni +53 \u00b0C.<br \/>\nT\u00e4iustatud AI 2.0 energias\u00e4\u00e4stutehnoloogia optimeerib automaatselt j\u00f5udlust vastavalt tingimustele, v\u00e4hendades elektritarbimist ja s\u00e4ilitades samal ajal maksimaalse mugavuse.<br \/>\nN\u00d8RDIS ORION EVO t\u00f6\u00f6tab \u00e4\u00e4rmiselt vaikselt \u2013 vaid 19 dB m\u00fcratasemega \u2013 mist\u00f5ttu on see peaaegu h\u00e4\u00e4letu isegi magamistubades. Seadmel on k\u00f5rge energiat\u00f5hususe klass A+++\/A++. Spetsiaalsed Turbo Cooling ja Gentle Cool Wind tehnoloogiad v\u00f5imaldavad kiiret jahutamist v\u00f5i \u00f5rna \u00f5hujaotust,<br \/>\nv\u00e4ltides otsest k\u00fclma \u00f5huvoolu. Integreeritud B.I.G.<br \/>\nCare+ s\u00fcsteem puhastab \u00f5hku aktiivselt tolmust, bakteritest ja allergeenidest, luues puhtama ja tervislikuma sisekliima.<br \/>\nIsepuhastus- ja desinfitseerimisfunktsioonid tagavad pikema eluea ja lihtsama hoolduse. Sisseehitatud WiFi-moodul v\u00f5imaldab mugavat juhtimist nutitelefoni kaudu,<br \/>\npakkudes t\u00e4ielikku kaugjuurdep\u00e4\u00e4su.<br \/>\nT\u00e4nu lihtsale paigaldamisele, hooldusele ja \u00fchilduvusele hoonehalduss\u00fcsteemidega (BMS) on N\u00d8RDIS ORION EVO suurep\u00e4rane valik mitte ainult elamutele,<br \/>\nvaid ka hotellidele, kontoritele ja hooajaliseks kasutamiseks.<br \/>\nLisaks hoiab +8 \u00b0C temperatuuri s\u00e4ilitusfunktsioon t\u00fchjades ruumides stabiilset temperatuuri, kaitstes neid liigse jahtumise eest.<\/span><\/p>\n<p>&nbsp;<\/p>\n<p>Toote PDF eng :<\/p>\n<p><a href=\"https:\/\/kliimakoda.ee\/pood\/wp-content\/uploads\/2026\/04\/EN-Orion-Evo-1.pdf\">EN-Orion-Evo-1<\/a><\/p>\n<p><a href=\"https:\/\/kliimakoda.ee\/pood\/wp-content\/uploads\/2026\/04\/Orion-Evo_Wifi-Manual_81101-009815.pdf\">Orion-Evo_Wifi-Manual_81101-009815<\/a><\/p>\n<p><a href=\"https:\/\/kliimakoda.ee\/pood\/wp-content\/uploads\/2026\/04\/Orion-Evo_User-Manual_81101-016451.pdf\">Orion-Evo_User-Manual_81101-016451<\/a><\/p>\n","protected":false},"featured_media":4079,"template":"","meta":{"ocean_post_layout":"","ocean_both_sidebars_style":"","ocean_both_sidebars_content_width":0,"ocean_both_sidebars_sidebars_width":0,"ocean_sidebar":"0","ocean_second_sidebar":"0","ocean_disable_margins":"enable","ocean_add_body_class":"","ocean_shortcode_before_top_bar":"","ocean_shortcode_after_top_bar":"","ocean_shortcode_before_header":"","ocean_shortcode_after_header":"","ocean_has_shortcode":"","ocean_shortcode_after_title":"","ocean_shortcode_before_footer_widgets":"","ocean_shortcode_after_footer_widgets":"","ocean_shortcode_before_footer_bottom":"","ocean_shortcode_after_footer_bottom":"","ocean_display_top_bar":"default","ocean_display_header":"default","ocean_header_style":"","ocean_center_header_left_menu":"0","ocean_custom_header_template":"0","ocean_custom_logo":0,"ocean_custom_retina_logo":0,"ocean_custom_logo_max_width":0,"ocean_custom_logo_tablet_max_width":0,"ocean_custom_logo_mobile_max_width":0,"ocean_custom_logo_max_height":0,"ocean_custom_logo_tablet_max_height":0,"ocean_custom_logo_mobile_max_height":0,"ocean_header_custom_menu":"0","ocean_menu_typo_font_family":"0","ocean_menu_typo_font_subset":"","ocean_menu_typo_font_size":0,"ocean_menu_typo_font_size_tablet":0,"ocean_menu_typo_font_size_mobile":0,"ocean_menu_typo_font_size_unit":"px","ocean_menu_typo_font_weight":"","ocean_menu_typo_font_weight_tablet":"","ocean_menu_typo_font_weight_mobile":"","ocean_menu_typo_transform":"","ocean_menu_typo_transform_tablet":"","ocean_menu_typo_transform_mobile":"","ocean_menu_typo_line_height":0,"ocean_menu_typo_line_height_tablet":0,"ocean_menu_typo_line_height_mobile":0,"ocean_menu_typo_line_height_unit":"","ocean_menu_typo_spacing":0,"ocean_menu_typo_spacing_tablet":0,"ocean_menu_typo_spacing_mobile":0,"ocean_menu_typo_spacing_unit":"","ocean_menu_link_color":"","ocean_menu_link_color_hover":"","ocean_menu_link_color_active":"","ocean_menu_link_background":"","ocean_menu_link_hover_background":"","ocean_menu_link_active_background":"","ocean_menu_social_links_bg":"","ocean_menu_social_hover_links_bg":"","ocean_menu_social_links_color":"","ocean_menu_social_hover_links_color":"","ocean_disable_title":"default","ocean_disable_heading":"default","ocean_post_title":"","ocean_post_subheading":"","ocean_post_title_style":"","ocean_post_title_background_color":"","ocean_post_title_background":0,"ocean_post_title_bg_image_position":"","ocean_post_title_bg_image_attachment":"","ocean_post_title_bg_image_repeat":"","ocean_post_title_bg_image_size":"","ocean_post_title_height":0,"ocean_post_title_bg_overlay":0.5,"ocean_post_title_bg_overlay_color":"","ocean_disable_breadcrumbs":"default","ocean_breadcrumbs_color":"","ocean_breadcrumbs_separator_color":"","ocean_breadcrumbs_links_color":"","ocean_breadcrumbs_links_hover_color":"","ocean_display_footer_widgets":"default","ocean_display_footer_bottom":"default","ocean_custom_footer_template":"0"},"product_brand":[],"product_cat":[249,59,62,250],"product_tag":[],"class_list":{"0":"post-4091","1":"product","2":"type-product","3":"status-publish","4":"has-post-thumbnail","6":"product_cat-jahutusseade-nordis","7":"product_cat-jahutusseadmed","8":"product_cat-ohksoojuspumbad","9":"product_cat-ohksoojuspumbad-nordis","11":"entry","12":"has-media","14":"first","15":"instock","16":"taxable","17":"shipping-taxable","18":"purchasable","19":"product-type-simple","20":"has-product-nav","21":"col","22":"span_1_of_4","23":"owp-content-center","24":"owp-thumbs-layout-horizontal","25":"owp-btn-normal","26":"owp-tabs-layout-horizontal"},"_links":{"self":[{"href":"https:\/\/kliimakoda.ee\/pood\/wp-json\/wp\/v2\/product\/4091","targetHints":{"allow":["GET"]}}],"collection":[{"href":"https:\/\/kliimakoda.ee\/pood\/wp-json\/wp\/v2\/product"}],"about":[{"href":"https:\/\/kliimakoda.ee\/pood\/wp-json\/wp\/v2\/types\/product"}],"wp:featuredmedia":[{"embeddable":true,"href":"https:\/\/kliimakoda.ee\/pood\/wp-json\/wp\/v2\/media\/4079"}],"wp:attachment":[{"href":"https:\/\/kliimakoda.ee\/pood\/wp-json\/wp\/v2\/media?parent=4091"}],"wp:term":[{"taxonomy":"product_brand","embeddable":true,"href":"https:\/\/kliimakoda.ee\/pood\/wp-json\/wp\/v2\/product_brand?post=4091"},{"taxonomy":"product_cat","embeddable":true,"href":"https:\/\/kliimakoda.ee\/pood\/wp-json\/wp\/v2\/product_cat?post=4091"},{"taxonomy":"product_tag","embeddable":true,"href":"https:\/\/kliimakoda.ee\/pood\/wp-json\/wp\/v2\/product_tag?post=4091"}],"curies":[{"name":"wp","href":"https:\/\/api.w.org\/{rel}","templated":true}]}}