{"id":3978,"date":"2025-10-29T08:39:04","date_gmt":"2025-10-29T08:39:04","guid":{"rendered":"https:\/\/kliimakoda.ee\/pood\/?post_type=product&#038;p=3978"},"modified":"2025-10-29T08:39:04","modified_gmt":"2025-10-29T08:39:04","slug":"hisense-hi-therma-ahs-044hcdsaa-23-ahw-044hcds1-4kw-integreeritud-230l-tarbeveeboileriga","status":"publish","type":"product","link":"https:\/\/kliimakoda.ee\/pood\/toode\/hisense-hi-therma-ahs-044hcdsaa-23-ahw-044hcds1-4kw-integreeritud-230l-tarbeveeboileriga\/","title":{"rendered":"Hisense Hi-Therma AHS-044HCDSAA-23\/AHW-044HCDS1 4kw integreeritud 230l tarbeveeboileriga"},"content":{"rendered":"<p><strong>Hisense Hi-Therma \u00f5hk-vesi soojuspump \u2013 T\u00f5hus lahendus k\u00fctmiseks, jahutamiseks ja sooja tarbevee tootmiseks<\/strong><\/p>\n<p>Hisense Hi-Therma \u00fchendab nutikad juhtimisv\u00f5imalused, energiat\u00f5hususe ja v\u00f5imekuse t\u00f6\u00f6tada ka ekstreemsetes ilmastikuoludes. See sobib suurep\u00e4raselt nii uusehitistesse kui ka renoveeritavatesse kodudesse, pakkudes parimat lahendust k\u00fctmiseks, jahutamiseks ja tarbevee tootmiseks \u2013 aastaringselt.<\/p>\n<hr \/>\n<h3><strong>S\u00e4\u00e4sta k\u00fcttekuludelt kuni 80%!<\/strong><\/h3>\n<p>Hisense Hi-Therma kasutab \u00f5hus leiduvat taastuvenergiat, muutes selle efektiivselt soojuseks. T\u00e4nu invertertehnoloogiale ja k\u00f5rgele energiat\u00f5hususe klassile A+++ v\u00f5ib soojuspump aidata v\u00e4hendada k\u00fcttekulusid kuni 80% v\u00f5rreldes traditsiooniliste k\u00fcttes\u00fcsteemidega.<\/p>\n<hr \/>\n<h3><strong>Kindel k\u00fctteallikas ka k\u00fclmadel talvep\u00e4evadel<\/strong><\/h3>\n<p>Hi-Therma t\u00f6\u00f6tab usaldusv\u00e4\u00e4rselt ka \u00e4\u00e4rmuslikes tingimustes \u2013 isegi kuni\u00a0<strong>\u201325\u00b0C<\/strong>\u00a0v\u00e4listemperatuuri juures. Tarbevee temperatuur v\u00f5ib ulatuda kuni\u00a0<strong>75\u00b0C<\/strong>, tagades koduse mugavuse iga ilmaga.<\/p>\n<hr \/>\n<h3><strong>Juhtige mugavalt \u2013 igal ajal, igalt poolt<\/strong><\/h3>\n<p>Varustatud nutika Wi-Fi juhtimisega, v\u00f5imaldab Hisense Hi-Therma s\u00fcsteemi haldamist nutitelefoni v\u00f5i tahvelarvuti kaudu \u2013 isegi siis, kui te ise kodus ei viibi. Lisaks tagab\u00a0<strong>t\u00e4isv\u00e4rviline ekraan<\/strong>\u00a0kiire ja intuitiivse seadistuse.<\/p>\n<hr \/>\n<h3><strong>Mitmek\u00fclgsus ja paindlikkus igasse kodusse<\/strong><\/h3>\n<ul>\n<li><strong>Kahe k\u00fctteringi juhtimine<\/strong>\u00a0\u2013 eraldi tsoonide reguleerimine<\/li>\n<li><strong>P\u00f5randak\u00fctte tugi kuni 7 tsoonile<\/strong><\/li>\n<li><strong>Basseini k\u00fctmise v\u00f5imalus<\/strong><\/li>\n<li><strong>Smart Grid valmisolek<\/strong>\u00a0\u2013 optimeerib tarbimist vastavalt b\u00f6rsihindadele<\/li>\n<li><strong>Bivalents\u00fcsteemi v\u00f5imalus<\/strong>\u00a0\u2013 t\u00f6\u00f6tab koos teiste k\u00fctteallikatega<\/li>\n<li><strong>Lihtne seadistamine \u00fche klikiga<\/strong><\/li>\n<\/ul>\n<hr \/>\n<h3><strong>Keskkonnas\u00f5bralik ja tulevikukindel lahendus<\/strong><\/h3>\n<p>Hisense Hi-Therma kasutab\u00a0<strong>R32 k\u00fclmaainet<\/strong>, mis on efektiivne ja madala globaalse soojenemise potentsiaaliga. Toode vastab k\u00f5igile Euroopa F-Gas m\u00e4\u00e4rustele ning aitab oluliselt v\u00e4hendada s\u00fcsinikujalaj\u00e4lge.<\/p>\n<hr \/>\n<h3><strong>Hisense Hi-Therma \u2013 energiat\u00f5hus ja vaikne t\u00f6\u00f6 usaldusv\u00e4\u00e4rsest tootjast<\/strong><\/h3>\n<p>S\u00fcsteemi vaikne \u00f6\u00f6re\u017eiim, v\u00f5imalus \u00fchendada p\u00e4ikesepaneelidega ning t\u00f5husus igas olukorras teevad sellest tippklassi valiku igale koduomanikule.<\/p>\n<p>&nbsp;<\/p>\n<p><img loading=\"lazy\" decoding=\"async\" class=\"alignnone  wp-image-3974\" src=\"https:\/\/kliimakoda.ee\/pood\/wp-content\/uploads\/2025\/10\/Hisense3-226x300.png\" alt=\"\" width=\"644\" height=\"855\" \/><\/p>\n","protected":false},"excerpt":{"rendered":"<p>Hi-Therma Integra 4kw<br \/>\nKahe k\u00fctteringi juhtimine<br \/>\nEnergiaklass A+++<br \/>\nBasseini k\u00fctmise funktsioon<br \/>\nRoostevabast terasest tarbeveeboiler<br \/>\n\u00dche kliki konfiguratsioon<br \/>\nV\u00e4rviline display<br \/>\nSmart Grid kontaktid b\u00f6rsihinna j\u00e4lgimiseks<br \/>\nV\u00e4lise katla (k\u00fctteallika) juhtimine (bivalent punkt)<\/p>\n<table class=\"woocommerce-product-attributes shop_attributes\" aria-label=\"Product Details\">\n<tbody>\n<tr class=\"woocommerce-product-attributes-item woocommerce-product-attributes-item--attribute_energiaklass\">\n<th class=\"woocommerce-product-attributes-item__label\" scope=\"row\">Energiaklass<\/th>\n<td class=\"woocommerce-product-attributes-item__value\">A+++<\/td>\n<\/tr>\n<tr class=\"woocommerce-product-attributes-item woocommerce-product-attributes-item--attribute_t%c3%b6%c3%b6temperatuur\">\n<th class=\"woocommerce-product-attributes-item__label\" scope=\"row\">T\u00f6\u00f6temperatuur<\/th>\n<td class=\"woocommerce-product-attributes-item__value\">-25 kuni +35<\/td>\n<\/tr>\n<tr class=\"woocommerce-product-attributes-item woocommerce-product-attributes-item--attribute_t%c3%b6%c3%b6pind\">\n<th class=\"woocommerce-product-attributes-item__label\" scope=\"row\">T\u00f6\u00f6pind<\/th>\n<td class=\"woocommerce-product-attributes-item__value\">100m2<\/td>\n<\/tr>\n<tr class=\"woocommerce-product-attributes-item woocommerce-product-attributes-item--attribute_dhw-tarbevesi\">\n<th class=\"woocommerce-product-attributes-item__label\" scope=\"row\">DHW (tarbevesi)<\/th>\n<td class=\"woocommerce-product-attributes-item__value\">Kuni +60\u00b0C ( lisak\u00fctteseadmega kuni +75\u00b0C )<\/td>\n<\/tr>\n<\/tbody>\n<\/table>\n<p>&nbsp;<\/p>\n<p>Wifi ei kuulu hinda!<\/p>\n<p>Transport pole hinnas<\/p>\n<p>Toote PDF : <a href=\"https:\/\/kliimakoda.ee\/pood\/wp-content\/uploads\/2025\/10\/Hisense-Hi-Therma-Catalog-2024_pdf.pdf\">Hisense Hi-Therma Catalog 2024_pdf<\/a><\/p>\n","protected":false},"featured_media":3960,"template":"","meta":{"ocean_post_layout":"","ocean_both_sidebars_style":"","ocean_both_sidebars_content_width":0,"ocean_both_sidebars_sidebars_width":0,"ocean_sidebar":"0","ocean_second_sidebar":"0","ocean_disable_margins":"enable","ocean_add_body_class":"","ocean_shortcode_before_top_bar":"","ocean_shortcode_after_top_bar":"","ocean_shortcode_before_header":"","ocean_shortcode_after_header":"","ocean_has_shortcode":"","ocean_shortcode_after_title":"","ocean_shortcode_before_footer_widgets":"","ocean_shortcode_after_footer_widgets":"","ocean_shortcode_before_footer_bottom":"","ocean_shortcode_after_footer_bottom":"","ocean_display_top_bar":"default","ocean_display_header":"default","ocean_header_style":"","ocean_center_header_left_menu":"0","ocean_custom_header_template":"0","ocean_custom_logo":0,"ocean_custom_retina_logo":0,"ocean_custom_logo_max_width":0,"ocean_custom_logo_tablet_max_width":0,"ocean_custom_logo_mobile_max_width":0,"ocean_custom_logo_max_height":0,"ocean_custom_logo_tablet_max_height":0,"ocean_custom_logo_mobile_max_height":0,"ocean_header_custom_menu":"0","ocean_menu_typo_font_family":"0","ocean_menu_typo_font_subset":"","ocean_menu_typo_font_size":0,"ocean_menu_typo_font_size_tablet":0,"ocean_menu_typo_font_size_mobile":0,"ocean_menu_typo_font_size_unit":"px","ocean_menu_typo_font_weight":"","ocean_menu_typo_font_weight_tablet":"","ocean_menu_typo_font_weight_mobile":"","ocean_menu_typo_transform":"","ocean_menu_typo_transform_tablet":"","ocean_menu_typo_transform_mobile":"","ocean_menu_typo_line_height":0,"ocean_menu_typo_line_height_tablet":0,"ocean_menu_typo_line_height_mobile":0,"ocean_menu_typo_line_height_unit":"","ocean_menu_typo_spacing":0,"ocean_menu_typo_spacing_tablet":0,"ocean_menu_typo_spacing_mobile":0,"ocean_menu_typo_spacing_unit":"","ocean_menu_link_color":"","ocean_menu_link_color_hover":"","ocean_menu_link_color_active":"","ocean_menu_link_background":"","ocean_menu_link_hover_background":"","ocean_menu_link_active_background":"","ocean_menu_social_links_bg":"","ocean_menu_social_hover_links_bg":"","ocean_menu_social_links_color":"","ocean_menu_social_hover_links_color":"","ocean_disable_title":"default","ocean_disable_heading":"default","ocean_post_title":"","ocean_post_subheading":"","ocean_post_title_style":"","ocean_post_title_background_color":"","ocean_post_title_background":0,"ocean_post_title_bg_image_position":"","ocean_post_title_bg_image_attachment":"","ocean_post_title_bg_image_repeat":"","ocean_post_title_bg_image_size":"","ocean_post_title_height":0,"ocean_post_title_bg_overlay":0.5,"ocean_post_title_bg_overlay_color":"","ocean_disable_breadcrumbs":"default","ocean_breadcrumbs_color":"","ocean_breadcrumbs_separator_color":"","ocean_breadcrumbs_links_color":"","ocean_breadcrumbs_links_hover_color":"","ocean_display_footer_widgets":"default","ocean_display_footer_bottom":"default","ocean_custom_footer_template":"0"},"product_brand":[],"product_cat":[247,101],"product_tag":[],"class_list":{"0":"post-3978","1":"product","2":"type-product","3":"status-publish","4":"has-post-thumbnail","6":"product_cat-ohk-vesi-hisense-ohk-vesi-soojuspumbad","7":"product_cat-ohk-vesi-soojuspumbad","9":"entry","10":"has-media","12":"first","13":"instock","14":"taxable","15":"shipping-taxable","16":"purchasable","17":"product-type-simple","18":"has-product-nav","19":"col","20":"span_1_of_4","21":"owp-content-center","22":"owp-thumbs-layout-horizontal","23":"owp-btn-normal","24":"owp-tabs-layout-horizontal","25":"has-no-thumbnails"},"_links":{"self":[{"href":"https:\/\/kliimakoda.ee\/pood\/wp-json\/wp\/v2\/product\/3978","targetHints":{"allow":["GET"]}}],"collection":[{"href":"https:\/\/kliimakoda.ee\/pood\/wp-json\/wp\/v2\/product"}],"about":[{"href":"https:\/\/kliimakoda.ee\/pood\/wp-json\/wp\/v2\/types\/product"}],"wp:featuredmedia":[{"embeddable":true,"href":"https:\/\/kliimakoda.ee\/pood\/wp-json\/wp\/v2\/media\/3960"}],"wp:attachment":[{"href":"https:\/\/kliimakoda.ee\/pood\/wp-json\/wp\/v2\/media?parent=3978"}],"wp:term":[{"taxonomy":"product_brand","embeddable":true,"href":"https:\/\/kliimakoda.ee\/pood\/wp-json\/wp\/v2\/product_brand?post=3978"},{"taxonomy":"product_cat","embeddable":true,"href":"https:\/\/kliimakoda.ee\/pood\/wp-json\/wp\/v2\/product_cat?post=3978"},{"taxonomy":"product_tag","embeddable":true,"href":"https:\/\/kliimakoda.ee\/pood\/wp-json\/wp\/v2\/product_tag?post=3978"}],"curies":[{"name":"wp","href":"https:\/\/api.w.org\/{rel}","templated":true}]}}