{"id":3894,"date":"2025-08-13T06:21:13","date_gmt":"2025-08-13T06:21:13","guid":{"rendered":"https:\/\/kliimakoda.ee\/pood\/?post_type=product&#038;p=3894"},"modified":"2026-03-09T07:28:25","modified_gmt":"2026-03-09T07:28:25","slug":"midea-solstice-ez-18","status":"publish","type":"product","link":"https:\/\/kliimakoda.ee\/pood\/toode\/midea-solstice-ez-18\/","title":{"rendered":"Midea Solstice EZ 18"},"content":{"rendered":"<h2 class=\"technical-info-title\">Tehnilised andmed<\/h2>\n<div class=\"technical-info-table\">\n<table class=\"table\">\n<thead>\n<tr>\n<th>Tootja<\/th>\n<th>Midea<\/th>\n<th>Midea<\/th>\n<th>Midea<\/th>\n<th>Midea<\/th>\n<\/tr>\n<tr>\n<th>Mudel<\/th>\n<th>Solstice EZ 09<\/th>\n<th>Solstice EZ 12<\/th>\n<th>Solstice EZ 18<\/th>\n<th>Solstice EZ 24<\/th>\n<\/tr>\n<tr>\n<th><span class=\"table-title\">K\u00f6etav pind<\/span><\/th>\n<th><span class=\"product-name\">kuni 40 m\u00b2<\/span><\/th>\n<th><span class=\"product-name\">kuni 55 m\u00b2<\/span><\/th>\n<th><span class=\"product-name\">kuni 75 m\u00b2<\/span><\/th>\n<th><span class=\"product-name\">kuni 105 m\u00b2<\/span><\/th>\n<\/tr>\n<tr>\n<th><span class=\"table-title\">Jahutatav pind<\/span><\/th>\n<th><span class=\"product-name\">kuni 25 m2<\/span><\/th>\n<th><span class=\"product-name\">kuni 35 m2<\/span><\/th>\n<th><span class=\"product-name\">kuni 50 m2<\/span><\/th>\n<th><span class=\"product-name\">kuni 70 m2<\/span><\/th>\n<\/tr>\n<\/thead>\n<tbody>\n<tr>\n<td>Tootekood<\/td>\n<td>EZB-09RD6-I + EZ-09RD6H-O<\/td>\n<td>EZB-12RD6-I + EZ-12RD6H-O<\/td>\n<td>EZB-18RD6-I + EZ-18RD6H-O<\/td>\n<td>EZB-24RD6-I + EZ-24RD6H-O<\/td>\n<\/tr>\n<tr>\n<td>K\u00fcttev\u00f5imsus (Min.\/Nom.\/Max.)<\/td>\n<td>0.8\/2.9\/3.7 kW<\/td>\n<td>1.1\/3.8\/4.1 kW<\/td>\n<td>1.4\/5.4\/6.8 kW<\/td>\n<td>1.6\/7.3\/9.4 kW<\/td>\n<\/tr>\n<tr>\n<td>Jahutusv\u00f5imsus (Min.\/Nom.\/Max.)<\/td>\n<td>1.0\/2.6\/3.5 kW<\/td>\n<td>1.4\/3.5\/4.0 kW<\/td>\n<td>2.0\/5.0\/6.1 kW<\/td>\n<td>2.2\/7.0\/8.8 kW<\/td>\n<\/tr>\n<tr>\n<td>Toote t\u00fc\u00fcp<\/td>\n<td>\u00d5hksoojuspump<\/td>\n<td>\u00d5hksoojuspump<\/td>\n<td>\u00d5hksoojuspump<\/td>\n<td>\u00d5hksoojuspump<\/td>\n<\/tr>\n<tr>\n<td>Energiaklass<\/td>\n<td>A+++\/A+++<\/td>\n<td>A+++\/A+++<\/td>\n<td>A+++\/A+++<\/td>\n<td>A+++\/A+++<\/td>\n<\/tr>\n<tr>\n<td>SCOP<\/td>\n<td>4.6<\/td>\n<td>4.6<\/td>\n<td>4.6<\/td>\n<td>4.6<\/td>\n<\/tr>\n<tr>\n<td>Garantii<\/td>\n<td>2 aastat<\/td>\n<td>2 aastat<\/td>\n<td>2 aastat<\/td>\n<td>2 aastat<\/td>\n<\/tr>\n<tr>\n<td>WiFi nutikas kaugjuhtimine<\/td>\n<td>Jah<\/td>\n<td>Jah<\/td>\n<td>Jah<\/td>\n<td>Jah<\/td>\n<\/tr>\n<tr>\n<td>T\u00f6\u00f6piir (Jahutus)<\/td>\n<td>-15 ~ 50 \u00b0C<\/td>\n<td>-15 ~ 50 \u00b0C<\/td>\n<td>-15 ~ 50 \u00b0C<\/td>\n<td>-15 ~ 50 \u00b0C<\/td>\n<\/tr>\n<tr>\n<td>T\u00f6\u00f6piir (K\u00fcte)<\/td>\n<td>-25 ~ 24 \u00b0C<\/td>\n<td>-25 ~ 24 \u00b0C<\/td>\n<td>-25 ~ 24 \u00b0C<\/td>\n<td>-25 ~ 24 \u00b0C<\/td>\n<\/tr>\n<tr>\n<td>K\u00fclmaaine<\/td>\n<td>R32<\/td>\n<td>R32<\/td>\n<td>R32<\/td>\n<td>R32<\/td>\n<\/tr>\n<tr>\n<td>Torustiku m\u00f5\u00f5t (Vedel\/Gaas)<\/td>\n<td>6.35\/9.5 mm<\/td>\n<td>6.35\/9.5 mm<\/td>\n<td>6.35\/12.7 mm<\/td>\n<td>6.35\/12.7 mm<\/td>\n<\/tr>\n<tr>\n<td>Maksimaalne k\u00f5rguste vahe<\/td>\n<td>10 m<\/td>\n<td>10 m<\/td>\n<td>20 m<\/td>\n<td>25 m<\/td>\n<\/tr>\n<tr>\n<td>Maksimaalne trassi pikkus<\/td>\n<td>25 m<\/td>\n<td>25 m<\/td>\n<td>30 m<\/td>\n<td>50 m<\/td>\n<\/tr>\n<tr>\n<td>Toitepinge<\/td>\n<td>220-240\/1\/50 V\/Ph\/Hz<\/td>\n<td>220-240\/1\/50 V\/Ph\/Hz<\/td>\n<td>220-240\/1\/50 V\/Ph\/Hz<\/td>\n<td>220-240\/1\/50 V\/Ph\/Hz<\/td>\n<\/tr>\n<tr>\n<td>Kaitseautomaat<\/td>\n<td>10 A<\/td>\n<td>10 A<\/td>\n<td>13.5 A<\/td>\n<td>19 A<\/td>\n<\/tr>\n<tr>\n<td>K\u00fcttev\u00f5imsus (Nom.)<\/td>\n<td>2.9 kW<\/td>\n<td>3.8 kW<\/td>\n<td>5.4 kW<\/td>\n<td>7.3 kW<\/td>\n<\/tr>\n<tr>\n<td>Jahutusv\u00f5imsus (Nom.)<\/td>\n<td>2.6 kW<\/td>\n<td>3.5 kW<\/td>\n<td>5.0 kW<\/td>\n<td>7.0 kW<\/td>\n<\/tr>\n<tr>\n<td>V\u00f5imaldab mitu siseosa<\/td>\n<td>Jah<\/td>\n<td>Jah<\/td>\n<td>Jah<\/td>\n<td>Jah<\/td>\n<\/tr>\n<tr>\n<td class=\"row-subheader\" colspan=\"5\">Siseosa<\/td>\n<\/tr>\n<tr>\n<td>Siseosa kaal<\/td>\n<td>7.5 kg<\/td>\n<td>8 kg<\/td>\n<td>10.2 kg<\/td>\n<td>13 kg<\/td>\n<\/tr>\n<tr>\n<td>Siseosa m\u00f5\u00f5dud (laius x k\u00f5rgus x s\u00fcgavus)<\/td>\n<td>723x286x199 mm<\/td>\n<td>813x289x201 mm<\/td>\n<td>975x308x218 mm<\/td>\n<td>1055x330x231 mm<\/td>\n<\/tr>\n<tr>\n<td>M\u00fcratase siseseade<\/td>\n<td>39\/34\/25\/19.0 dB(A)<\/td>\n<td>39\/32\/26\/20 dB(A)<\/td>\n<td>43\/36\/28\/21.5 dB(A)<\/td>\n<td>46\/39.5\/32.5\/21.5 dB(A)<\/td>\n<\/tr>\n<tr>\n<td class=\"row-subheader\" colspan=\"5\">V\u00e4lisosa<\/td>\n<\/tr>\n<tr>\n<td>V\u00e4lisosa kaal<\/td>\n<td>23.1 kg<\/td>\n<td>23.1 kg<\/td>\n<td>37.8 kg<\/td>\n<td>41 kg<\/td>\n<\/tr>\n<tr>\n<td>V\u00e4lisosa m\u00f5\u00f5dud (laius x k\u00f5rgus x s\u00fcgavus)<\/td>\n<td>765x555x303 mm<\/td>\n<td>765x555x303 mm<\/td>\n<td>890x673x342 mm<\/td>\n<td>890x673x342 mm<\/td>\n<\/tr>\n<tr>\n<td>M\u00fcratase v\u00e4lisosa<\/td>\n<td>54 dB(A)<\/td>\n<td>55 dB(A)<\/td>\n<td>57 dB(A)<\/td>\n<td>60 dB(A)<\/td>\n<\/tr>\n<\/tbody>\n<\/table>\n<\/div>\n","protected":false},"excerpt":{"rendered":"<p><span data-olk-copy-source=\"MessageBody\">Kauaoodatud\u00a0<strong>uus<\/strong>\u00a0<strong>Midea Solstice EZ \u00f5hksoojuspump<\/strong>\u00a0on kohal!\u00a0<\/span><\/p>\n<p>Solstice EZ on varustatud uusima AI EcoMaster funktsiooniga, mis kasutab \u00fcliv\u00f5imsat tehisintellekti algoritmi, et tagada tippklassi energiat\u00f5hususe juhtimine isegi ilma interneti\u00fchendusega.\u00a0 Funktsioon v\u00f5imaldab energia s\u00e4\u00e4stmist\u00a0\u00fcle 30%.<\/p>\n<p>Sobib nii k\u00fctteks kui jahutuseks kuni -25\u2103.<\/p>\n<p>NB! Midea Solstice EZ \u00f5hksoojuspump sobib nii\u00a0<strong>spliti<\/strong>\u00a0kui ka\u00a0<strong>multi-spliti siseosaks<\/strong>. \u200b<\/p>\n<p>&nbsp;<\/p>\n<ul>\n<li>T\u00f6\u00f6tab k\u00fcttere\u017eiimis kuni -25\u00b0C<\/li>\n<li>AI EcoMaster algoritmiga<\/li>\n<li>Air Magic+ \u00f5hu steriliseerija<\/li>\n<li>Kiire k\u00fctte ja jahutus funktsioon<\/li>\n<li>WIFI kontroller standardvarustuses<\/li>\n<li>Keskonnas\u00f5bralik R32 k\u00fclmaaine<\/li>\n<\/ul>\n<div><span class=\"product-select-title\">K\u00f6etav pind<\/span>kuni 75 m\u00b2<\/div>\n<div><span class=\"product-select-title\">Jahutatav pind<\/span>kuni 50 m2<\/div>\n<div><\/div>\n<div>\n<p>Toote pdf<\/p>\n<p><a href=\"https:\/\/kliimakoda.ee\/pood\/wp-content\/uploads\/2025\/08\/Solstice-EZ-leaflet.pdf\">Solstice EZ leaflet<\/a> <a href=\"https:\/\/kliimakoda.ee\/pood\/wp-content\/uploads\/2025\/08\/MIDEA_-EZ_User-and-Installation-manual-ENEELTLVRU.pdf\">MIDEA_<\/a><\/p>\n<p><a href=\"https:\/\/kliimakoda.ee\/pood\/wp-content\/uploads\/2025\/08\/MIDEA_-EZ_User-and-Installation-manual-ENEELTLVRU.pdf\"> EZ_User and Installation manual EN,EE,LT,LV,RU<\/a><\/p>\n<\/div>\n","protected":false},"featured_media":3885,"template":"","meta":{"ocean_post_layout":"","ocean_both_sidebars_style":"","ocean_both_sidebars_content_width":0,"ocean_both_sidebars_sidebars_width":0,"ocean_sidebar":"0","ocean_second_sidebar":"0","ocean_disable_margins":"enable","ocean_add_body_class":"","ocean_shortcode_before_top_bar":"","ocean_shortcode_after_top_bar":"","ocean_shortcode_before_header":"","ocean_shortcode_after_header":"","ocean_has_shortcode":"","ocean_shortcode_after_title":"","ocean_shortcode_before_footer_widgets":"","ocean_shortcode_after_footer_widgets":"","ocean_shortcode_before_footer_bottom":"","ocean_shortcode_after_footer_bottom":"","ocean_display_top_bar":"default","ocean_display_header":"default","ocean_header_style":"","ocean_center_header_left_menu":"0","ocean_custom_header_template":"0","ocean_custom_logo":0,"ocean_custom_retina_logo":0,"ocean_custom_logo_max_width":0,"ocean_custom_logo_tablet_max_width":0,"ocean_custom_logo_mobile_max_width":0,"ocean_custom_logo_max_height":0,"ocean_custom_logo_tablet_max_height":0,"ocean_custom_logo_mobile_max_height":0,"ocean_header_custom_menu":"0","ocean_menu_typo_font_family":"0","ocean_menu_typo_font_subset":"","ocean_menu_typo_font_size":0,"ocean_menu_typo_font_size_tablet":0,"ocean_menu_typo_font_size_mobile":0,"ocean_menu_typo_font_size_unit":"px","ocean_menu_typo_font_weight":"","ocean_menu_typo_font_weight_tablet":"","ocean_menu_typo_font_weight_mobile":"","ocean_menu_typo_transform":"","ocean_menu_typo_transform_tablet":"","ocean_menu_typo_transform_mobile":"","ocean_menu_typo_line_height":0,"ocean_menu_typo_line_height_tablet":0,"ocean_menu_typo_line_height_mobile":0,"ocean_menu_typo_line_height_unit":"","ocean_menu_typo_spacing":0,"ocean_menu_typo_spacing_tablet":0,"ocean_menu_typo_spacing_mobile":0,"ocean_menu_typo_spacing_unit":"","ocean_menu_link_color":"","ocean_menu_link_color_hover":"","ocean_menu_link_color_active":"","ocean_menu_link_background":"","ocean_menu_link_hover_background":"","ocean_menu_link_active_background":"","ocean_menu_social_links_bg":"","ocean_menu_social_hover_links_bg":"","ocean_menu_social_links_color":"","ocean_menu_social_hover_links_color":"","ocean_disable_title":"default","ocean_disable_heading":"default","ocean_post_title":"","ocean_post_subheading":"","ocean_post_title_style":"","ocean_post_title_background_color":"","ocean_post_title_background":0,"ocean_post_title_bg_image_position":"","ocean_post_title_bg_image_attachment":"","ocean_post_title_bg_image_repeat":"","ocean_post_title_bg_image_size":"","ocean_post_title_height":0,"ocean_post_title_bg_overlay":0.5,"ocean_post_title_bg_overlay_color":"","ocean_disable_breadcrumbs":"default","ocean_breadcrumbs_color":"","ocean_breadcrumbs_separator_color":"","ocean_breadcrumbs_links_color":"","ocean_breadcrumbs_links_hover_color":"","ocean_display_footer_widgets":"default","ocean_display_footer_bottom":"default","ocean_custom_footer_template":"0"},"product_brand":[],"product_cat":[59,81,62,97],"product_tag":[],"class_list":{"0":"post-3894","1":"product","2":"type-product","3":"status-publish","4":"has-post-thumbnail","6":"product_cat-jahutusseadmed","7":"product_cat-jahutusseadmed-midea","8":"product_cat-ohksoojuspumbad","9":"product_cat-ohksoojuspumbad-midea","11":"entry","12":"has-media","14":"first","15":"instock","16":"taxable","17":"shipping-taxable","18":"purchasable","19":"product-type-simple","20":"has-product-nav","21":"col","22":"span_1_of_4","23":"owp-content-center","24":"owp-thumbs-layout-horizontal","25":"owp-btn-normal","26":"owp-tabs-layout-horizontal"},"_links":{"self":[{"href":"https:\/\/kliimakoda.ee\/pood\/wp-json\/wp\/v2\/product\/3894","targetHints":{"allow":["GET"]}}],"collection":[{"href":"https:\/\/kliimakoda.ee\/pood\/wp-json\/wp\/v2\/product"}],"about":[{"href":"https:\/\/kliimakoda.ee\/pood\/wp-json\/wp\/v2\/types\/product"}],"wp:featuredmedia":[{"embeddable":true,"href":"https:\/\/kliimakoda.ee\/pood\/wp-json\/wp\/v2\/media\/3885"}],"wp:attachment":[{"href":"https:\/\/kliimakoda.ee\/pood\/wp-json\/wp\/v2\/media?parent=3894"}],"wp:term":[{"taxonomy":"product_brand","embeddable":true,"href":"https:\/\/kliimakoda.ee\/pood\/wp-json\/wp\/v2\/product_brand?post=3894"},{"taxonomy":"product_cat","embeddable":true,"href":"https:\/\/kliimakoda.ee\/pood\/wp-json\/wp\/v2\/product_cat?post=3894"},{"taxonomy":"product_tag","embeddable":true,"href":"https:\/\/kliimakoda.ee\/pood\/wp-json\/wp\/v2\/product_tag?post=3894"}],"curies":[{"name":"wp","href":"https:\/\/api.w.org\/{rel}","templated":true}]}}