{"id":3861,"date":"2025-07-10T07:13:38","date_gmt":"2025-07-10T07:13:38","guid":{"rendered":"https:\/\/kliimakoda.ee\/pood\/?post_type=product&#038;p=3861"},"modified":"2025-07-10T07:20:05","modified_gmt":"2025-07-10T07:20:05","slug":"portatiivne-nordcel-shiny-35-kw","status":"publish","type":"product","link":"https:\/\/kliimakoda.ee\/pood\/toode\/portatiivne-nordcel-shiny-35-kw\/","title":{"rendered":"Portatiivne Nordcel SHINY 3,5 kw"},"content":{"rendered":"<div class=\"blog-header\"><\/div>\n<div class=\"blog-separator\"><\/div>\n<div class=\"blog-content\">\n<p><a href=\"https:\/\/www.nordcel.ee\/uploads\/5\/6\/2\/1\/5621153\/shiny-display.jpg\"><img decoding=\"async\" class=\"galleryImageBorder wsite-image\" src=\"https:\/\/www.nordcel.ee\/uploads\/5\/6\/2\/1\/5621153\/editor\/shiny-display.jpg?1553871463\" alt=\"Picture\" \/><\/a><\/p>\n<div class=\"paragraph\">Tegu on siis t\u00e4iesti uudse kompressori tehnoloogiaga, mida pakutakse veel v\u00e4he, kuna seade kasutab keskkonnas\u00f5bralikku k\u00fclmaainet R290 (C3H8).<br \/>\nR290 gaasi eelis seniste kliimaseadmetes kasutatavate k\u00fclmaainetega on madal ODP (osooni kahandav koefitsient) koefitsient, mis on null ning v\u00e4ga madal GWP=3 (Globaalse soojenemise potentsiaal).<br \/>\nNende kahe koefitsiendi v\u00f5rdluses seni kasutusel olevate gaasidega on R290 gaasi m\u00f5ju keskkonnale madal*.<\/div>\n<hr \/>\n<div>\n<div class=\"wsite-multicol\">\n<div class=\"wsite-multicol-table-wrap\">\n<table class=\"wsite-multicol-table\">\n<tbody class=\"wsite-multicol-tbody\">\n<tr class=\"wsite-multicol-tr\">\n<td class=\"wsite-multicol-col\">\n<div>\n<div class=\"wsite-image wsite-image-border-none \">\n<p><a><img decoding=\"async\" src=\"https:\/\/www.nordcel.ee\/uploads\/5\/6\/2\/1\/5621153\/published\/dsc-0486.jpg?1554874489\" alt=\"Picture\" \/><\/a><\/p>\n<div>NSP19-12A3<\/div>\n<\/div>\n<\/div>\n<\/td>\n<td class=\"wsite-multicol-col\">\n<div>\n<div class=\"wsite-image wsite-image-border-none \">\n<p><a><img decoding=\"async\" src=\"https:\/\/www.nordcel.ee\/uploads\/5\/6\/2\/1\/5621153\/nordcel-shiny-hose_orig.jpg\" alt=\"Picture\" \/><\/a><\/p>\n<div><\/div>\n<\/div>\n<\/div>\n<div>\n<div><\/div>\n<div><\/div>\n<\/div>\n<p><a href=\"https:\/\/www.nordcel.ee\/uploads\/5\/6\/2\/1\/5621153\/nsp19-12a3_energy_label.jpg\"><img loading=\"lazy\" decoding=\"async\" class=\"galleryImageBorder wsite-image\" src=\"https:\/\/www.nordcel.ee\/uploads\/5\/6\/2\/1\/5621153\/published\/nsp19-12a3-energy-label.jpg?1554103917\" alt=\"Picture\" width=\"204\" height=\"425\" \/><\/a><\/p>\n<p>&nbsp;<\/p>\n<p>&nbsp;<\/p>\n<p>&nbsp;<\/p>\n<p>&nbsp;<\/p>\n<div class=\"paragraph\">\n<ul>\n<li>m\u00f5\u00f5dud: 770 x 315 x 395 (mm)<\/li>\n<li>jahutusv\u00f5imsus:\u00a03.52 kW<\/li>\n<li>\u00f5huhulk:\u00a0300-360 m3\/h<\/li>\n<li>elektritoide: 220-240 V, 1\/50 Hz<\/li>\n<li>kaal: 39kg<\/li>\n<\/ul>\n<\/div>\n<\/td>\n<\/tr>\n<\/tbody>\n<\/table>\n<\/div>\n<\/div>\n<\/div>\n<\/div>\n","protected":false},"excerpt":{"rendered":"<p>Mobiilne konditsioneer\u00a0<strong>Nordcel SHINY<\/strong>, kompaktne ja elegantne disain:<\/p>\n<ul>\n<li>Kiire jahutusv\u00f5imsus kuni 16 C<\/li>\n<li>Kaugjuhtimispult<\/li>\n<li>3 in 1: jahutus, kuivatus, ventilaator<\/li>\n<li>24 tunni taimer<\/li>\n<li>LED n\u00e4idikupaneel<\/li>\n<li>Unere\u017eiim<\/li>\n<li>Automaatne taask\u00e4ivitus<\/li>\n<li>0,5 kw energiakulu ootere\u017eiimil<\/li>\n<li>Isediagnoosiv<\/li>\n<li>Rattad<\/li>\n<li>Paigadustarvikud<\/li>\n<li>Ca 16-23 m2 jahutuseks<\/li>\n<\/ul>\n<p>Seade j\u00e4lgib ja kaitseb ennast j\u00e4\u00e4tumise, \u00fclekoormuse, \u00fclekuumenemise ja gaasilekke eest.<\/p>\n<p>PDF ja kasutusjuhend :<\/p>\n<p><a href=\"https:\/\/kliimakoda.ee\/pood\/wp-content\/uploads\/2025\/07\/A4_3mmb_Mobiilne-konditsioneer-Shiny_Nordcel_2024.pdf\">A4_3mmb_Mobiilne konditsioneer Shiny_Nordcel_2024<\/a><a href=\"https:\/\/kliimakoda.ee\/pood\/wp-content\/uploads\/2025\/07\/nsp19-12a3_kasutusjuhend_estkliimakoda.pdf\">nsp19-<\/a><\/p>\n<p><a href=\"https:\/\/kliimakoda.ee\/pood\/wp-content\/uploads\/2025\/07\/nsp19-12a3_kasutusjuhend_estkliimakoda.pdf\">12a3_kasutusjuhend_estkliimakoda<\/a><\/p>\n<p>&nbsp;<\/p>\n","protected":false},"featured_media":3866,"template":"","meta":{"ocean_post_layout":"","ocean_both_sidebars_style":"","ocean_both_sidebars_content_width":0,"ocean_both_sidebars_sidebars_width":0,"ocean_sidebar":"0","ocean_second_sidebar":"0","ocean_disable_margins":"enable","ocean_add_body_class":"","ocean_shortcode_before_top_bar":"","ocean_shortcode_after_top_bar":"","ocean_shortcode_before_header":"","ocean_shortcode_after_header":"","ocean_has_shortcode":"","ocean_shortcode_after_title":"","ocean_shortcode_before_footer_widgets":"","ocean_shortcode_after_footer_widgets":"","ocean_shortcode_before_footer_bottom":"","ocean_shortcode_after_footer_bottom":"","ocean_display_top_bar":"default","ocean_display_header":"default","ocean_header_style":"","ocean_center_header_left_menu":"0","ocean_custom_header_template":"0","ocean_custom_logo":0,"ocean_custom_retina_logo":0,"ocean_custom_logo_max_width":0,"ocean_custom_logo_tablet_max_width":0,"ocean_custom_logo_mobile_max_width":0,"ocean_custom_logo_max_height":0,"ocean_custom_logo_tablet_max_height":0,"ocean_custom_logo_mobile_max_height":0,"ocean_header_custom_menu":"0","ocean_menu_typo_font_family":"0","ocean_menu_typo_font_subset":"","ocean_menu_typo_font_size":0,"ocean_menu_typo_font_size_tablet":0,"ocean_menu_typo_font_size_mobile":0,"ocean_menu_typo_font_size_unit":"px","ocean_menu_typo_font_weight":"","ocean_menu_typo_font_weight_tablet":"","ocean_menu_typo_font_weight_mobile":"","ocean_menu_typo_transform":"","ocean_menu_typo_transform_tablet":"","ocean_menu_typo_transform_mobile":"","ocean_menu_typo_line_height":0,"ocean_menu_typo_line_height_tablet":0,"ocean_menu_typo_line_height_mobile":0,"ocean_menu_typo_line_height_unit":"","ocean_menu_typo_spacing":0,"ocean_menu_typo_spacing_tablet":0,"ocean_menu_typo_spacing_mobile":0,"ocean_menu_typo_spacing_unit":"","ocean_menu_link_color":"","ocean_menu_link_color_hover":"","ocean_menu_link_color_active":"","ocean_menu_link_background":"","ocean_menu_link_hover_background":"","ocean_menu_link_active_background":"","ocean_menu_social_links_bg":"","ocean_menu_social_hover_links_bg":"","ocean_menu_social_links_color":"","ocean_menu_social_hover_links_color":"","ocean_disable_title":"default","ocean_disable_heading":"default","ocean_post_title":"","ocean_post_subheading":"","ocean_post_title_style":"","ocean_post_title_background_color":"","ocean_post_title_background":0,"ocean_post_title_bg_image_position":"","ocean_post_title_bg_image_attachment":"","ocean_post_title_bg_image_repeat":"","ocean_post_title_bg_image_size":"","ocean_post_title_height":0,"ocean_post_title_bg_overlay":0.5,"ocean_post_title_bg_overlay_color":"","ocean_disable_breadcrumbs":"default","ocean_breadcrumbs_color":"","ocean_breadcrumbs_separator_color":"","ocean_breadcrumbs_links_color":"","ocean_breadcrumbs_links_hover_color":"","ocean_display_footer_widgets":"default","ocean_display_footer_bottom":"default","ocean_custom_footer_template":"0"},"product_brand":[],"product_cat":[59,244],"product_tag":[],"class_list":{"0":"post-3861","1":"product","2":"type-product","3":"status-publish","4":"has-post-thumbnail","6":"product_cat-jahutusseadmed","7":"product_cat-poratiivne-mobiiline-jahutusseade","9":"entry","10":"has-media","12":"first","13":"instock","14":"taxable","15":"shipping-taxable","16":"purchasable","17":"product-type-simple","18":"has-product-nav","19":"col","20":"span_1_of_4","21":"owp-content-center","22":"owp-thumbs-layout-horizontal","23":"owp-btn-normal","24":"owp-tabs-layout-horizontal"},"_links":{"self":[{"href":"https:\/\/kliimakoda.ee\/pood\/wp-json\/wp\/v2\/product\/3861","targetHints":{"allow":["GET"]}}],"collection":[{"href":"https:\/\/kliimakoda.ee\/pood\/wp-json\/wp\/v2\/product"}],"about":[{"href":"https:\/\/kliimakoda.ee\/pood\/wp-json\/wp\/v2\/types\/product"}],"wp:featuredmedia":[{"embeddable":true,"href":"https:\/\/kliimakoda.ee\/pood\/wp-json\/wp\/v2\/media\/3866"}],"wp:attachment":[{"href":"https:\/\/kliimakoda.ee\/pood\/wp-json\/wp\/v2\/media?parent=3861"}],"wp:term":[{"taxonomy":"product_brand","embeddable":true,"href":"https:\/\/kliimakoda.ee\/pood\/wp-json\/wp\/v2\/product_brand?post=3861"},{"taxonomy":"product_cat","embeddable":true,"href":"https:\/\/kliimakoda.ee\/pood\/wp-json\/wp\/v2\/product_cat?post=3861"},{"taxonomy":"product_tag","embeddable":true,"href":"https:\/\/kliimakoda.ee\/pood\/wp-json\/wp\/v2\/product_tag?post=3861"}],"curies":[{"name":"wp","href":"https:\/\/api.w.org\/{rel}","templated":true}]}}