{"id":3796,"date":"2025-04-29T09:25:17","date_gmt":"2025-04-29T09:25:17","guid":{"rendered":"https:\/\/kliimakoda.ee\/pood\/?post_type=product&#038;p=3796"},"modified":"2026-03-09T07:51:15","modified_gmt":"2026-03-09T07:51:15","slug":"midea-m-thermal-arctic-hbt-a100-190cds90gn8-b-mha-v8w-d2n8-b2-koos-190l-tarbeveeboileriga-8kw","status":"publish","type":"product","link":"https:\/\/kliimakoda.ee\/pood\/toode\/midea-m-thermal-arctic-hbt-a100-190cds90gn8-b-mha-v8w-d2n8-b2-koos-190l-tarbeveeboileriga-8kw\/","title":{"rendered":"Midea M-Thermal ARCTIC  HBT-A100\/190CDS90GN8-B\/MHA-V8W\/D2N8-B2 koos 190l tarbeveeboileriga 8kw"},"content":{"rendered":"","protected":false},"excerpt":{"rendered":"<ul>\n<li>Disain basalthall v\u00e4rvi v\u00e4lisseade<\/li>\n<li>Soe tarbevesi +65\u00b0C ilma lisak\u00fctteta<\/li>\n<li>Lisa k\u00fctteahela juhtimine<\/li>\n<li>Alfa Laval plaatsoojusvaheti<\/li>\n<li>Mitsubishi Electric twin rotary DC inverter kompressor<\/li>\n<li>WIFI kontroller standardvarustusesRoostevabast terasest boiler<\/li>\n<li>V\u00e4lise lisak\u00fctte juhtimine<\/li>\n<li>Kaskaadjuhtimine<\/li>\n<li>\n<div class=\"meta-label\">K\u00fcttev\u00f5imsus V\u00e4lis\u00f5hk +35\u00b0C\/ 7\u00b0C<\/div>\n<div class=\"meta-data\">8.30 kW<\/div>\n<\/li>\n<li>\n<div class=\"meta-label\">K\u00f6etav pind<\/div>\n<div class=\"meta-data\">kuni 160 m\u00b2<\/div>\n<\/li>\n<li>\n<div class=\"meta-label\">Energiaklass (35\u00b0\/55\u00b0)<\/div>\n<div class=\"meta-data\">A+++\/A++<\/div>\n<\/li>\n<li>\n<div class=\"meta-label\">Tarbeveeboileri maht<\/div>\n<div class=\"meta-data\">190 l<\/div>\n<\/li>\n<li>2a grantii<\/li>\n<\/ul>\n<p><a href=\"https:\/\/kliimakoda.ee\/pood\/wp-content\/uploads\/2025\/04\/Midea-M-Thermal-kataloog-EST-Kliimakoda123.pdf\">Midea-M-Thermal-kataloog-EST-Kliimakoda123<\/a><\/p>\n<p>&nbsp;<\/p>\n<p><a href=\"https:\/\/kliimakoda.ee\/pood\/wp-content\/uploads\/2025\/04\/Midea-M-Thermal-puldi-kasutusjuhend-Kliimakodajuhtpult.pdf\">Midea-M-Thermal-puldi-kasutusjuhend-Kliimakodajuhtpult<\/a><\/p>\n<p>&nbsp;<\/p>\n<p><strong>NB! K\u00fcsi pakkumist paigaldusele info@kliimakoda.ee<\/strong><\/p>\n<p><strong>Transport Tallinn l\u00e4hi\u00fcmbrus hinnas kuni 50km, mujale rakendub teenustasu 0,40e +km<\/strong><\/p>\n","protected":false},"featured_media":3780,"template":"","meta":{"ocean_post_layout":"","ocean_both_sidebars_style":"","ocean_both_sidebars_content_width":0,"ocean_both_sidebars_sidebars_width":0,"ocean_sidebar":"0","ocean_second_sidebar":"0","ocean_disable_margins":"enable","ocean_add_body_class":"","ocean_shortcode_before_top_bar":"","ocean_shortcode_after_top_bar":"","ocean_shortcode_before_header":"","ocean_shortcode_after_header":"","ocean_has_shortcode":"","ocean_shortcode_after_title":"","ocean_shortcode_before_footer_widgets":"","ocean_shortcode_after_footer_widgets":"","ocean_shortcode_before_footer_bottom":"","ocean_shortcode_after_footer_bottom":"","ocean_display_top_bar":"default","ocean_display_header":"default","ocean_header_style":"","ocean_center_header_left_menu":"0","ocean_custom_header_template":"0","ocean_custom_logo":0,"ocean_custom_retina_logo":0,"ocean_custom_logo_max_width":0,"ocean_custom_logo_tablet_max_width":0,"ocean_custom_logo_mobile_max_width":0,"ocean_custom_logo_max_height":0,"ocean_custom_logo_tablet_max_height":0,"ocean_custom_logo_mobile_max_height":0,"ocean_header_custom_menu":"0","ocean_menu_typo_font_family":"0","ocean_menu_typo_font_subset":"","ocean_menu_typo_font_size":0,"ocean_menu_typo_font_size_tablet":0,"ocean_menu_typo_font_size_mobile":0,"ocean_menu_typo_font_size_unit":"px","ocean_menu_typo_font_weight":"","ocean_menu_typo_font_weight_tablet":"","ocean_menu_typo_font_weight_mobile":"","ocean_menu_typo_transform":"","ocean_menu_typo_transform_tablet":"","ocean_menu_typo_transform_mobile":"","ocean_menu_typo_line_height":0,"ocean_menu_typo_line_height_tablet":0,"ocean_menu_typo_line_height_mobile":0,"ocean_menu_typo_line_height_unit":"","ocean_menu_typo_spacing":0,"ocean_menu_typo_spacing_tablet":0,"ocean_menu_typo_spacing_mobile":0,"ocean_menu_typo_spacing_unit":"","ocean_menu_link_color":"","ocean_menu_link_color_hover":"","ocean_menu_link_color_active":"","ocean_menu_link_background":"","ocean_menu_link_hover_background":"","ocean_menu_link_active_background":"","ocean_menu_social_links_bg":"","ocean_menu_social_hover_links_bg":"","ocean_menu_social_links_color":"","ocean_menu_social_hover_links_color":"","ocean_disable_title":"default","ocean_disable_heading":"default","ocean_post_title":"","ocean_post_subheading":"","ocean_post_title_style":"","ocean_post_title_background_color":"","ocean_post_title_background":0,"ocean_post_title_bg_image_position":"","ocean_post_title_bg_image_attachment":"","ocean_post_title_bg_image_repeat":"","ocean_post_title_bg_image_size":"","ocean_post_title_height":0,"ocean_post_title_bg_overlay":0.5,"ocean_post_title_bg_overlay_color":"","ocean_disable_breadcrumbs":"default","ocean_breadcrumbs_color":"","ocean_breadcrumbs_separator_color":"","ocean_breadcrumbs_links_color":"","ocean_breadcrumbs_links_hover_color":"","ocean_display_footer_widgets":"default","ocean_display_footer_bottom":"default","ocean_custom_footer_template":"0"},"product_brand":[],"product_cat":[198,101],"product_tag":[],"class_list":{"0":"post-3796","1":"product","2":"type-product","3":"status-publish","4":"has-post-thumbnail","6":"product_cat-ohk-vesi-midea","7":"product_cat-ohk-vesi-soojuspumbad","9":"entry","10":"has-media","12":"first","13":"instock","14":"taxable","15":"shipping-taxable","16":"purchasable","17":"product-type-simple","18":"has-product-nav","19":"col","20":"span_1_of_4","21":"owp-content-center","22":"owp-thumbs-layout-horizontal","23":"owp-btn-normal","24":"owp-tabs-layout-horizontal","25":"has-no-thumbnails"},"_links":{"self":[{"href":"https:\/\/kliimakoda.ee\/pood\/wp-json\/wp\/v2\/product\/3796","targetHints":{"allow":["GET"]}}],"collection":[{"href":"https:\/\/kliimakoda.ee\/pood\/wp-json\/wp\/v2\/product"}],"about":[{"href":"https:\/\/kliimakoda.ee\/pood\/wp-json\/wp\/v2\/types\/product"}],"wp:featuredmedia":[{"embeddable":true,"href":"https:\/\/kliimakoda.ee\/pood\/wp-json\/wp\/v2\/media\/3780"}],"wp:attachment":[{"href":"https:\/\/kliimakoda.ee\/pood\/wp-json\/wp\/v2\/media?parent=3796"}],"wp:term":[{"taxonomy":"product_brand","embeddable":true,"href":"https:\/\/kliimakoda.ee\/pood\/wp-json\/wp\/v2\/product_brand?post=3796"},{"taxonomy":"product_cat","embeddable":true,"href":"https:\/\/kliimakoda.ee\/pood\/wp-json\/wp\/v2\/product_cat?post=3796"},{"taxonomy":"product_tag","embeddable":true,"href":"https:\/\/kliimakoda.ee\/pood\/wp-json\/wp\/v2\/product_tag?post=3796"}],"curies":[{"name":"wp","href":"https:\/\/api.w.org\/{rel}","templated":true}]}}