{"id":3794,"date":"2025-04-29T09:14:47","date_gmt":"2025-04-29T09:14:47","guid":{"rendered":"https:\/\/kliimakoda.ee\/pood\/?post_type=product&#038;p=3794"},"modified":"2026-03-09T07:48:34","modified_gmt":"2026-03-09T07:48:34","slug":"midea-m-thermal-arctic-hbt-a100-190cds90gn8-b-mha-v4w-d2n8-b2-koos-190l-tarbeveeboileriga-4kw","status":"publish","type":"product","link":"https:\/\/kliimakoda.ee\/pood\/toode\/midea-m-thermal-arctic-hbt-a100-190cds90gn8-b-mha-v4w-d2n8-b2-koos-190l-tarbeveeboileriga-4kw\/","title":{"rendered":"Midea M-Thermal ARCTIC HBT-A100\/190CDS90GN8-B\/ MHA-V4W\/D2N8-B2 koos 190l tarbeveeboileriga 4kw"},"content":{"rendered":"<section class=\"section-project-cta\">\n<div class=\"container\">\n<div class=\"project-cta-content\">\n<h2 class=\"project-cta-title\">Midea M-Thermal \u00f5hk-vesi soojuspump<\/h2>\n<div class=\"project-cta-description\">\n<p>Midea M-Thermal A Series Split \u00f5hk-vesi soojuspump \u00fchendab endas energiat\u00f5hususe ja kaasaegse tehnoloogia, pakkudes t\u00e4iuslikku lahendust nii k\u00fctteks, jahutuseks kui ka sooja tarbevee tootmiseks igal aastaajal. See on ideaalne lahendus nii uutele kui ka renoveeritavatele hoonetele.<\/p>\n<\/div>\n<\/div>\n<\/div>\n<\/section>\n<section class=\"section-product-overview\">\n<div class=\"container\">\n<div class=\"product-overview-content\">\n<h2 class=\"product-overview-title\">Aitab S\u00e4\u00e4sta K\u00fcttekuludelt kuni 80%<\/h2>\n<div class=\"product-overview-description content-styles\">\n<p>Kasutades \u00f5husoojust, mis on taastuv loodusvara, tagab Midea M-Thermal A Series Split kuni 80% v\u00e4iksemad k\u00fcttekulud v\u00f5rreldes traditsiooniliste k\u00fcttelahendustega. K\u00f5rge energiat\u00f5hususe koefitsient (COP) tagab v\u00e4iksema energiakulu ja keskkonnajalaj\u00e4lje.<\/p>\n<\/div>\n<\/div>\n<div class=\"product-overview-image\">\n<div class=\"image-container\"><img decoding=\"async\" src=\"https:\/\/citykliima.ee\/img-i_972e8ffdca265aa98c39e571eefdef5f-560x.jpg\" alt=\"\" \/><\/div>\n<\/div>\n<\/div>\n<\/section>\n<section class=\"section-blog-details\">\n<div class=\"container\" data-not-selectable=\"\">\n<div class=\"description content-styles\">\n<h3 class=\"elementor-heading-title elementor-size-default\">Universaalne lahendus: k\u00fctmine, jahutamine ja soe vesi \u00fches s\u00fcsteemis<\/h3>\n<p>\u00dcks seade, mis teeb k\u00f5ik! K\u00fctteks, jahutuseks ja sooja tarbevee tootmiseks m\u00f5eldud Midea M-Thermal A Series Split katab k\u00f5ik teie vajadused \u00fches kompaktses s\u00fcsteemis.<\/p>\n<p><img loading=\"lazy\" decoding=\"async\" class=\"img-align-center\" src=\"https:\/\/citykliima.ee\/img-i_37f0003eb221911142bf8fee7c8ac9ba-x.jpg\" alt=\"\" width=\"1219\" height=\"559\" \/><\/p>\n<\/div>\n<\/div>\n<\/section>\n<section class=\"section-project-cta\">\n<div class=\"project-cta-image\"><img decoding=\"async\" src=\"https:\/\/citykliima.ee\/img-i_73470c6a631773f28e33da7fa7baa5a4-1920x600.jpg\" alt=\"\" \/><\/div>\n<div class=\"container\">\n<div class=\"project-cta-content\">\n<h2 class=\"project-cta-title\">Soe kodu ka k\u00fclmadel p\u00e4evadel<\/h2>\n<div class=\"project-cta-description\">\n<p>Midea M-Thermal A Series Split soojuspump t\u00f6\u00f6tab t\u00f5husalt ka v\u00e4ga k\u00fclmades oludes, s\u00e4ilitades k\u00f5rge soojusv\u00f5imsuse ka siis, kui v\u00e4listemperatuur langeb alla nulli. Seet\u00f5ttu sobib see ideaalselt p\u00f5hjamaisesse kliimasse, kus talved v\u00f5ivad olla pikad ja karmid.<\/p>\n<\/div>\n<\/div>\n<\/div>\n<\/section>\n<section class=\"section-product-overview\">\n<div class=\"container\">\n<div class=\"product-overview-content\">\n<h2 class=\"product-overview-title\">Kaugjuhtimine Nutiseadmetest<\/h2>\n<div class=\"product-overview-description content-styles\">\n<p>Integreeritud Wi-Fi v\u00f5imaldab Midea M-Thermal soojuspumpa juhtida mugavalt l\u00e4bi nutitelefoni v\u00f5i tahvelarvuti, olenemata teie asukohast. Nutikad juhtimisfunktsioonid v\u00f5imaldavad k\u00fcttev\u00f5rgustiku seadistamist t\u00e4pselt vastavalt teie vajadustele, isegi kui te pole kodus.<\/p>\n<\/div>\n<\/div>\n<div class=\"product-overview-image\">\n<div class=\"image-container\"><img decoding=\"async\" src=\"https:\/\/citykliima.ee\/img-i_fdafa83ce20437d2a95c16dda8643598-560x.jpg\" alt=\"\" \/><\/div>\n<\/div>\n<\/div>\n<\/section>\n<section class=\"section-blog-details\">\n<div class=\"container\" data-not-selectable=\"\">\n<div class=\"description content-styles\">\n<h2>Keskkonnas\u00f5bralik Valik<\/h2>\n<p>Midea invertertehnoloogia tagab vajaliku k\u00fcttev\u00f5imsuse ka k\u00f5ige k\u00fclmematel talvep\u00e4evadel.<\/p>\n<p>Midea soojuspumpades kasutatakse uut keskkonnas\u00f5bralikku k\u00fclmainet R32, mis on varasemast palju t\u00f5husam ja v\u00e4hendab oluliselt CO2 heitkoguseid. Uus tehnoloogia tagab soojuspumba efektiivse t\u00f6\u00f6 madalatel temperatuuridel ja aitab saavutada energiat\u00f5hususe klassi A +++<\/p>\n<p><img loading=\"lazy\" decoding=\"async\" class=\"img-align-center\" src=\"https:\/\/citykliima.ee\/img-i_18b258ad47b04c9eeb4a038014435dc0-x.png\" alt=\"\" width=\"260\" height=\"100\" \/><\/p>\n<\/div>\n<\/div>\n<\/section>\n<section class=\"section-popular-comparison\">\n<div class=\"container\">\n<div class=\"use-climate-calc-btn-wrapper\"><\/div>\n<\/div>\n<\/section>\n<section id=\"technical-info\" class=\"section-technical-info\" data-offset=\"160\">\n<div class=\"container\">\n<div class=\"technical-info-content\">\n<h2 class=\"technical-info-title\">Tehnilised andmed<\/h2>\n<div class=\"technical-info-table\">\n<table class=\"table\">\n<thead>\n<tr>\n<th>Tootja<\/th>\n<th>Midea<\/th>\n<th>Midea<\/th>\n<th>Midea<\/th>\n<th>Midea<\/th>\n<th>Midea<\/th>\n<th>Midea<\/th>\n<th>Midea<\/th>\n<\/tr>\n<tr>\n<th>Mudel<\/th>\n<th>M-THERMAL ARCTIC 4<\/th>\n<th>M-THERMAL ARCTIC 6<\/th>\n<th>M-THERMAL ARCTIC 8<\/th>\n<th>M-THERMAL ARCTIC 10<\/th>\n<th>M-THERMAL ARCTIC 12<\/th>\n<th>M-THERMAL ARCTIC 14<\/th>\n<th>M-THERMAL ARCTIC 16<\/th>\n<\/tr>\n<tr>\n<th><span class=\"table-title\">K\u00f6etav pind<\/span><\/th>\n<th><span class=\"product-name\">kuni 100 m\u00b2<\/span><\/th>\n<th><span class=\"product-name\">kuni 120 m\u00b2<\/span><\/th>\n<th><span class=\"product-name\">kuni 160 m\u00b2<\/span><\/th>\n<th><span class=\"product-name\">kuni 180 m\u00b2<\/span><\/th>\n<th><span class=\"product-name\">kuni 200 m\u00b2<\/span><\/th>\n<th><span class=\"product-name\">kuni 220 m\u00b2<\/span><\/th>\n<th><span class=\"product-name\">kuni 260 m\u00b2<\/span><\/th>\n<\/tr>\n<\/thead>\n<tbody>\n<tr>\n<td>Tootekood<\/td>\n<td>HBT-A100\/190CDS90GN8-B + MHA-V4W\/D2N8-B2<\/td>\n<td>HBT-A100\/190CDS90GN8-B + MHA-V6W\/D2N8-B2<\/td>\n<td>HBT-A100\/190CDS90GN8-B + MHA-V8W\/D2N8-B2<\/td>\n<td>HBT-A100\/190CDS90GN8-B + MHA-V10W\/D2N8-B2<\/td>\n<td>HBT-A160\/240CDS90GN8-B + MHA-V12W\/D2RN8-B2<\/td>\n<td>HBT-A160\/240CDS90GN8-B + MHA-V14W\/D2RN8-B2<\/td>\n<td>HBT-A160\/240CDS90GN8-B + MHA-V16W\/D2RN8-B2<\/td>\n<\/tr>\n<tr>\n<td>K\u00fcttev\u00f5imsus V\u00e4lis\u00f5hk +35\u00b0C\/ 7\u00b0C<\/td>\n<td>4.25 kW<\/td>\n<td>6.20 kW<\/td>\n<td>8.30 kW<\/td>\n<td>10.00 kW<\/td>\n<td>12.1 kW<\/td>\n<td>14.5 kW<\/td>\n<td>16.0 kW<\/td>\n<\/tr>\n<tr>\n<td>Toote t\u00fc\u00fcp<\/td>\n<td>\u00d5hk-vesi soojuspump<\/td>\n<td>\u00d5hk-vesi soojuspump<\/td>\n<td>\u00d5hk-vesi soojuspump<\/td>\n<td>\u00d5hk-vesi soojuspump<\/td>\n<td>\u00d5hk-vesi soojuspump<\/td>\n<td>\u00d5hk-vesi soojuspump<\/td>\n<td>\u00d5hk-vesi soojuspump<\/td>\n<\/tr>\n<tr>\n<td>Energiaklass (35\u00b0\/55\u00b0)<\/td>\n<td>A+++\/A++<\/td>\n<td>A+++\/A++<\/td>\n<td>A+++\/A++<\/td>\n<td>A+++\/A++<\/td>\n<td>A+++\/A++<\/td>\n<td>A+++\/A++<\/td>\n<td>A+++\/A++<\/td>\n<\/tr>\n<tr>\n<td>SCOP<\/td>\n<td>4.84<\/td>\n<td>4.95<\/td>\n<td>5.22<\/td>\n<td>5.22<\/td>\n<td>4.81<\/td>\n<td>4.72<\/td>\n<td>4.62<\/td>\n<\/tr>\n<tr>\n<td>Garantii<\/td>\n<td>2 aastat<\/td>\n<td>2 aastat<\/td>\n<td>2 aastat<\/td>\n<td>2 aastat<\/td>\n<td>2 aastat<\/td>\n<td>2 aastat<\/td>\n<td>2 aastat<\/td>\n<\/tr>\n<tr>\n<td>WiFi nutikas kaugjuhtimine<\/td>\n<td>Jah<\/td>\n<td>Jah<\/td>\n<td>Jah<\/td>\n<td>Jah<\/td>\n<td>Jah<\/td>\n<td>Jah<\/td>\n<td>Jah<\/td>\n<\/tr>\n<tr>\n<td>T\u00f6\u00f6piir (K\u00fcte)<\/td>\n<td>-25 ~ 35 \u00b0C<\/td>\n<td>-25 ~ 35 \u00b0C<\/td>\n<td>-25 ~ 35 \u00b0C<\/td>\n<td>-25 ~ 35 \u00b0C<\/td>\n<td>-25 ~ 35 \u00b0C<\/td>\n<td>-25 ~ 35 \u00b0C<\/td>\n<td>-25 ~ 35 \u00b0C<\/td>\n<\/tr>\n<tr>\n<td>K\u00fclmaaine<\/td>\n<td>R32<\/td>\n<td>R32<\/td>\n<td>R32<\/td>\n<td>R32<\/td>\n<td>R32<\/td>\n<td>R32<\/td>\n<td>R32<\/td>\n<\/tr>\n<tr>\n<td>Torustiku m\u00f5\u00f5t (Vedel\/Gaas)<\/td>\n<td>6.35 + 15.9 mm<\/td>\n<td>6.35 + 15.9 mm<\/td>\n<td>9.52 + 15.9 mm<\/td>\n<td>9.52 + 15.9 mm<\/td>\n<td>9.52 + 15.9 mm<\/td>\n<td>9.52 + 15.9 mm<\/td>\n<td>9.52 + 15.9 mm<\/td>\n<\/tr>\n<tr>\n<td>Maksimaalne trassi pikkus<\/td>\n<td>30 m<\/td>\n<td>30 m<\/td>\n<td>30 m<\/td>\n<td>30 m<\/td>\n<td>30 m<\/td>\n<td>30 m<\/td>\n<td>30 m<\/td>\n<\/tr>\n<tr>\n<td>Toitepinge<\/td>\n<td>220-240\/1\/50 V\/Ph\/Hz<\/td>\n<td>220-240\/1\/50 V\/Ph\/Hz<\/td>\n<td>220-240\/1\/50 V\/Ph\/Hz<\/td>\n<td>220-240\/1\/50 V\/Ph\/Hz<\/td>\n<td>380\/3\/50 V\/Ph\/Hz<\/td>\n<td>380\/3\/50 V\/Ph\/Hz<\/td>\n<td>380\/3\/50 V\/Ph\/Hz<\/td>\n<\/tr>\n<tr>\n<td>Kaitseautomaat<\/td>\n<td>20 A<\/td>\n<td>20 A<\/td>\n<td>20 A<\/td>\n<td>20 A<\/td>\n<td>16 A<\/td>\n<td>16 A<\/td>\n<td>16 A<\/td>\n<\/tr>\n<tr>\n<td>COP<\/td>\n<td>5.20<\/td>\n<td>5.00<\/td>\n<td>5.20<\/td>\n<td>5.00<\/td>\n<td>4.95<\/td>\n<td>4.70<\/td>\n<td>4.50<\/td>\n<\/tr>\n<tr>\n<td>Interneti kaudu juhtimine ja monitoorimine<\/td>\n<td>Jah<\/td>\n<td>Jah<\/td>\n<td>Jah<\/td>\n<td>Jah<\/td>\n<td>Jah<\/td>\n<td>Jah<\/td>\n<td>Jah<\/td>\n<\/tr>\n<tr>\n<td>Elektriline lisak\u00fcttekeha<\/td>\n<td>3+3+3 kW<\/td>\n<td>3+3+3 kW<\/td>\n<td>3+3+3 kW<\/td>\n<td>3+3+3 kW<\/td>\n<td>3+3+3 kW<\/td>\n<td>3+3+3 kW<\/td>\n<td>3+3+3 kW<\/td>\n<\/tr>\n<tr>\n<td>Tarbeveeboileri maht<\/td>\n<td>190 l<\/td>\n<td>190 l<\/td>\n<td>190 l<\/td>\n<td>190 l<\/td>\n<td>240 l<\/td>\n<td>240 l<\/td>\n<td>240 l<\/td>\n<\/tr>\n<tr>\n<td>Lisak\u00fcttekeha v\u00f5imsus<\/td>\n<td>3+3+3 kW<\/td>\n<td>3+3+3 kW<\/td>\n<td>3+3+3 kW<\/td>\n<td>3+3+3 kW<\/td>\n<td>3+3+3 kW<\/td>\n<td>3+3+3 kW<\/td>\n<td>3+3+3 kW<\/td>\n<\/tr>\n<tr>\n<td>Maksimaalne k\u00fcttevee temperatuur<\/td>\n<td>65 \u00b0C<\/td>\n<td>65 \u00b0C<\/td>\n<td>65 \u00b0C<\/td>\n<td>65 \u00b0C<\/td>\n<td>65 \u00b0C<\/td>\n<td>65 \u00b0C<\/td>\n<td>65 \u00b0C<\/td>\n<\/tr>\n<tr>\n<td class=\"row-subheader\" colspan=\"8\">Siseosa<\/td>\n<\/tr>\n<tr>\n<td>Siseosa kaal<\/td>\n<td>140 kg<\/td>\n<td>140 kg<\/td>\n<td>140 kg<\/td>\n<td>140 kg<\/td>\n<td>159 kg<\/td>\n<td>159 kg<\/td>\n<td>159 kg<\/td>\n<\/tr>\n<tr>\n<td>Siseosa m\u00f5\u00f5dud (laius x k\u00f5rgus x s\u00fcgavus)<\/td>\n<td>600x1683x600 mm<\/td>\n<td>600x1683x600 mm<\/td>\n<td>600x1683x600 mm<\/td>\n<td>600x1683x600 mm<\/td>\n<td>600x1943x600 mm<\/td>\n<td>600x1943x600 mm<\/td>\n<td>600x1943x600 mm<\/td>\n<\/tr>\n<tr>\n<td class=\"row-subheader\" colspan=\"8\">V\u00e4lisosa<\/td>\n<\/tr>\n<tr>\n<td>V\u00e4lisosa kaal<\/td>\n<td>60 kg<\/td>\n<td>60 kg<\/td>\n<td>78.5 kg<\/td>\n<td>78.5 kg<\/td>\n<td>100 kg<\/td>\n<td>100 kg<\/td>\n<td>100 kg<\/td>\n<\/tr>\n<tr>\n<td>V\u00e4lisosa m\u00f5\u00f5dud (laius x k\u00f5rgus x s\u00fcgavus)<\/td>\n<td>1007x712x426 mm<\/td>\n<td>1007x712x426 mm<\/td>\n<td>1118x864x523 mm<\/td>\n<td>1118x864x523 mm<\/td>\n<td>1118x864x523 mm<\/td>\n<td>1118x864x523 mm<\/td>\n<td>1118x864x523 mm<\/td>\n<\/tr>\n<tr>\n<td>M\u00fcratase v\u00e4lisosa<\/td>\n<td>44 dB(A)<\/td>\n<td>45 dB(A)<\/td>\n<td>46 dB(A)<\/td>\n<td>49 dB(A)<\/td>\n<td>50 dB(A)<\/td>\n<td>51 dB(A)<\/td>\n<td>55 dB(A)<\/td>\n<\/tr>\n<\/tbody>\n<\/table>\n<\/div>\n<\/div>\n<\/div>\n<\/section>\n","protected":false},"excerpt":{"rendered":"<ul>\n<li>Disain basalthall v\u00e4rvi v\u00e4lisseade<\/li>\n<li>Soe tarbevesi +65\u00b0C ilma lisak\u00fctteta<\/li>\n<li>Lisa k\u00fctteahela juhtimine<\/li>\n<li>Alfa Laval plaatsoojusvaheti<\/li>\n<li>Mitsubishi Electric twin rotary DC inverter kompressor<\/li>\n<li>WIFI kontroller standardvarustusesRoostevabast terasest boiler<\/li>\n<li>V\u00e4lise lisak\u00fctte juhtimine<\/li>\n<li>Kaskaadjuhtimine<\/li>\n<li>\n<div class=\"meta-label\">K\u00fcttev\u00f5imsus V\u00e4lis\u00f5hk +35\u00b0C\/ 7\u00b0C<\/div>\n<div class=\"meta-data\">4.25 kW<\/div>\n<\/li>\n<li>\n<div class=\"meta-label\">K\u00f6etav pind<\/div>\n<div class=\"meta-data\">kuni 100 m\u00b2<\/div>\n<\/li>\n<li>\n<div class=\"meta-label\">Energiaklass (35\u00b0\/55\u00b0)<\/div>\n<div class=\"meta-data\">A+++\/A++<\/div>\n<\/li>\n<li>\n<div class=\"meta-label\">Tarbeveeboileri maht<\/div>\n<div class=\"meta-data\">190 l<\/div>\n<\/li>\n<li>2a grantii<\/li>\n<\/ul>\n<p>&nbsp;<\/p>\n<p><a href=\"https:\/\/kliimakoda.ee\/pood\/wp-content\/uploads\/2025\/04\/Midea-M-Thermal-kataloog-EST-Kliimakoda123.pdf\">Midea-M-Thermal-kataloog-EST-Kliimakoda123<\/a><\/p>\n<p>&nbsp;<\/p>\n<p><a href=\"https:\/\/kliimakoda.ee\/pood\/wp-content\/uploads\/2025\/04\/Midea-M-Thermal-puldi-kasutusjuhend-Kliimakodajuhtpult.pdf\">Midea-M-Thermal-puldi-kasutusjuhend-Kliimakodajuhtpult<\/a><\/p>\n<p>&nbsp;<\/p>\n<p><strong>NB! K\u00fcsi pakkumist paigaldusele info@kliimakoda.ee<\/strong><\/p>\n<p><strong>Transport Tallinn l\u00e4hi\u00fcmbrus hinnas kuni 50km, mujale rakendub teenustasu 0,40e +km<\/strong><\/p>\n","protected":false},"featured_media":3780,"template":"","meta":{"ocean_post_layout":"","ocean_both_sidebars_style":"","ocean_both_sidebars_content_width":0,"ocean_both_sidebars_sidebars_width":0,"ocean_sidebar":"0","ocean_second_sidebar":"0","ocean_disable_margins":"enable","ocean_add_body_class":"","ocean_shortcode_before_top_bar":"","ocean_shortcode_after_top_bar":"","ocean_shortcode_before_header":"","ocean_shortcode_after_header":"","ocean_has_shortcode":"","ocean_shortcode_after_title":"","ocean_shortcode_before_footer_widgets":"","ocean_shortcode_after_footer_widgets":"","ocean_shortcode_before_footer_bottom":"","ocean_shortcode_after_footer_bottom":"","ocean_display_top_bar":"default","ocean_display_header":"default","ocean_header_style":"","ocean_center_header_left_menu":"0","ocean_custom_header_template":"0","ocean_custom_logo":0,"ocean_custom_retina_logo":0,"ocean_custom_logo_max_width":0,"ocean_custom_logo_tablet_max_width":0,"ocean_custom_logo_mobile_max_width":0,"ocean_custom_logo_max_height":0,"ocean_custom_logo_tablet_max_height":0,"ocean_custom_logo_mobile_max_height":0,"ocean_header_custom_menu":"0","ocean_menu_typo_font_family":"0","ocean_menu_typo_font_subset":"","ocean_menu_typo_font_size":0,"ocean_menu_typo_font_size_tablet":0,"ocean_menu_typo_font_size_mobile":0,"ocean_menu_typo_font_size_unit":"px","ocean_menu_typo_font_weight":"","ocean_menu_typo_font_weight_tablet":"","ocean_menu_typo_font_weight_mobile":"","ocean_menu_typo_transform":"","ocean_menu_typo_transform_tablet":"","ocean_menu_typo_transform_mobile":"","ocean_menu_typo_line_height":0,"ocean_menu_typo_line_height_tablet":0,"ocean_menu_typo_line_height_mobile":0,"ocean_menu_typo_line_height_unit":"","ocean_menu_typo_spacing":0,"ocean_menu_typo_spacing_tablet":0,"ocean_menu_typo_spacing_mobile":0,"ocean_menu_typo_spacing_unit":"","ocean_menu_link_color":"","ocean_menu_link_color_hover":"","ocean_menu_link_color_active":"","ocean_menu_link_background":"","ocean_menu_link_hover_background":"","ocean_menu_link_active_background":"","ocean_menu_social_links_bg":"","ocean_menu_social_hover_links_bg":"","ocean_menu_social_links_color":"","ocean_menu_social_hover_links_color":"","ocean_disable_title":"default","ocean_disable_heading":"default","ocean_post_title":"","ocean_post_subheading":"","ocean_post_title_style":"","ocean_post_title_background_color":"","ocean_post_title_background":0,"ocean_post_title_bg_image_position":"","ocean_post_title_bg_image_attachment":"","ocean_post_title_bg_image_repeat":"","ocean_post_title_bg_image_size":"","ocean_post_title_height":0,"ocean_post_title_bg_overlay":0.5,"ocean_post_title_bg_overlay_color":"","ocean_disable_breadcrumbs":"default","ocean_breadcrumbs_color":"","ocean_breadcrumbs_separator_color":"","ocean_breadcrumbs_links_color":"","ocean_breadcrumbs_links_hover_color":"","ocean_display_footer_widgets":"default","ocean_display_footer_bottom":"default","ocean_custom_footer_template":"0"},"product_brand":[],"product_cat":[198,101],"product_tag":[],"class_list":{"0":"post-3794","1":"product","2":"type-product","3":"status-publish","4":"has-post-thumbnail","6":"product_cat-ohk-vesi-midea","7":"product_cat-ohk-vesi-soojuspumbad","9":"entry","10":"has-media","12":"first","13":"instock","14":"taxable","15":"shipping-taxable","16":"purchasable","17":"product-type-simple","18":"has-product-nav","19":"col","20":"span_1_of_4","21":"owp-content-center","22":"owp-thumbs-layout-horizontal","23":"owp-btn-normal","24":"owp-tabs-layout-horizontal","25":"has-no-thumbnails"},"_links":{"self":[{"href":"https:\/\/kliimakoda.ee\/pood\/wp-json\/wp\/v2\/product\/3794","targetHints":{"allow":["GET"]}}],"collection":[{"href":"https:\/\/kliimakoda.ee\/pood\/wp-json\/wp\/v2\/product"}],"about":[{"href":"https:\/\/kliimakoda.ee\/pood\/wp-json\/wp\/v2\/types\/product"}],"wp:featuredmedia":[{"embeddable":true,"href":"https:\/\/kliimakoda.ee\/pood\/wp-json\/wp\/v2\/media\/3780"}],"wp:attachment":[{"href":"https:\/\/kliimakoda.ee\/pood\/wp-json\/wp\/v2\/media?parent=3794"}],"wp:term":[{"taxonomy":"product_brand","embeddable":true,"href":"https:\/\/kliimakoda.ee\/pood\/wp-json\/wp\/v2\/product_brand?post=3794"},{"taxonomy":"product_cat","embeddable":true,"href":"https:\/\/kliimakoda.ee\/pood\/wp-json\/wp\/v2\/product_cat?post=3794"},{"taxonomy":"product_tag","embeddable":true,"href":"https:\/\/kliimakoda.ee\/pood\/wp-json\/wp\/v2\/product_tag?post=3794"}],"curies":[{"name":"wp","href":"https:\/\/api.w.org\/{rel}","templated":true}]}}