{"id":3494,"date":"2024-03-26T09:23:50","date_gmt":"2024-03-26T09:23:50","guid":{"rendered":"https:\/\/kliimakoda.ee\/pood\/?post_type=product&#038;p=3494"},"modified":"2026-03-04T11:54:33","modified_gmt":"2026-03-04T11:54:33","slug":"daikin-comfora-ftxtp25n-rxtp25a","status":"publish","type":"product","link":"https:\/\/kliimakoda.ee\/pood\/toode\/daikin-comfora-ftxtp25n-rxtp25a\/","title":{"rendered":"Daikin Comfora FTXTP25A\/RXTP25A Nepura"},"content":{"rendered":"<h2>Miks valida Comfora \u00f5hksoojuspump?<\/h2>\n<p>Minimalistlik ning kompaktne disain<\/p>\n<p>Daikin Comfora seeria \u00f5hksoojuspumbad on\u00a0<b><strong>v\u00e4ga\u00a0s\u00e4\u00e4stlikud<\/strong><\/b>\u00a0kuni A++ tasemeni. T\u00e4nu Daikin\u00a0<b><strong>internetip\u00f5hisele rakendusele<\/strong><\/b>\u00a0saad juhtida seadet \u00fcksk\u00f5ik kus kohast.\u00a0Comfora seeria \u00f5hksoojuspumbad t\u00f6\u00f6tavad h\u00e4mmastamapanevalt vaikselt.<\/p>\n<p><b><strong>Naudi enda hubast kodu \u2013 kompromisse tegemata!<\/strong><\/b><\/p>\n<h3>T\u00f6\u00f6tab hiirvaikselt ja v\u00e4ga s\u00e4\u00e4stlikult<\/h3>\n<p><b><strong>Daikin Comfora seeria \u00f5hksoojuspumbad t\u00f6\u00f6tavad v\u00e4ga vaikselt ja \u00fclimalt s\u00e4\u00e4stlikult<\/strong><\/b>. Daikin Comfora seeria \u00f5hksoojuspumbad soojendavad ja jahutavad teie kodu koguni\u00a0<b><strong>A++ energiat\u00f5hususega<\/strong><\/b>.<\/p>\n<h3>\u00d5hksoojuspump, mis sobib igasse kodusse<\/h3>\n<p><b><strong>\u2013\u00a0<\/strong><\/b>T\u00e4nu soojuspumba v\u00e4ikestele m\u00f5\u00f5tmetele\u00a0<b><strong>sobib ideaalselt renoveerimisprojektides<\/strong><\/b>\u00a0kasutamiseks, eriti ukse kohale paigaldamiseks.<br \/>\n<b><strong>\u2013\u00a0<\/strong><\/b>Sesoonse t\u00f5hususe v\u00e4\u00e4rtused: kogu tootesari<b><strong>\u00a0A++ jahutus- ja k\u00fcttere\u017eiimis<\/strong><\/b>.<br \/>\n<b><strong>\u2013\u00a0<\/strong><\/b>Garanteeritud soojusv\u00f5imsus madalatel v\u00e4listemperatuuridel kuni<b><strong>\u00a0-30\u00b0C<\/strong><\/b><br \/>\n<b><strong>\u2013 Ruumis\u00e4\u00e4stlik ja moodne<\/strong><\/b>\u00a0seinale paigaldatav \u00f5hksoojuspump<\/p>\n<h3>Vaata, kui palju s\u00e4\u00e4stad Daikin Comfora seeria \u00f5hksoojuspumbaga:<\/h3>\n<p>Vali elamispinna suurus (m2)<\/p>\n<p data-value=\"30\" data-initial-value=\"30\" data-min=\"10\" data-max=\"120\" data-step=\"1\" data-price=\"9\" data-offset=\"0\" data-condition=\"\"><b>30<\/b><\/p>\n<p>Antud kulude arvutus on tuletatud ja ei n\u00e4ita tegelikku summat<\/p>\n<p>K\u00fcttekulude orienteeruv kokkuhoid aastas:270.00\u20ac<\/p>\n<h3>Alusta s\u00e4\u00e4stmist juba t\u00e4na!<\/h3>\n<p><b><strong>Daikin Comfora seeria \u00f5hksoojuspumbaga:<\/strong><\/b><\/p>\n<p><b><strong>\u2013\u00a0<\/strong><\/b>hoiad kokku k\u00fcttekuludelt.<br \/>\n<b><strong>\u2013\u00a0<\/strong><\/b>hoiad loodust.<br \/>\n<b><strong>\u2013\u00a0<\/strong><\/b>paradad enda pere tervist ja heaolu.<\/p>\n<p><span style=\"font-weight: 400;\">K\u00dcSI PERSONAALSET PAKKUMIST!<\/span><\/p>\n<h3>Aasta jagu kompromissituid katseid<\/h3>\n<p><b><strong>\u2013<\/strong><\/b>\u00a0Nepurat testiti DiCz Pilseni testimiskeskuses<\/p>\n<p><b><strong>\u2013<\/strong><\/b>\u00a0Kokku tehti katseid umbes 1200<\/p>\n<p><b><strong>\u2013<\/strong><\/b>\u00a0Testiti v\u00f5imsust, sulatusts\u00fcklit, kompressori t\u00f6\u00f6kindlust, vibratsiooni, m\u00fcra jpm<\/p>\n<p><b><strong>\u2013<\/strong><\/b>\u00a0Katseid viis l\u00e4bi 18 spetsialiseerunud inseneri<\/p>\n<h3>Juhi \u00f5hksoojuspumpa k\u00f5ikjalt<\/h3>\n<p>Lae alla Daikin Online Controller rakendus, \u00fchenda oma Comfora \u00f5hksoojuspump WiFi v\u00f5rku ja juhi oma kodukliimat k\u00f5ikjalt.<b><strong>\u00a0See p\u00e4riselt ongi nii lihtne!<\/strong><\/b><\/p>\n<h3>Tipptasemel tehnoloogia ja energiat\u00f5husus<\/h3>\n<p>Daikin t\u00f6\u00f6tab j\u00e4rjepidevalt v\u00e4lja uuenduslikke, looduss\u00f5bralikke ja\u00a0<b><strong>k\u00f5ige t\u00f5husamaid soojuspumpade tehnoloogiaid<\/strong><\/b>, et saavutada parim energiat\u00f5husus ning austada planeeti, millel elame.<\/p>\n<p>Daikini Bluevolution tehnoloogia kasutab\u00a0<b><strong>R32\u00a0<\/strong><\/b>k\u00fclmainet, mis\u00a0<b><strong>v\u00f5rreldes konkurentidega hoiab CO2 heitgaasi kogused v\u00e4ga madalal<\/strong><\/b>.<\/p>\n<p>&nbsp;<\/p>\n<p>Daikin n\u00e4itab teed parimate k\u00fcttelahenduste loomisel ning\u00a0<b><strong>aitab s\u00e4\u00e4sta loodust<\/strong><\/b>.<\/p>\n<p><span style=\"font-weight: 400;\">K\u00dcSI PERSONAALSET PAKKUMIST!<\/span><\/p>\n<h3 style=\"font-weight: 400;\">T\u00e4nap\u00e4eva \u00f5hksoojuspump kasutab<br \/>\n<b><strong>R32<\/strong><\/b>-k\u00fclmaainet<\/h3>\n<p>R32 on uus k\u00fclmaaine, mis on\u00a0<b><strong>oluliselt keskkonnas\u00f5bralikum\u00a0<\/strong><\/b>ning on tervelt kolm korda v\u00e4iksema GWP arvuga. T\u00e4nu uuele k\u00fclmaainele suudetakse v\u00e4henda k\u00fclmaaine kogust s\u00fcsteemis ja t\u00f5sta seadmete efektiivsust.<\/p>\n<p>Kuigi seni kasutusel olnud k\u00fclmaainele R410A otsest m\u00fc\u00fcgikeeldu seatud ei ole, v\u00f5ttis Euroopa Liit kasutusele meetmed, mis viivad selle kasutamise j\u00e4rk-j\u00e4rgult miinimumini. Alates aastast 2025 keelatakse k\u00fclmaaine R410A kasutamine \u00fcksikutes split-s\u00fcsteemides sh \u00f5hksoojuspumpades t\u00e4ielikult.<\/p>\n<h5>Ventilaatori kiirusastmed<\/h5>\n<p>V\u00f5imaldab valida ventilaatori kiirust kuni antud numbrini.<\/p>\n<h5>T\u00f6\u00f6kindlus on tagatud kuni -30 \u00b0C<\/h5>\n<p>Daikini seadmed sobivad igasse kliimasse ja t\u00e4nu oma t\u00f6\u00f6vahemikule kuni -30 \u00b0C peavad need vastu isegi k\u00f5ige karmimates talvetingimustes.<\/p>\n<h5>Econo-re\u017eiim<\/h5>\n<p>V\u00e4hendab voolukulu, nii et saab kasutada teisi suure elektritarbega seadmeid. See funktsioon on ka energias\u00e4\u00e4stlik.<\/p>\n<h5>V\u00f5rgukontroller rakenduse kaudu<\/h5>\n<p>Juhtige oma siseseadet rakenduse kaudu \u00fcksk\u00f5ik kus kohast.<\/p>\n<h5>Ainult ventilaator<\/h5>\n<p>Seadet v\u00f5ib kasutada ventilaatorina, mis puhub \u00f5hku ilma seda k\u00fctmata v\u00f5i jahutamata.<\/p>\n<h5>\u00d6ine re\u017eiim<\/h5>\n<p>S\u00e4\u00e4stab energiat ega lase \u00f6isel ajal liigselt jahutada v\u00f5i liigselt k\u00fctta.<\/p>\n<h5>V\u00f5imas re\u017eiim<\/h5>\n<p>V\u00f5ib valida kiireks k\u00fctmiseks v\u00f5i jahutamiseks; p\u00e4rast v\u00f5imsat re\u017eiimi naaseb seade eelvalitud re\u017eiimile.<\/p>\n<h5>Mugavusre\u017eiim<\/h5>\n<p>Tagab t\u00f5mbusevaba t\u00f6\u00f6, nii et sooja ega k\u00fclma \u00f5hku ei puhuta otse kehale.<\/p>\n<h5>Siseseadme vaikne t\u00f6\u00f6<\/h5>\n<p>Kaugjuhtimispuldi nupp \u201cSilent\u201d v\u00e4hendab siseseadme t\u00f6\u00f6m\u00fcra 3\u00a0dB(A) v\u00f5rra.<\/p>\n<h5>Automaatne vahetus jahutuse-k\u00fctmise vahel<\/h5>\n<p>Valib seatud temperatuuri saavutamiseks automaatselt k\u00fctmise v\u00f5i jahutamise re\u017eiimi.<\/p>\n<h5>Automaatne ventilaatori kiirus<\/h5>\n<p>Valib seatud temperatuuri saavutamiseks v\u00f5i hoidmiseks vajaliku ventilaatorikiiruse automaatselt.<\/p>\n<h5>Kuiv programm<\/h5>\n<p>V\u00f5imaldab alandada niiskustaset ilma ruumitemperatuuri muutmata.<\/p>\n<h5>Energias\u00e4\u00e4st ootere\u017eiimil<\/h5>\n<p>Energiakulu v\u00e4heneb ootere\u017eiimis umbes 80% v\u00f5rra. Kui andur 20 minuti v\u00e4lteil inimesi ei tuvasta, l\u00fclitub s\u00fcsteem automaatselt \u00fcmber energias\u00e4\u00e4sture\u017eiimile.<\/p>\n<h5>Vertikaalne automaatne suunamuutus<\/h5>\n<p>V\u00f5imalus valida \u00f5hu v\u00e4ljalaskeklappide automaatne vertikaalne liikumine, et t\u00f5hustada \u00f5hu ja temperatuuri jaotumist kogu ruumis.<\/p>\n<h5>Titaanapatiidist deodoriseeriv filter<\/h5>\n<p>Filtreerib \u00f5hust tolmuosakesed ja kahjulikud orgaanilised kemikaalid, bakterid, viirused ja allergeenid ning deodoriseerib n\u00e4iteks tubaka ja lemmikloomade l\u00f5hna.<\/p>\n<h5>24 tunni taimer<\/h5>\n<p>V\u00f5imaldab t\u00f6\u00f6 k\u00e4ivituse programmeerida suvaliseks ajaks 24 tunni jooksul.<\/p>\n<h5>Juhtmega \u00fchendatud kaugjuhtimispult<\/h5>\n<p>K\u00e4ivitab, seiskab ja reguleerib \u00f5hukonditsioneeri.<\/p>\n<h5>Infrapuna\u00fchendusega kaugjuhtimispult<\/h5>\n<p>K\u00e4ivitab, seiskab ja reguleerib \u00f5hukonditsioneerib eemalt.<\/p>\n<h5>Automaatne taask\u00e4ivitus<\/h5>\n<p>Seade k\u00e4ivitub p\u00e4rast toitekatkestust automaatselt algs\u00e4tetega.<\/p>\n<h5>Enesediagnoos<\/h5>\n<p>Lihtsustab hooldust, n\u00e4idates \u00e4ra s\u00fcsteemivead v\u00f5i talitlush\u00e4ired.<\/p>\n<p>Meie kliendid otsivad oma kodu jaoks parimaid k\u00fcttelahendusi, j\u00e4lgides energiat\u00f5hususe m\u00e4rgistusi. Daikini soojuspumbad ja muud k\u00fcttelahendused on alati\u00a0<b><strong>k\u00f5ige keskkonnas\u00f5bralikumad<\/strong><\/b>\u00a0ja m\u00e4rgistatud energiat\u00e4hisega:\u00a0<b><strong>A++<\/strong><\/b>\u00a0(energiam\u00e4rgis 2019).<\/p>\n<p>Daikin soojuspumbad saavutavad selle efektiivsuse t\u00e4nu\u00a0<b><strong>Bluevolution tehnoloogiale<\/strong><\/b>. See \u00fchendab endas Daikini poolt v\u00e4lja t\u00f6\u00f6tatud ja arendatud kompressori ja R-32 k\u00fclmaine, mis teeb sellest unikaalse toote kogu turul.<\/p>\n<p><b><strong>V\u00e4hem CO2 heitgaase ja suurem efektiivsus<\/strong><\/b>, see on retsept, mida j\u00e4rgime, et luua tipptasemel k\u00fcttes\u00fcsteeme.<\/p>\n<p>Konkurentidest eespool<\/p>\n<h2>\u00d5hksoojuspump Daikin Comfora tehnilised parameetrid<\/h2>\n<table>\n<thead>\n<tr>\n<th style=\"font-weight: 600;\" colspan=\"\">Mudeli nimetus<\/th>\n<th style=\"font-weight: 600;\" colspan=\"\">FTXTP25A<br \/>\nRXTP25A<\/th>\n<th style=\"font-weight: 600;\" colspan=\"\"><\/th>\n<\/tr>\n<\/thead>\n<tbody>\n<tr>\n<td colspan=\"\" rowspan=\"\">Energiaklass keskmine\/k\u00fclm kliima<\/td>\n<td colspan=\"\" rowspan=\"\">A++\/A<\/td>\n<td colspan=\"\" rowspan=\"\"><\/td>\n<\/tr>\n<tr>\n<td colspan=\"\" rowspan=\"\">Jahutusv\u00f5imsus (Min.\/Nom.\/Max.)<\/td>\n<td colspan=\"\" rowspan=\"\">1\/2.5\/4.1 kW<\/td>\n<td colspan=\"\" rowspan=\"\"><\/td>\n<\/tr>\n<tr>\n<td colspan=\"\" rowspan=\"\">K\u00fcttev\u00f5imsus (Min.\/Nom.\/Max.)<\/td>\n<td colspan=\"\" rowspan=\"\">1\/3.2\/6.2 kW<\/td>\n<td colspan=\"\" rowspan=\"\"><\/td>\n<\/tr>\n<tr>\n<td colspan=\"\" rowspan=\"\">Elektritarbimine (Jahutus nom.)<\/td>\n<td colspan=\"\" rowspan=\"\">0.52 kW<\/td>\n<td colspan=\"\" rowspan=\"\"><\/td>\n<\/tr>\n<tr>\n<td colspan=\"\" rowspan=\"\">Elektritarbimine (K\u00fcte nom.)<\/td>\n<td colspan=\"\" rowspan=\"\">0.65 kW<\/td>\n<td colspan=\"\" rowspan=\"\"><\/td>\n<\/tr>\n<tr>\n<td colspan=\"\" rowspan=\"\">K\u00fcttev\u00f5imsus -15\u00b0C (Max.)<\/td>\n<td colspan=\"\" rowspan=\"\">4.2 kW<\/td>\n<td colspan=\"\" rowspan=\"\"><\/td>\n<\/tr>\n<tr>\n<td colspan=\"\" rowspan=\"\">K\u00fcttev\u00f5imsus -20\u00b0C (Max.)<\/td>\n<td colspan=\"\" rowspan=\"\">3.4 kW<\/td>\n<td colspan=\"\" rowspan=\"\"><\/td>\n<\/tr>\n<tr>\n<td colspan=\"\" rowspan=\"\">SCOP<\/td>\n<td colspan=\"\" rowspan=\"\">4<\/td>\n<td colspan=\"\" rowspan=\"\"><\/td>\n<\/tr>\n<tr>\n<td colspan=\"\" rowspan=\"\">SEER<\/td>\n<td colspan=\"\" rowspan=\"\">8.55<\/td>\n<td colspan=\"\" rowspan=\"\"><\/td>\n<\/tr>\n<tr>\n<td colspan=\"\" rowspan=\"\">Siseosa \u00f5huhulk jahutus (vaikne\/madal\/keskmine\/k\u00f5rge)<\/td>\n<td colspan=\"\" rowspan=\"\">3.7\/5.0\/7.9\/11.0 m\u00b3\/min<\/td>\n<td colspan=\"\" rowspan=\"\"><\/td>\n<\/tr>\n<tr>\n<td colspan=\"\" rowspan=\"\">Siseoa \u00f5huhulk k\u00fcte (vaikne\/madal\/keskmine\/k\u00f5rge)<\/td>\n<td colspan=\"\" rowspan=\"\">4.4\/5.5\/9.0\/10.5 m\u00b3\/min<\/td>\n<td colspan=\"\" rowspan=\"\"><\/td>\n<\/tr>\n<tr>\n<td colspan=\"\" rowspan=\"\">M\u00fcratase (siseosa k\u00fcttere\u017eiimil)<\/td>\n<td colspan=\"\" rowspan=\"\">21\/26\/35\/43 dB(A)<\/td>\n<td colspan=\"\" rowspan=\"\"><\/td>\n<\/tr>\n<tr>\n<td colspan=\"\" rowspan=\"\">M\u00fcratase (v\u00e4lisosa jahutusre\u017eiimil)<\/td>\n<td colspan=\"\" rowspan=\"\">48 dB(A)<\/td>\n<td colspan=\"\" rowspan=\"\"><\/td>\n<\/tr>\n<tr>\n<td colspan=\"\" rowspan=\"\">M\u00fcratase (v\u00e4lisosa k\u00fcttere\u017eiimil)<\/td>\n<td colspan=\"\" rowspan=\"\">49 dB(A)<\/td>\n<td colspan=\"\" rowspan=\"\"><\/td>\n<\/tr>\n<tr>\n<td colspan=\"\" rowspan=\"\">Siseosa m\u00f5\u00f5dud (laius x k\u00f5rgus x s\u00fcgavus)<\/td>\n<td colspan=\"\" rowspan=\"\">770x286x225 mm<\/td>\n<td colspan=\"\" rowspan=\"\"><\/td>\n<\/tr>\n<tr>\n<td colspan=\"\" rowspan=\"\">V\u00e4lisosa m\u00f5\u00f5dud (laius x k\u00f5rgus x s\u00fcgavus)<\/td>\n<td colspan=\"\" rowspan=\"\">930x605x376 mm<\/td>\n<td colspan=\"\" rowspan=\"\"><\/td>\n<\/tr>\n<tr>\n<td colspan=\"\" rowspan=\"\">Kaal (siseosa)<\/td>\n<td colspan=\"\" rowspan=\"\">9 kg<\/td>\n<td colspan=\"\" rowspan=\"\"><\/td>\n<\/tr>\n<tr>\n<td colspan=\"\" rowspan=\"\">Kaal (v\u00e4lisosa)<\/td>\n<td colspan=\"\" rowspan=\"\">42 kg<\/td>\n<td colspan=\"\" rowspan=\"\"><\/td>\n<\/tr>\n<tr>\n<td colspan=\"\" rowspan=\"\">K\u00fclmaine<\/td>\n<td colspan=\"\" rowspan=\"\">R32<\/td>\n<td colspan=\"\" rowspan=\"\"><\/td>\n<\/tr>\n<tr>\n<td colspan=\"\" rowspan=\"\">Torustiku m\u00f5\u00f5t (Vedel\/Gaas)<\/td>\n<td colspan=\"\" rowspan=\"\">6.35\/9.5 mm<\/td>\n<td colspan=\"\" rowspan=\"\"><\/td>\n<\/tr>\n<tr>\n<td colspan=\"\" rowspan=\"\">Toitepinge<\/td>\n<td colspan=\"\" rowspan=\"\">220-240\/1\/50 V\/Ph\/Hz<\/td>\n<td colspan=\"\" rowspan=\"\"><\/td>\n<\/tr>\n<tr>\n<td colspan=\"\" rowspan=\"\">T\u00f6\u00f6piir (Jahutus)<\/td>\n<td colspan=\"\" rowspan=\"\">-10~ 46\u00b0C<\/td>\n<td colspan=\"\" rowspan=\"\"><\/td>\n<\/tr>\n<tr>\n<td colspan=\"\" rowspan=\"\">T\u00f6\u00f6piir (K\u00fcte)<\/td>\n<td colspan=\"\" rowspan=\"\">\n<table id=\"eael-data-table-6d39f1e\" class=\"tablesorter eael-data-table center\">\n<tbody>\n<tr>\n<td id=\"\" class=\"\" colspan=\"\" rowspan=\"\">\n<div class=\"td-content-wrapper\">\n<div class=\"td-content\">-30~24\u00b0C<\/div>\n<\/div>\n<\/td>\n<\/tr>\n<\/tbody>\n<\/table>\n<\/td>\n<td colspan=\"\" rowspan=\"\"><\/td>\n<\/tr>\n<tr>\n<td colspan=\"\" rowspan=\"\">Kaitseautomaat<\/td>\n<td colspan=\"\" rowspan=\"\"><\/td>\n<td colspan=\"\" rowspan=\"\"><\/td>\n<\/tr>\n<\/tbody>\n<\/table>\n","protected":false},"excerpt":{"rendered":"<div class=\"elementor-element elementor-element-60ac8cc elementor-widget elementor-widget-heading\" data-id=\"60ac8cc\" data-element_type=\"widget\" data-widget_type=\"heading.default\">\n<div class=\"elementor-widget-container\">\n<h1 class=\"elementor-heading-title elementor-size-default\">\u00d5hksoojuspump<\/h1>\n<\/div>\n<\/div>\n<div class=\"elementor-element elementor-element-1d0bea5 elementor-widget elementor-widget-heading\" data-id=\"1d0bea5\" data-element_type=\"widget\" data-widget_type=\"heading.default\">\n<div class=\"elementor-widget-container\">\n<h2 class=\"elementor-heading-title elementor-size-default\">Daikin Comfora &#8211; FTXTP-A<\/h2>\n<\/div>\n<\/div>\n<div class=\"elementor-element elementor-element-3e29fca5 elementor-widget-divider--view-line elementor-widget elementor-widget-divider\" data-id=\"3e29fca5\" data-element_type=\"widget\" data-widget_type=\"divider.default\">\n<div class=\"elementor-widget-container\">\n<div class=\"elementor-divider\"><\/div>\n<\/div>\n<\/div>\n<div class=\"elementor-element elementor-element-6464ca8d elementor-widget elementor-widget-text-editor\" data-id=\"6464ca8d\" data-element_type=\"widget\" data-widget_type=\"text-editor.default\">\n<div class=\"elementor-widget-container\">\n<p>Comfora on Nepura tootesarja kuuluv \u00f5hksoojuspump, mis baseerub Optimized Heating V s\u00fcsteemil.<\/p>\n<p>Diskreetne seinale paigaldatav \u00f5hksoojuspump, mis tagab k\u00f5rge efektiivsuse ja mugavuse, isegi kui v\u00e4listemperatuur langeb kuni\u00a0<strong>\u201330 \u00b0C<\/strong><\/p>\n<p>&#8211; T\u00f6\u00f6tab efektiivselt kuni v\u00e4lis\u00f5hu temperatuurini<br \/>\n&#8211; Maks. k\u00fcttev\u00f5imsus -20\u00b0C v\u00e4listemperatuuril(25N\/35N) 3.4\/3.6kW<br \/>\n&#8211; Sisetemperatuuri reguleerimise v\u00f5imalus 10\u201330\u00b0C<br \/>\n&#8211; V\u00e4ga kompaktne siseosa, sobib ukse kohale paigaldamiseks<br \/>\n&#8211; \u00d6ine re\u017eiim s\u00e4\u00e4stab energiat ja ei lase ruumi \u00fcle jahutada<br \/>\n&#8211; P\u00f5hjasoojendusega v\u00e4lisosa<br \/>\n&#8211; Integreeritud WiFi kontroller<br \/>\n&#8211; Onecta rakendus: juhi \u00f5hksoojuspumpa, mis tahes asukohast rakenduse abil<br \/>\n&#8211; R32 K\u00fclmaaine<\/p>\n<\/div>\n<p>NB! Transport pole hinnas, Tallinn l\u00e4hi\u00fcmbrus kuni 50km hinnas, mujale rakendub teenustasu 0,40e +km<\/p>\n<\/div>\n","protected":false},"featured_media":3495,"template":"","meta":{"ocean_post_layout":"","ocean_both_sidebars_style":"","ocean_both_sidebars_content_width":0,"ocean_both_sidebars_sidebars_width":0,"ocean_sidebar":"0","ocean_second_sidebar":"0","ocean_disable_margins":"enable","ocean_add_body_class":"","ocean_shortcode_before_top_bar":"","ocean_shortcode_after_top_bar":"","ocean_shortcode_before_header":"","ocean_shortcode_after_header":"","ocean_has_shortcode":"","ocean_shortcode_after_title":"","ocean_shortcode_before_footer_widgets":"","ocean_shortcode_after_footer_widgets":"","ocean_shortcode_before_footer_bottom":"","ocean_shortcode_after_footer_bottom":"","ocean_display_top_bar":"default","ocean_display_header":"default","ocean_header_style":"","ocean_center_header_left_menu":"0","ocean_custom_header_template":"0","ocean_custom_logo":0,"ocean_custom_retina_logo":0,"ocean_custom_logo_max_width":0,"ocean_custom_logo_tablet_max_width":0,"ocean_custom_logo_mobile_max_width":0,"ocean_custom_logo_max_height":0,"ocean_custom_logo_tablet_max_height":0,"ocean_custom_logo_mobile_max_height":0,"ocean_header_custom_menu":"0","ocean_menu_typo_font_family":"0","ocean_menu_typo_font_subset":"","ocean_menu_typo_font_size":0,"ocean_menu_typo_font_size_tablet":0,"ocean_menu_typo_font_size_mobile":0,"ocean_menu_typo_font_size_unit":"px","ocean_menu_typo_font_weight":"","ocean_menu_typo_font_weight_tablet":"","ocean_menu_typo_font_weight_mobile":"","ocean_menu_typo_transform":"","ocean_menu_typo_transform_tablet":"","ocean_menu_typo_transform_mobile":"","ocean_menu_typo_line_height":0,"ocean_menu_typo_line_height_tablet":0,"ocean_menu_typo_line_height_mobile":0,"ocean_menu_typo_line_height_unit":"","ocean_menu_typo_spacing":0,"ocean_menu_typo_spacing_tablet":0,"ocean_menu_typo_spacing_mobile":0,"ocean_menu_typo_spacing_unit":"","ocean_menu_link_color":"","ocean_menu_link_color_hover":"","ocean_menu_link_color_active":"","ocean_menu_link_background":"","ocean_menu_link_hover_background":"","ocean_menu_link_active_background":"","ocean_menu_social_links_bg":"","ocean_menu_social_hover_links_bg":"","ocean_menu_social_links_color":"","ocean_menu_social_hover_links_color":"","ocean_disable_title":"default","ocean_disable_heading":"default","ocean_post_title":"","ocean_post_subheading":"","ocean_post_title_style":"","ocean_post_title_background_color":"","ocean_post_title_background":0,"ocean_post_title_bg_image_position":"","ocean_post_title_bg_image_attachment":"","ocean_post_title_bg_image_repeat":"","ocean_post_title_bg_image_size":"","ocean_post_title_height":0,"ocean_post_title_bg_overlay":0.5,"ocean_post_title_bg_overlay_color":"","ocean_disable_breadcrumbs":"default","ocean_breadcrumbs_color":"","ocean_breadcrumbs_separator_color":"","ocean_breadcrumbs_links_color":"","ocean_breadcrumbs_links_hover_color":"","ocean_display_footer_widgets":"default","ocean_display_footer_bottom":"default","ocean_custom_footer_template":"0"},"product_brand":[],"product_cat":[62,85],"product_tag":[],"class_list":{"0":"post-3494","1":"product","2":"type-product","3":"status-publish","4":"has-post-thumbnail","6":"product_cat-ohksoojuspumbad","7":"product_cat-ohksoojuspumbad-daikin","9":"entry","10":"has-media","12":"first","13":"instock","14":"sale","15":"taxable","16":"shipping-taxable","17":"purchasable","18":"product-type-simple","19":"has-product-nav","20":"col","21":"span_1_of_4","22":"owp-content-center","23":"owp-thumbs-layout-horizontal","24":"owp-btn-normal","25":"owp-tabs-layout-horizontal"},"_links":{"self":[{"href":"https:\/\/kliimakoda.ee\/pood\/wp-json\/wp\/v2\/product\/3494","targetHints":{"allow":["GET"]}}],"collection":[{"href":"https:\/\/kliimakoda.ee\/pood\/wp-json\/wp\/v2\/product"}],"about":[{"href":"https:\/\/kliimakoda.ee\/pood\/wp-json\/wp\/v2\/types\/product"}],"wp:featuredmedia":[{"embeddable":true,"href":"https:\/\/kliimakoda.ee\/pood\/wp-json\/wp\/v2\/media\/3495"}],"wp:attachment":[{"href":"https:\/\/kliimakoda.ee\/pood\/wp-json\/wp\/v2\/media?parent=3494"}],"wp:term":[{"taxonomy":"product_brand","embeddable":true,"href":"https:\/\/kliimakoda.ee\/pood\/wp-json\/wp\/v2\/product_brand?post=3494"},{"taxonomy":"product_cat","embeddable":true,"href":"https:\/\/kliimakoda.ee\/pood\/wp-json\/wp\/v2\/product_cat?post=3494"},{"taxonomy":"product_tag","embeddable":true,"href":"https:\/\/kliimakoda.ee\/pood\/wp-json\/wp\/v2\/product_tag?post=3494"}],"curies":[{"name":"wp","href":"https:\/\/api.w.org\/{rel}","templated":true}]}}