{"id":3493,"date":"2024-03-26T09:09:52","date_gmt":"2024-03-26T09:09:52","guid":{"rendered":"https:\/\/kliimakoda.ee\/pood\/?post_type=product&#038;p=3493"},"modified":"2026-03-04T12:02:30","modified_gmt":"2026-03-04T12:02:30","slug":"daikin-perfera-ftxtm40s-rxtm40a","status":"publish","type":"product","link":"https:\/\/kliimakoda.ee\/pood\/toode\/daikin-perfera-ftxtm40s-rxtm40a\/","title":{"rendered":"Daikin Perfera FTXTM40A\/RXTM40A Nepura"},"content":{"rendered":"<h2>Miks valida Perfera seeria \u00f5hksoojuspump?<\/h2>\n<p>Nautige kaasaegset mugavust<\/p>\n<p>Daikin Perfera seeria \u00f5hksoojuspumbad iseloomustavad Daikin tulevikuvisiooni. Perfera on loodud Euroopas eurooplastele, mis v\u00e4ljendub ka seadme delikaatses ning kaunis disainis. Perfera seeria \u00f5hksoojuspumbad on\u00a0<b><strong>imestama panevalt s\u00e4\u00e4stlikud<\/strong><\/b>\u00a0kuni A+++ tasemeni.\u00a0<b><strong>Daikin Flash Streamer\u00a0<\/strong><\/b>tagab suurep\u00e4rase \u00f5hu puhtuse: nii v\u00f5ib ilma saastunud \u00f5hu p\u00e4rast muretsemata s\u00fcgavalt sisse hingata. T\u00e4nu Daikin\u00a0<b><strong>internetip\u00f5hisele rakendusele<\/strong><\/b>\u00a0saad juhtida seadet k\u00f5ikjalt.\u00a0<b><strong>3D \u00f5huvoolu funktsioon ja 2 piirkonnaga nutikas silm<\/strong><\/b>\u00a0loovad ideaalse ning mitteinvasiivse \u00f5huvoolu. Ja k\u00f5ik need uuenduslikud s\u00fcsteemid t\u00f6\u00f6tavad h\u00e4mmastama panevalt vaikselt. Perfera \u00f5hksoojuspumpade seeria on parim valik igasse koju. Naudi enda hubast kodu \u2013 kompromisse tegemata!<\/p>\n<h3>\u00dclimalt energias\u00e4\u00e4stlik \u00f5hksoojuspump<\/h3>\n<p><b><strong>\u2013<\/strong><\/b>\u00a0Bluevolution tehnoloogia v\u00e4hendab oluliselt keskkonnam\u00f5ju<\/p>\n<p><b><strong>\u2013<\/strong><\/b>\u00a0T\u00f6\u00f6tab 80% ulatuses taastuvenergiast<\/p>\n<p><b><strong>\u2013<\/strong><\/b>\u00a0Inverter tehnoloogia v\u00e4hendab energia tarbimist kuni 30%<\/p>\n<p><b><strong>\u2013<\/strong><\/b>\u00a02 piirkonnaga nutikas silm ja 3D \u00f5huvoolu funktsioon v\u00e4hendavad elektri tarbimist<\/p>\n<h3>Sobib igasse kodusse<\/h3>\n<p>Daikin \u00f5hksoojuspump on teie k\u00fctte- ja jahutusvajaduste loogiline lahendus, olenemata sellest, kas renoveerite olemasolevat kodu v\u00f5i ehitate uut. Meie \u00f5hksoojuspumpasid on\u00a0<b><strong>kerge paigaldada<\/strong><\/b>\u00a0ja need sobivad ideaalselt vanade elektrik\u00fctte s\u00fcsteemide asendamiseks. Seadmetele omistatud\u00a0<b><strong>A+++<\/strong><\/b>\u00a0energiat\u00f5hususe hinnangud vastavad k\u00f5igile rahvusvahelistele n\u00f5uetele.<\/p>\n<h3>T\u00f6\u00f6tab taastuvenergial<\/h3>\n<p><b><strong>T\u00f6\u00f6tab 80% ulatuses ainult \u00f5hust saadud energiast ja 20% ulatuses elektrienergiast<\/strong><\/b>. Daikin Perfera seeria \u00f5hksoojuspumbad soojendavad ja jahutavad teie kodu\u00a0<b><strong>A+++ energiat\u00f5hususega<\/strong><\/b>, mis on k\u00f5rgeim v\u00f5imalik energiat\u00f5hususe tase kogu turul.<\/p>\n<h3>Vaata,\u00a0<b><strong>kui palju s\u00e4\u00e4stad<\/strong><\/b>\u00a0Daikin Perfera seeria soojuspumbaga:<\/h3>\n<p>Vali elamispinna suurus (m2)<\/p>\n<p data-value=\"30\" data-initial-value=\"30\" data-min=\"10\" data-max=\"120\" data-step=\"1\" data-price=\"14\" data-offset=\"0\" data-condition=\"\"><b>30<\/b><\/p>\n<p>Antud kulude arvutus on tuletatud ja ei n\u00e4ita tegelikku summat<\/p>\n<p>K\u00fcttekulude orienteeruv kokkuhoid aastas:420.00\u20ac<\/p>\n<h3>Alusta s\u00e4\u00e4stmist juba t\u00e4na!<\/h3>\n<p><b><strong>Daikin Perfera seeria \u00f5hksoojuspumbaga:<\/strong><\/b><\/p>\n<p><b><strong>\u2013\u00a0<\/strong><\/b>hoiad kokku tuhandeid eurosid<br \/>\n<b><strong>\u2013\u00a0<\/strong><\/b>puhastad vaevata kogu kodu \u00f5hu<br \/>\n<b><strong>\u2013\u00a0<\/strong><\/b>hoiad loodust<br \/>\n<b><strong>\u2013\u00a0<\/strong><\/b>parandad enda pere tervist ja heaolu<\/p>\n<p><span style=\"font-weight: 400;\">K\u00dcSI PERSONAALSET PAKKUMIST!<\/span><\/p>\n<h3>Aasta jagu kompromissituid katseid<\/h3>\n<p><b><strong>\u2013<\/strong><\/b>\u00a0Nepurat testiti DiCz Pilseni testimiskeskuses<\/p>\n<p><b><strong>\u2013<\/strong><\/b>\u00a0Kokku tehti katseid umbes 1200<\/p>\n<p><b><strong>\u2013<\/strong><\/b>\u00a0Testiti v\u00f5imsust, sulatusts\u00fcklit, kompressori t\u00f6\u00f6kindlust, vibratsiooni, m\u00fcra jpm<\/p>\n<p><b><strong>\u2013<\/strong><\/b>\u00a0Katseid viis l\u00e4bi 18 spetsialiseerunud inseneri<\/p>\n<h3 style=\"font-weight: 400;\">T\u00e4nap\u00e4eva \u00f5hksoojuspump kasutab<br \/>\n<b><strong>R32<\/strong><\/b>-k\u00fclmaainet<\/h3>\n<p>R32 on uus k\u00fclmaaine, mis on\u00a0<b><strong>oluliselt keskkonnas\u00f5bralikum\u00a0<\/strong><\/b>ning on tervelt kolm korda v\u00e4iksema GWP arvuga, kui tema eelk\u00e4ijad. T\u00e4nu uuele k\u00fclmaainele suudetakse v\u00e4henda k\u00fclmaaine kogust s\u00fcsteemis ja t\u00f5sta seadmete efektiivsust.<\/p>\n<p>Kuigi seni kasutusel olnud k\u00fclmaainele R410A otsest m\u00fc\u00fcgikeeldu seatud ei ole, v\u00f5ttis Euroopa Liit kasutusele meetmed, mis viivad selle kasutamise j\u00e4rk-j\u00e4rgult miinimumini. Alates aastast 2025 keelatakse k\u00fclmaaine R410A kasutamine \u00fcksikutes split-s\u00fcsteemides sh \u00f5hksoojuspumpades t\u00e4ielikult.<\/p>\n<h3>Daikin Flash Streamer muudab \u00f5hu 3 korda puhtamaks, tervislikumaks ja v\u00e4rskemaks<\/h3>\n<p>Daikin Perfera \u00f5hksoojuspump tagab alati puhta ja v\u00e4rske \u00f5hu, parendades sellega ka immuuns\u00fcsteemi. Daikin Flash Streamer kasutab elektronide abi keemiliste reaktsioonide k\u00e4ivitamiseks, mis\u00a0<b><strong>h\u00e4vitavad \u00f5hus olevad bakterid ja viirused<\/strong><\/b>. See protsess aitab v\u00e4hendada astma ja allergia s\u00fcmptomeid.<\/p>\n<h3>Varustatud Daikin tunnustatud invertertehnoloogiaga\u200b<\/h3>\n<p>Daikin Perfera \u00f5hksoojuspumba invertertehnoloogia on \u00fclimalt energias\u00e4\u00e4stlik. Mootori kiirust muudetakse sujuvalt ning see\u00a0<b><strong>v\u00e4hendab energiatarbimist kuni 30% v\u00f5rra<\/strong><\/b>. Selle asemel, et kulutada t\u00e4iendavat energiat k\u00e4ivitades ja peatades, reguleerib muundur mootori kiirust, nii et see t\u00f6\u00f6tab pikemas perspektiivis pidevalt ja efektiivsemalt<\/p>\n<h3>Loodud mugavust silmas pidades<\/h3>\n<p><b><strong>Kahte piirkonda kattev arukas andur<\/strong><\/b>\u00a0kasutab sensoreid, et tuvastada ruumist inimesed ja juhtida \u00f5huvoog neist eemale. Kui s\u00fcsteem tuvastab, et ruum on t\u00fchi, l\u00fclitub see automaatselt\u00a0<b><strong>energias\u00e4\u00e4sture\u017eiimile.<\/strong><\/b><\/p>\n<h3>Kaminaruumid<\/h3>\n<p><b><strong>Daikini s\u00fcsteemid on paindlikud ja h\u00f5lpsasti kohandatavad iga ruumi jaoks<\/strong><\/b>, kaasa arvatud sellised ruumid, kus on lisasoojusallikad, n\u00e4iteks kamin.<\/p>\n<p>Kaminaruum on tavaliselt soojem ja selle temperatuur on tihti algselt seadistatud temperatuurist k\u00f5rgem.<\/p>\n<p><b><strong>\u2013\u00a0<\/strong><\/b>Kui ruumis on seadistatust erinev temperatuur ja kaminas p\u00f5leb tuli, l\u00fclitub konditsioneer ainult ventilaatorire\u017eiimile, et toimetada kaminast tulevat soojust teistesse ruumidesse.<br \/>\n<b><strong>\u2013\u00a0<\/strong><\/b>\u00d5huvool muutub seda v\u00e4iksemaks, mida l\u00e4hemale j\u00f5uab temperatuur algsele seadev\u00e4\u00e4rtusele.<\/p>\n<p>Konkurentidest eespool<\/p>\n<h2>Daikin Perfera \u00f5hksoojuspumba tehnilised parameetrid<\/h2>\n<h5>2 piirkonnaga nutikas silm<\/h5>\n<p>\u00d5huvool suunatakse piirkonda, kus inimesi hetkel ei viibi. Kui andur inimesi ei tuvasta, l\u00fclitub seade automaatselt \u00fcmber energias\u00e4\u00e4stu re\u017eiimile.<\/p>\n<h5>Kaminaloogika<\/h5>\n<p>Kui see paigaldatakse k\u00fctteseadme (nt kamin v\u00f5i ahi) l\u00e4hedale ja seadetemperatuur on saavutatud, j\u00e4tkab ventilaator t\u00f6\u00f6d, et kindlustada \u00fchtlane temperatuur kogu majas.<\/p>\n<h5>Praktiliselt kuuldamatu<\/h5>\n<p>Praktiliselt kuuldamatu: seade t\u00f6\u00f6tab nii vaikselt, et selle olemasolu peaagu ei m\u00e4rkagi.<\/p>\n<h5>T\u00f6\u00f6kindlus on tagatud kuni -30 \u00b0C<\/h5>\n<p>Daikini seadmed sobivad igasse kliimasse ja t\u00e4nu oma t\u00f6\u00f6vahemikule kuni -30 \u00b0C peavad need vastu isegi k\u00f5ige karmimates talvetingimustes.<\/p>\n<h5>V\u00f5rgukontroller rakenduse kaudu<\/h5>\n<p>Juhtige oma siseseadet rakenduse kaudu \u00fcksk\u00f5ik kus kohast.<\/p>\n<h5>Econo-re\u017eiim<\/h5>\n<p>V\u00e4hendab voolukulu, nii et saab kasutada teisi suure elektritarbega seadmeid. See funktsioon on ka energias\u00e4\u00e4stlik.<\/p>\n<h5>Energias\u00e4\u00e4st ootere\u017eiimil<\/h5>\n<p>Energiakulu v\u00e4heneb ootere\u017eiimis umbes 80% v\u00f5rra. Kui andur 20 minuti v\u00e4ltel inimesi ei tuvasta, l\u00fclitub s\u00fcsteem automaatselt \u00fcmber energias\u00e4\u00e4sture\u017eiimile.<\/p>\n<h5>\u00d6ine re\u017eiim<\/h5>\n<p>S\u00e4\u00e4stab energiat ega lase \u00f6isel ajal liigselt jahutada v\u00f5i liigselt k\u00fctta.<\/p>\n<h5>Ainult ventilaator<\/h5>\n<p>Seadet v\u00f5ib kasutada ventilaatorina, mis puhub \u00f5hku ilma seda k\u00fctmata v\u00f5i jahutamata.<\/p>\n<h5>Mugavusre\u017eiim<\/h5>\n<p>Tagab t\u00f5mbusevaba t\u00f6\u00f6, nii et sooja ega k\u00fclma \u00f5hku ei puhuta otse kehale.<\/p>\n<h5>V\u00f5imas re\u017eiim<\/h5>\n<p>V\u00f5ib valida kiireks k\u00fctmiseks v\u00f5i jahutamiseks; p\u00e4rast v\u00f5imsat re\u017eiimi naaseb seade eelvalitud re\u017eiimile.<\/p>\n<h5>Automaatne vahetus jahutuse-k\u00fctmise vahel<\/h5>\n<p>Valib seatud temperatuuri saavutamiseks automaatselt k\u00fctmise v\u00f5i jahutamise re\u017eiimi.<\/p>\n<h5>Siseseadme vaikne t\u00f6\u00f6<\/h5>\n<p>Kaugjuhtimispuldi nupp \u201cSilent\u201d v\u00e4hendab siseseadme t\u00f6\u00f6m\u00fcra 3\u00a0dB(A) v\u00f5rra.<\/p>\n<h5>V\u00e4lisseadme vaikne t\u00f6\u00f6<\/h5>\n<p>Kaugjuhtimispuldi nupp \u201cSilent\u201d v\u00e4hendab v\u00e4lisseadme t\u00f6\u00f6m\u00fcra 3\u00a0dB(A) v\u00f5rra, et tagada \u00fcmbrusele vaikne keskkond.<\/p>\n<h5>3D \u00f5huvool<\/h5>\n<p>V\u00f5imaldab vertikaalset ja horisontaalset automaatse suunamuutust sooja v\u00f5i k\u00fclma \u00f5hu suunamiseks suuremate ruumide nurkadesse.<\/p>\n<h5>Vertikaalne automaatne suunamuutus<\/h5>\n<p>V\u00f5imalus valida \u00f5hu v\u00e4ljalaskeklappide automaatne vertikaalne liikumine, et t\u00f5hustada \u00f5hu ja temperatuuri jaotumist kogu ruumis.<\/p>\n<h5>Horisontaalne automaatne suunamuutus<\/h5>\n<p>V\u00f5imalus valida \u00f5hu v\u00e4ljalaskeresti automaatne horisontaalne suunamuutus, et \u00fchtlustada \u00f5huvoolu ja temperatuuri jaotumist.<\/p>\n<h5>Automaatne ventilaatori kiirus<\/h5>\n<p>Valib seatud temperatuuri saavutamiseks v\u00f5i hoidmiseks vajaliku ventilaatorikiiruse automaatselt.<\/p>\n<h5>Ventilaatori kiirusastmed<\/h5>\n<p>V\u00f5imaldab valida ventilaatori kiirust kuni antud numbrini.<\/p>\n<h5>Kuiv programm<\/h5>\n<p>V\u00f5imaldab alandada niiskustaset ilma ruumitemperatuuri muutmata.<\/p>\n<h5>Flash Streamer<\/h5>\n<p>Tekitab kiirelt liikuvad elektronid, mis l\u00f5hustavad t\u00f5husalt viirused, bakterid, l\u00f5hnad ja allergeenid.<\/p>\n<h5>N\u00e4dalataimer<\/h5>\n<p>V\u00f5imaldab jahutuse v\u00f5i k\u00fctte k\u00e4ivituse programmeerida suvaliseks ajaks p\u00e4eva v\u00f5i n\u00e4dala jooksul.<\/p>\n<h5>24 tunni taimer<\/h5>\n<p>V\u00f5imaldab t\u00f6\u00f6 k\u00e4ivituse programmeerida suvaliseks ajaks 24 tunni jooksul.<\/p>\n<h5>Infrapuna\u00fchendusega kaugjuhtimispult<\/h5>\n<p>K\u00e4ivitab, seiskab ja reguleerib \u00f5hukonditsioneerib eemalt.<\/p>\n<h5>Juhtmega \u00fchendatud kaugjuhtimispult<\/h5>\n<p>K\u00e4ivitab, seiskab ja reguleerib \u00f5hukonditsioneeri.<\/p>\n<h5>Tsentraliseeritud juhtimine<\/h5>\n<p>K\u00e4ivitab, seiskab ja reguleerib mitut \u00f5hukonditsioneeri \u00fchest kesksest kohast.<\/p>\n<h5>Automaatne taask\u00e4ivitus<\/h5>\n<p>Seade k\u00e4ivitub p\u00e4rast toitekatkestust automaatselt algs\u00e4tetega.<\/p>\n<h5>Enesediagnoos<\/h5>\n<p>Lihtsustab hooldust, n\u00e4idates \u00e4ra s\u00fcsteemivead v\u00f5i talitlush\u00e4ired.<\/p>\n<h3>Juhi seadet \u00fcksk\u00f5ik kust<\/h3>\n<p>Lae alla Daikin Onecta rakendus, \u00fchenda oma Perfera \u00f5hksoojuspump WiFi v\u00f5rku ja juhtige oma kodukliimat k\u00f5ikjalt.<b><strong>\u00a0See p\u00e4riselt ongi nii lihtne!<\/strong><\/b><\/p>\n<p>Konkurentidest eespool<\/p>\n<h2>\u00d5hksoojuspump Daikin Perfera tehnilised parameetrid<\/h2>\n<table>\n<thead>\n<tr>\n<th style=\"font-weight: 600;\" colspan=\"\"><\/th>\n<th style=\"font-weight: 600;\" colspan=\"\"><\/th>\n<th style=\"font-weight: 600;\" colspan=\"\">FTXTM40A<br \/>\nRXTM40A<\/th>\n<\/tr>\n<\/thead>\n<tbody>\n<tr>\n<td colspan=\"\" rowspan=\"\">Energiaklass keskmine\/k\u00fclm kliima<\/td>\n<td colspan=\"\" rowspan=\"\"><\/td>\n<td colspan=\"\" rowspan=\"\">A+++\/A+<\/td>\n<\/tr>\n<tr>\n<td colspan=\"\" rowspan=\"\">Jahutusv\u00f5imsus (Min.\/Nom.\/Max.)<\/td>\n<td colspan=\"\" rowspan=\"\"><\/td>\n<td colspan=\"\" rowspan=\"\">1.2\/4.0\/5.2 kW<\/td>\n<\/tr>\n<tr>\n<td colspan=\"\" rowspan=\"\">K\u00fcttev\u00f5imsus (Min.\/Nom.\/Max.)<\/td>\n<td colspan=\"\" rowspan=\"\"><\/td>\n<td colspan=\"\" rowspan=\"\">0.9\/4.0\/8.8 kW<\/td>\n<\/tr>\n<tr>\n<td colspan=\"\" rowspan=\"\">Elektritarbimine (Jahutus nom.)<\/td>\n<td colspan=\"\" rowspan=\"\"><\/td>\n<td colspan=\"\" rowspan=\"\">0.85 kW<\/td>\n<\/tr>\n<tr>\n<td colspan=\"\" rowspan=\"\">Elektritarbimine (K\u00fcte nom.)<\/td>\n<td colspan=\"\" rowspan=\"\"><\/td>\n<td colspan=\"\" rowspan=\"\">0.73 kW<\/td>\n<\/tr>\n<tr>\n<td colspan=\"\" rowspan=\"\">K\u00fcttev\u00f5imsus -15\u00b0C (Max.)<\/td>\n<td colspan=\"\" rowspan=\"\"><\/td>\n<td colspan=\"\" rowspan=\"\">5.4 kW<\/td>\n<\/tr>\n<tr>\n<td colspan=\"\" rowspan=\"\">K\u00fcttev\u00f5imsus -20\u00b0C (Max.)<\/td>\n<td colspan=\"\" rowspan=\"\"><\/td>\n<td colspan=\"\" rowspan=\"\">4.7 kW<\/td>\n<\/tr>\n<tr>\n<td colspan=\"\" rowspan=\"\">SCOP<\/td>\n<td colspan=\"\" rowspan=\"\"><\/td>\n<td colspan=\"\" rowspan=\"\">5.51<\/td>\n<\/tr>\n<tr>\n<td colspan=\"\" rowspan=\"\">SEER<\/td>\n<td colspan=\"\" rowspan=\"\"><\/td>\n<td colspan=\"\" rowspan=\"\">8.93<\/td>\n<\/tr>\n<tr>\n<td colspan=\"\" rowspan=\"\">Siseosa \u00f5huhulk jahutus (vaikne\/madal\/keskmine\/k\u00f5rge)<\/td>\n<td colspan=\"\" rowspan=\"\"><\/td>\n<td colspan=\"\" rowspan=\"\">4.8\/5.6\/9.2\/15.1 m\u00b3\/min<\/td>\n<\/tr>\n<tr>\n<td colspan=\"\" rowspan=\"\">Siseosa \u00f5huhulk k\u00fcte (vaikne\/madal\/keskmine\/k\u00f5rge)<\/td>\n<td colspan=\"\" rowspan=\"\"><\/td>\n<td colspan=\"\" rowspan=\"\">5.1\/6.0\/10.0\/17.0 m\u00b3\/min<\/td>\n<\/tr>\n<tr>\n<td colspan=\"\" rowspan=\"\">M\u00fcratase (siseosa k\u00fcttere\u017eiimil)<\/td>\n<td colspan=\"\" rowspan=\"\"><\/td>\n<td colspan=\"\" rowspan=\"\">19\/22\/31\/46 dB(A)<\/td>\n<\/tr>\n<tr>\n<td colspan=\"\" rowspan=\"\">M\u00fcratase (v\u00e4lisosa jahutusre\u017eiimil)<\/td>\n<td colspan=\"\" rowspan=\"\"><\/td>\n<td colspan=\"\" rowspan=\"\">48 dB(A)<\/td>\n<\/tr>\n<tr>\n<td colspan=\"\" rowspan=\"\">M\u00fcratase (v\u00e4lisosa k\u00fcttere\u017eiimil)<\/td>\n<td colspan=\"\" rowspan=\"\"><\/td>\n<td colspan=\"\" rowspan=\"\">49 dB(A)<\/td>\n<\/tr>\n<tr>\n<td colspan=\"\" rowspan=\"\">Siseosa m\u00f5\u00f5dud (laius x k\u00f5rgus x s\u00fcgavus)<\/td>\n<td colspan=\"\" rowspan=\"\"><\/td>\n<td colspan=\"\" rowspan=\"\">998x299x292 mm<\/td>\n<\/tr>\n<tr>\n<td colspan=\"\" rowspan=\"\">V\u00e4lisosa m\u00f5\u00f5dud (laius x k\u00f5rgus x s\u00fcgavus)<\/td>\n<td colspan=\"\" rowspan=\"\"><\/td>\n<td colspan=\"\" rowspan=\"\">930x605x376 mm<\/td>\n<\/tr>\n<tr>\n<td colspan=\"\" rowspan=\"\">Kaal (siseosa)<\/td>\n<td colspan=\"\" rowspan=\"\"><\/td>\n<td colspan=\"\" rowspan=\"\">15 kg<\/td>\n<\/tr>\n<tr>\n<td colspan=\"\" rowspan=\"\"><\/td>\n<td colspan=\"\" rowspan=\"\"><\/td>\n<td colspan=\"\" rowspan=\"\">42 kg<\/td>\n<\/tr>\n<tr>\n<td colspan=\"\" rowspan=\"\"><\/td>\n<td colspan=\"\" rowspan=\"\"><\/td>\n<td colspan=\"\" rowspan=\"\">R32<\/td>\n<\/tr>\n<tr>\n<td colspan=\"\" rowspan=\"\"><\/td>\n<td colspan=\"\" rowspan=\"\"><\/td>\n<td colspan=\"\" rowspan=\"\">6.35\/9.5 mm<\/td>\n<\/tr>\n<tr>\n<td colspan=\"\" rowspan=\"\"><\/td>\n<td colspan=\"\" rowspan=\"\"><\/td>\n<td colspan=\"\" rowspan=\"\">220-240\/1\/50 V\/Ph\/Hz<\/td>\n<\/tr>\n<tr>\n<td colspan=\"\" rowspan=\"\"><\/td>\n<td colspan=\"\" rowspan=\"\"><\/td>\n<td colspan=\"\" rowspan=\"\">-10~ 46\u00b0C<\/td>\n<\/tr>\n<tr>\n<td colspan=\"\" rowspan=\"\"><\/td>\n<td colspan=\"\" rowspan=\"\"><\/td>\n<td colspan=\"\" rowspan=\"\">-30~24\u00b0C<\/td>\n<\/tr>\n<tr>\n<td colspan=\"\" rowspan=\"\">Kaitseautomaat<\/td>\n<td colspan=\"\" rowspan=\"\"><\/td>\n<td colspan=\"\" rowspan=\"\">16A<\/td>\n<\/tr>\n<\/tbody>\n<\/table>\n","protected":false},"excerpt":{"rendered":"<div class=\"elementor-element elementor-element-ab09aa5 elementor-widget elementor-widget-heading\" data-id=\"ab09aa5\" data-element_type=\"widget\" data-widget_type=\"heading.default\">\n<div class=\"elementor-widget-container\">\n<h1 class=\"elementor-heading-title elementor-size-default\">\u00d5hksoojuspump<\/h1>\n<\/div>\n<\/div>\n<div class=\"elementor-element elementor-element-573be22 elementor-widget elementor-widget-heading\" data-id=\"573be22\" data-element_type=\"widget\" data-widget_type=\"heading.default\">\n<div class=\"elementor-widget-container\">\n<h2 class=\"elementor-heading-title elementor-size-default\">Daikin Perfera &#8211; FTXTM-A<\/h2>\n<\/div>\n<\/div>\n<div class=\"elementor-element elementor-element-4b174953 elementor-widget-divider--view-line elementor-widget elementor-widget-divider\" data-id=\"4b174953\" data-element_type=\"widget\" data-widget_type=\"divider.default\">\n<div class=\"elementor-widget-container\">\n<div class=\"elementor-divider\"><\/div>\n<\/div>\n<\/div>\n<div class=\"elementor-element elementor-element-48b10236 elementor-widget elementor-widget-text-editor\" data-id=\"48b10236\" data-element_type=\"widget\" data-widget_type=\"text-editor.default\">\n<div class=\"elementor-widget-container\">\n<p>Perfera on Nepura tootesarja kuuluv \u00f5hksoojuspump, mis baseerub Optimized Heating V s\u00fcsteemil.<\/p>\n<p>Kaunis ja delikaatne seinale kinnitatav \u00f5hksoojuspump, mis tagab parima sise\u00f5hu kvaliteedi isegi siis, kui v\u00e4listemperatuur on\u00a0<strong>\u201330 \u00b0C<\/strong><\/p>\n<\/div>\n<p>T\u00f6\u00f6tab efektiivselt kuni v\u00e4lis\u00f5hu temperatuurini<br \/>\n&#8211; Maks. k\u00fcttev\u00f5imsus -20\u00b0C v\u00e4listemperatuuril<br \/>\n(30S\/40S) &#8211; 4.4\/4.7kW<br \/>\n&#8211; Kaminafunktsioon<br \/>\n&#8211; Daikin Flash Streamer \u00f5hupuhastaja \/ ionisaator<br \/>\n&#8211; Sisetemperatuuri reguleerimise v\u00f5imalus 10\u201330\u00b0C<br \/>\n&#8211; Integreeritud WiFi kontroller<br \/>\n&#8211; Kahe t\u00f6\u00f6piirkonnaga nutikas sensor<br \/>\n&#8211; \u00d6ine re\u017eiim s\u00e4\u00e4stab energiat<br \/>\n&#8211; N\u00e4dalataimer<br \/>\n&#8211; P\u00f5hjasoojendusega v\u00e4lisosa<br \/>\n&#8211; Madal m\u00fcratase<\/p>\n<\/div>\n","protected":false},"featured_media":2283,"template":"","meta":{"ocean_post_layout":"","ocean_both_sidebars_style":"","ocean_both_sidebars_content_width":0,"ocean_both_sidebars_sidebars_width":0,"ocean_sidebar":"0","ocean_second_sidebar":"0","ocean_disable_margins":"enable","ocean_add_body_class":"","ocean_shortcode_before_top_bar":"","ocean_shortcode_after_top_bar":"","ocean_shortcode_before_header":"","ocean_shortcode_after_header":"","ocean_has_shortcode":"","ocean_shortcode_after_title":"","ocean_shortcode_before_footer_widgets":"","ocean_shortcode_after_footer_widgets":"","ocean_shortcode_before_footer_bottom":"","ocean_shortcode_after_footer_bottom":"","ocean_display_top_bar":"default","ocean_display_header":"default","ocean_header_style":"","ocean_center_header_left_menu":"0","ocean_custom_header_template":"0","ocean_custom_logo":0,"ocean_custom_retina_logo":0,"ocean_custom_logo_max_width":0,"ocean_custom_logo_tablet_max_width":0,"ocean_custom_logo_mobile_max_width":0,"ocean_custom_logo_max_height":0,"ocean_custom_logo_tablet_max_height":0,"ocean_custom_logo_mobile_max_height":0,"ocean_header_custom_menu":"0","ocean_menu_typo_font_family":"0","ocean_menu_typo_font_subset":"","ocean_menu_typo_font_size":0,"ocean_menu_typo_font_size_tablet":0,"ocean_menu_typo_font_size_mobile":0,"ocean_menu_typo_font_size_unit":"px","ocean_menu_typo_font_weight":"","ocean_menu_typo_font_weight_tablet":"","ocean_menu_typo_font_weight_mobile":"","ocean_menu_typo_transform":"","ocean_menu_typo_transform_tablet":"","ocean_menu_typo_transform_mobile":"","ocean_menu_typo_line_height":0,"ocean_menu_typo_line_height_tablet":0,"ocean_menu_typo_line_height_mobile":0,"ocean_menu_typo_line_height_unit":"","ocean_menu_typo_spacing":0,"ocean_menu_typo_spacing_tablet":0,"ocean_menu_typo_spacing_mobile":0,"ocean_menu_typo_spacing_unit":"","ocean_menu_link_color":"","ocean_menu_link_color_hover":"","ocean_menu_link_color_active":"","ocean_menu_link_background":"","ocean_menu_link_hover_background":"","ocean_menu_link_active_background":"","ocean_menu_social_links_bg":"","ocean_menu_social_hover_links_bg":"","ocean_menu_social_links_color":"","ocean_menu_social_hover_links_color":"","ocean_disable_title":"default","ocean_disable_heading":"default","ocean_post_title":"","ocean_post_subheading":"","ocean_post_title_style":"","ocean_post_title_background_color":"","ocean_post_title_background":0,"ocean_post_title_bg_image_position":"","ocean_post_title_bg_image_attachment":"","ocean_post_title_bg_image_repeat":"","ocean_post_title_bg_image_size":"","ocean_post_title_height":0,"ocean_post_title_bg_overlay":0.5,"ocean_post_title_bg_overlay_color":"","ocean_disable_breadcrumbs":"default","ocean_breadcrumbs_color":"","ocean_breadcrumbs_separator_color":"","ocean_breadcrumbs_links_color":"","ocean_breadcrumbs_links_hover_color":"","ocean_display_footer_widgets":"default","ocean_display_footer_bottom":"default","ocean_custom_footer_template":"0"},"product_brand":[],"product_cat":[62,85],"product_tag":[],"class_list":{"0":"post-3493","1":"product","2":"type-product","3":"status-publish","4":"has-post-thumbnail","6":"product_cat-ohksoojuspumbad","7":"product_cat-ohksoojuspumbad-daikin","9":"entry","10":"has-media","12":"first","13":"instock","14":"sale","15":"taxable","16":"shipping-taxable","17":"purchasable","18":"product-type-simple","19":"has-product-nav","20":"col","21":"span_1_of_4","22":"owp-content-center","23":"owp-thumbs-layout-horizontal","24":"owp-btn-normal","25":"owp-tabs-layout-horizontal"},"_links":{"self":[{"href":"https:\/\/kliimakoda.ee\/pood\/wp-json\/wp\/v2\/product\/3493","targetHints":{"allow":["GET"]}}],"collection":[{"href":"https:\/\/kliimakoda.ee\/pood\/wp-json\/wp\/v2\/product"}],"about":[{"href":"https:\/\/kliimakoda.ee\/pood\/wp-json\/wp\/v2\/types\/product"}],"wp:featuredmedia":[{"embeddable":true,"href":"https:\/\/kliimakoda.ee\/pood\/wp-json\/wp\/v2\/media\/2283"}],"wp:attachment":[{"href":"https:\/\/kliimakoda.ee\/pood\/wp-json\/wp\/v2\/media?parent=3493"}],"wp:term":[{"taxonomy":"product_brand","embeddable":true,"href":"https:\/\/kliimakoda.ee\/pood\/wp-json\/wp\/v2\/product_brand?post=3493"},{"taxonomy":"product_cat","embeddable":true,"href":"https:\/\/kliimakoda.ee\/pood\/wp-json\/wp\/v2\/product_cat?post=3493"},{"taxonomy":"product_tag","embeddable":true,"href":"https:\/\/kliimakoda.ee\/pood\/wp-json\/wp\/v2\/product_tag?post=3493"}],"curies":[{"name":"wp","href":"https:\/\/api.w.org\/{rel}","templated":true}]}}