{"id":3184,"date":"2023-05-10T08:43:48","date_gmt":"2023-05-10T08:43:48","guid":{"rendered":"https:\/\/kliimakoda.ee\/pood\/?post_type=product&#038;p=3184"},"modified":"2026-03-15T14:22:27","modified_gmt":"2026-03-15T14:22:27","slug":"ohk-vesi-nordis-optimus-pro-hop160widu-hop12wodu3-12kw-240l-boileriga","status":"publish","type":"product","link":"https:\/\/kliimakoda.ee\/pood\/toode\/ohk-vesi-nordis-optimus-pro-hop160widu-hop12wodu3-12kw-240l-boileriga\/","title":{"rendered":"\u00d5hk-Vesi N\u00d8RDIS Optimus Pro HOP160WIDU\/HOP12WODU3 12kw 240L boileriga"},"content":{"rendered":"<p><a href=\"https:\/\/kliimakoda.ee\/pood\/wp-content\/uploads\/2022\/05\/NORDIS-air-to-water-V438689_et_adobe-EST.pdf\">NORDIS air-to water V4[38689]_et_adobe EST\u00a0 \u2013 Informatiivne PDF\u00a0<\/a><\/p>\n<p><img loading=\"lazy\" decoding=\"async\" class=\"alignnone size-full wp-image-2692\" src=\"https:\/\/kliimakoda.ee\/pood\/wp-content\/uploads\/2022\/05\/Nordis-funktsionaalsus-16kw.png\" sizes=\"auto, (max-width: 1135px) 100vw, 1135px\" srcset=\"https:\/\/kliimakoda.ee\/pood\/wp-content\/uploads\/2022\/05\/Nordis-funktsionaalsus-16kw.png 1135w, https:\/\/kliimakoda.ee\/pood\/wp-content\/uploads\/2022\/05\/Nordis-funktsionaalsus-16kw-300x71.png 300w, https:\/\/kliimakoda.ee\/pood\/wp-content\/uploads\/2022\/05\/Nordis-funktsionaalsus-16kw-1024x241.png 1024w, https:\/\/kliimakoda.ee\/pood\/wp-content\/uploads\/2022\/05\/Nordis-funktsionaalsus-16kw-768x181.png 768w, https:\/\/kliimakoda.ee\/pood\/wp-content\/uploads\/2022\/05\/Nordis-funktsionaalsus-16kw-500x118.png 500w\" alt=\"\" width=\"1135\" height=\"267\" \/><\/p>\n<p>NORDIS Optimus Pro Split \u00f5hk-vesi soojuspumbad on m\u00f5eldud k\u00fctmiseks ja sooja tarbevee tootmiseks. \u00d5hk-vesi soojuspump tagab s\u00e4\u00e4stlikult kodu soojaks k\u00fctmise talvel ja sooja vee aastaringselt. N\u00d8RDIS Optimus Pro Split seeria soojuspumbad kasutavad invertertehnoloogiat. Tehnoloogia optimeerib mootori p\u00f6\u00f6rdeid ja tagab ruumis mugava soojushulga v\u00e4ikseima elektrikuluga ka siis, kui v\u00e4listemperatuur langeb -25 \u00b0C-ni.\u00a0 Soojuspumbas\u00fcsteem \u00fchildub p\u00f5randak\u00fctte, radiaatorite, puhurkonvektorite ja tarbeveeboileritega. Seega ei pea kogu s\u00fcsteemi \u00fcmber ehitama.<\/p>\n<p><strong>Eelsoojendus ja kuivatamine<\/strong><\/p>\n<p>P\u00d5RANDA EELSOOJENDUS JA KUIVATAMINE<br \/>\nKui p\u00f5randale j\u00e4\u00e4b enne p\u00f5randa k\u00fctmist suur kogus vett, v\u00f5ib p\u00f5rand k\u00fctmise k\u00e4igus v\u00e4\u00e4nduda v\u00f5i isegi praguneda. Pakume p\u00f5randak\u00fctte jaoks kahte re\u017eiimi. \u00dcks on eelk\u00fctmisre\u017eiim, mida kasutatakse p\u00e4rast esimese korruse silmuste paigaldamist, ja teine on kuivatusre\u017eiim hooajalise k\u00fctmise esimese k\u00fctmise ajal kasutamiseks. M\u00f5lemat re\u017eiimi kasutatakse p\u00f5randa kaitsmiseks. Protsessi k\u00e4igus t\u00f5stetakse veetemperatuuri j\u00e4rk-j\u00e4rgult.<\/p>\n<p>&nbsp;<\/p>\n<figure class=\"wp-block-image\"><img loading=\"lazy\" decoding=\"async\" class=\"alignnone size-full wp-image-2669\" src=\"https:\/\/kliimakoda.ee\/pood\/wp-content\/uploads\/2022\/05\/nordis-niiskus.webp\" sizes=\"auto, (max-width: 1017px) 100vw, 1017px\" srcset=\"https:\/\/kliimakoda.ee\/pood\/wp-content\/uploads\/2022\/05\/nordis-niiskus.webp 1017w, https:\/\/kliimakoda.ee\/pood\/wp-content\/uploads\/2022\/05\/nordis-niiskus-300x175.webp 300w, https:\/\/kliimakoda.ee\/pood\/wp-content\/uploads\/2022\/05\/nordis-niiskus-768x447.webp 768w, https:\/\/kliimakoda.ee\/pood\/wp-content\/uploads\/2022\/05\/nordis-niiskus-500x291.webp 500w\" alt=\"\" width=\"1017\" height=\"592\" \/><\/figure>\n<p>&nbsp;<\/p>\n<p><strong>Puhkusefunktsioon<\/strong><\/p>\n<p>Puhkusefunktsioon on s\u00fcsteemi ressursi- ja energias\u00e4\u00e4sture\u017eiim. Seade t\u00f6\u00f6tab k\u00fcttere\u017eiimis ja\/v\u00f5i sooja vee re\u017eiimis, s\u00e4ilitades samal ajal minimaalse veetemperatuuri, mis on vajalik s\u00fcsteemi k\u00fclmumise v\u00e4ltimiseks talvel. Enne koju naasmist saab kasutaja eelnevalt seadistada desinfitseerimisre\u017eiimi ning koju naastes kasutada kindlasti puhast bakterivaba vett.<\/p>\n<p>&nbsp;<\/p>\n<p><img loading=\"lazy\" decoding=\"async\" class=\"alignnone size-full wp-image-2668\" src=\"https:\/\/kliimakoda.ee\/pood\/wp-content\/uploads\/2022\/05\/Nordis-1.png\" sizes=\"auto, (max-width: 547px) 100vw, 547px\" srcset=\"https:\/\/kliimakoda.ee\/pood\/wp-content\/uploads\/2022\/05\/Nordis-1.png 547w, https:\/\/kliimakoda.ee\/pood\/wp-content\/uploads\/2022\/05\/Nordis-1-300x249.png 300w, https:\/\/kliimakoda.ee\/pood\/wp-content\/uploads\/2022\/05\/Nordis-1-500x415.png 500w\" alt=\"\" width=\"547\" height=\"454\" \/><\/p>\n<figure class=\"wp-block-image\"><\/figure>\n<p><strong>Vaikne re\u017eiim<\/strong><\/p>\n<p>T\u00e4nu tehniliste lahenduste k\u00f5rgele optimeerimistasemele on N\u00d8RDIS Optimus<\/p>\n<p>Tehniliste lahenduste k\u00f5rge optimeerituse t\u00f5ttu on N\u00d8RDIS Optimus Pro 4 kW seadmete helir\u00f5hutase 3 meetri kauguselt vaid 35 dB (A).<br \/>\nKatsetingimused: 10 20 30 40 50 60 70 80 90 100 110 120<\/p>\n<p>1. Aurusti \u00f5hk sisse 7 \u00b0C, 85% RH, kondensaatori vesi sisse\/v\u00e4lja 30\/35 \u00b0C<br \/>\n2. Kondensaatori \u00f5hk sisse 35 \u00b0C, aurusti vesi sisse\/v\u00e4lja 23\/18 \u00b0C.<\/p>\n<p><img loading=\"lazy\" decoding=\"async\" class=\"alignnone size-full wp-image-2671\" src=\"https:\/\/kliimakoda.ee\/pood\/wp-content\/uploads\/2022\/05\/Nordis-Optinmus-pro-35db.webp\" sizes=\"auto, (max-width: 1017px) 100vw, 1017px\" srcset=\"https:\/\/kliimakoda.ee\/pood\/wp-content\/uploads\/2022\/05\/Nordis-Optinmus-pro-35db.webp 1017w, https:\/\/kliimakoda.ee\/pood\/wp-content\/uploads\/2022\/05\/Nordis-Optinmus-pro-35db-300x175.webp 300w, https:\/\/kliimakoda.ee\/pood\/wp-content\/uploads\/2022\/05\/Nordis-Optinmus-pro-35db-768x447.webp 768w, https:\/\/kliimakoda.ee\/pood\/wp-content\/uploads\/2022\/05\/Nordis-Optinmus-pro-35db-500x291.webp 500w\" alt=\"\" width=\"1017\" height=\"592\" \/><\/p>\n<p>&nbsp;<\/p>\n<p><img loading=\"lazy\" decoding=\"async\" class=\"alignnone size-full wp-image-2675\" src=\"https:\/\/kliimakoda.ee\/pood\/wp-content\/uploads\/2022\/05\/Nordis-3.png\" sizes=\"auto, (max-width: 1005px) 100vw, 1005px\" srcset=\"https:\/\/kliimakoda.ee\/pood\/wp-content\/uploads\/2022\/05\/Nordis-3.png 1005w, https:\/\/kliimakoda.ee\/pood\/wp-content\/uploads\/2022\/05\/Nordis-3-300x102.png 300w, https:\/\/kliimakoda.ee\/pood\/wp-content\/uploads\/2022\/05\/Nordis-3-768x262.png 768w, https:\/\/kliimakoda.ee\/pood\/wp-content\/uploads\/2022\/05\/Nordis-3-500x171.png 500w\" alt=\"\" width=\"1005\" height=\"343\" \/><\/p>\n<figure class=\"wp-block-image\"><\/figure>\n<p><strong>Temperatuurik\u00f5vera funktsioon<\/strong><\/p>\n<p>Kasutades temperatuurik\u00f5vera funktsiooni, muutub soojuskandja temperatuur automaatselt, kui v\u00e4listemperatuur muutub. Kui v\u00e4lis\u00f5hu temperatuur t\u00f5useb, siis k\u00fcttekoormus v\u00e4heneb, mist\u00f5ttu soojuskandja temperatuur langeb automaatselt ja vastupidi \u2013 v\u00e4listemperatuuri langedes soojuskandja temperatuur t\u00f5useb. Erinevate mugavusvajaduste rahuldamiseks on kokku 32 fikseeritud (16 k\u00fctte- ja 16 jahutust) ja kaks (1 k\u00fctte- ja 1 jahutus) kasutaja m\u00e4\u00e4ratud temperatuurik\u00f5verat.<\/p>\n<p><strong>Nutikas elektri tarbimine<\/strong><\/p>\n<p>Soojuspump reguleerib oma t\u00f6\u00f6d automaatselt vastavalt sissetulevatele signaalidele. Et soojuspump t\u00f6\u00f6taks v\u00f5imalikult t\u00f5husalt, saab selle t\u00f6\u00f6aega automaatselt reguleerida vastavalt v\u00f5rgu maksimaalsele ja minimaalsele koormusele.<\/p>\n<p>ILMALE VASTAV TEMPERATUURIK\u00d5VER<br \/>\nIlmale vastava temperatuurik\u00f5vera funktsiooniga muutub veetemperatuur automaatselt, kui muutub v\u00e4lis\u00f5hu temperatuur. Kui v\u00e4lis\u00f5hu temperatuur t\u00f5useb\/langeb, siis k\u00fcttekoormus v\u00e4heneb\/t\u00f5useb ja veetemperatuur t\u00f5useb\/langeb automaatselt. Kui v\u00e4lis\u00f5hu temperatuur langeb\/t\u00f5useb, siis jahutuskoormus langeb\/t\u00f5useb ja veetemperatuur t\u00f5useb\/langeb automaatselt. Erinevatele temperatuurin\u00f5udmiste rahuldamiseks on kokku 32 fikseeritud ilmale vastavat temperatuurik\u00f5verat ja \u00fcks kasutaja m\u00e4\u00e4ratud k\u00f5ver.<\/p>\n<p><strong>Sooja tarbevee ringluse funktsioon<\/strong><\/p>\n<p>Sooja vee tsirkulatsiooni funktsiooni kasutatakse vee tagastamiseks torustikust kuumaveepaaki vastavalt seadistatud taimeriga. P\u00e4evas saab seadistada kokku 12 taimerit, mis aktiveerivad sooja vee tsirkulatsioonipumba vastavalt kasutaja kehtestatud igap\u00e4evastele vajadustele. See tagab hetkelise sooja veevarustuse.<\/p>\n<p><strong>Elektris\u00e4\u00e4st<\/strong><\/p>\n<p>N\u00d8RDIS Optimus Pro soojuspumbad on \u00f6koloogiline ja keskkonnas\u00f5bralik lahendus ruumide k\u00fctmiseks ja sooja vee tootmiseks taastuvaid energiaallikaid kasutades. Soojuspumbad vastavad k\u00f5rgeimale A+++ energiat\u00f5hususe klassile.<\/p>\n<p>&nbsp;<\/p>\n<p><img loading=\"lazy\" decoding=\"async\" class=\"alignnone size-full wp-image-2680\" src=\"https:\/\/kliimakoda.ee\/pood\/wp-content\/uploads\/2022\/05\/Nordis-tabel-2.png\" sizes=\"auto, (max-width: 1019px) 100vw, 1019px\" srcset=\"https:\/\/kliimakoda.ee\/pood\/wp-content\/uploads\/2022\/05\/Nordis-tabel-2.png 1019w, https:\/\/kliimakoda.ee\/pood\/wp-content\/uploads\/2022\/05\/Nordis-tabel-2-300x254.png 300w, https:\/\/kliimakoda.ee\/pood\/wp-content\/uploads\/2022\/05\/Nordis-tabel-2-768x650.png 768w, https:\/\/kliimakoda.ee\/pood\/wp-content\/uploads\/2022\/05\/Nordis-tabel-2-500x423.png 500w\" alt=\"\" width=\"1019\" height=\"862\" \/><\/p>\n<p>&nbsp;<\/p>\n","protected":false},"excerpt":{"rendered":"<p>FUNKTSIOONID<br \/>\n\u2022 Integreeritud roostevabast terasest veepaak mahuga\u00a0 240 l,<br \/>\n\u2022 kaasaegne juhtmega kontroller h\u00f5lpsaks kasutamiseks,<br \/>\n\u2022 integreeritud WIFI-moodul seadme juhtimiseks nutitelefoni abil,<br \/>\n\u2022 Wilo v\u00f5i Shimge tsirkulatsioonipump,<br \/>\n\u2022 Alfa Lavali soojusvaheti,<br \/>\n\u2022 ilmale vastava temperatuurik\u00f5vera funktsioon,<br \/>\n\u2022 sooja olmevee desinfitseerimine,<br \/>\n\u2022 integreeritud t\u00e4iendav elektriline veesoojendi.<\/p>\n<p>Integreeritud tarbeveeboileriga \u00f5hk-vesi soojuspumpadel on erineva v\u00f5imsuse ja m\u00fcratasemega kaks seadet.<br \/>\nSeadmetesse integreeritud uusimad tehnoloogiad tagavad k\u00f5rge j\u00f5udluse ja madalaimad t\u00f6\u00f6kulud. Soojuspumpade<br \/>\nkombinatsioon pakub optimaalseid v\u00f5imalusi k\u00fctmiseks, jahutamiseks ja vee soojendamiseks<\/p>\n<p>Tallinn l\u00e4hi\u00fcmbrus transport hinnas,mujale rakendub teenustasu!<\/p>\n","protected":false},"featured_media":3936,"template":"","meta":{"ocean_post_layout":"","ocean_both_sidebars_style":"","ocean_both_sidebars_content_width":0,"ocean_both_sidebars_sidebars_width":0,"ocean_sidebar":"0","ocean_second_sidebar":"0","ocean_disable_margins":"enable","ocean_add_body_class":"","ocean_shortcode_before_top_bar":"","ocean_shortcode_after_top_bar":"","ocean_shortcode_before_header":"","ocean_shortcode_after_header":"","ocean_has_shortcode":"","ocean_shortcode_after_title":"","ocean_shortcode_before_footer_widgets":"","ocean_shortcode_after_footer_widgets":"","ocean_shortcode_before_footer_bottom":"","ocean_shortcode_after_footer_bottom":"","ocean_display_top_bar":"default","ocean_display_header":"default","ocean_header_style":"","ocean_center_header_left_menu":"0","ocean_custom_header_template":"0","ocean_custom_logo":0,"ocean_custom_retina_logo":0,"ocean_custom_logo_max_width":0,"ocean_custom_logo_tablet_max_width":0,"ocean_custom_logo_mobile_max_width":0,"ocean_custom_logo_max_height":0,"ocean_custom_logo_tablet_max_height":0,"ocean_custom_logo_mobile_max_height":0,"ocean_header_custom_menu":"0","ocean_menu_typo_font_family":"0","ocean_menu_typo_font_subset":"","ocean_menu_typo_font_size":0,"ocean_menu_typo_font_size_tablet":0,"ocean_menu_typo_font_size_mobile":0,"ocean_menu_typo_font_size_unit":"px","ocean_menu_typo_font_weight":"","ocean_menu_typo_font_weight_tablet":"","ocean_menu_typo_font_weight_mobile":"","ocean_menu_typo_transform":"","ocean_menu_typo_transform_tablet":"","ocean_menu_typo_transform_mobile":"","ocean_menu_typo_line_height":0,"ocean_menu_typo_line_height_tablet":0,"ocean_menu_typo_line_height_mobile":0,"ocean_menu_typo_line_height_unit":"","ocean_menu_typo_spacing":0,"ocean_menu_typo_spacing_tablet":0,"ocean_menu_typo_spacing_mobile":0,"ocean_menu_typo_spacing_unit":"","ocean_menu_link_color":"","ocean_menu_link_color_hover":"","ocean_menu_link_color_active":"","ocean_menu_link_background":"","ocean_menu_link_hover_background":"","ocean_menu_link_active_background":"","ocean_menu_social_links_bg":"","ocean_menu_social_hover_links_bg":"","ocean_menu_social_links_color":"","ocean_menu_social_hover_links_color":"","ocean_disable_title":"default","ocean_disable_heading":"default","ocean_post_title":"","ocean_post_subheading":"","ocean_post_title_style":"","ocean_post_title_background_color":"","ocean_post_title_background":0,"ocean_post_title_bg_image_position":"","ocean_post_title_bg_image_attachment":"","ocean_post_title_bg_image_repeat":"","ocean_post_title_bg_image_size":"","ocean_post_title_height":0,"ocean_post_title_bg_overlay":0.5,"ocean_post_title_bg_overlay_color":"","ocean_disable_breadcrumbs":"default","ocean_breadcrumbs_color":"","ocean_breadcrumbs_separator_color":"","ocean_breadcrumbs_links_color":"","ocean_breadcrumbs_links_hover_color":"","ocean_display_footer_widgets":"default","ocean_display_footer_bottom":"default","ocean_custom_footer_template":"0"},"product_brand":[],"product_cat":[223,101],"product_tag":[],"class_list":{"0":"post-3184","1":"product","2":"type-product","3":"status-publish","4":"has-post-thumbnail","6":"product_cat-ohk-vesi-nordis-optimus-pro","7":"product_cat-ohk-vesi-soojuspumbad","9":"entry","10":"has-media","12":"first","13":"instock","14":"taxable","15":"shipping-taxable","16":"purchasable","17":"product-type-simple","18":"has-product-nav","19":"col","20":"span_1_of_4","21":"owp-content-center","22":"owp-thumbs-layout-horizontal","23":"owp-btn-normal","24":"owp-tabs-layout-horizontal","25":"has-no-thumbnails"},"_links":{"self":[{"href":"https:\/\/kliimakoda.ee\/pood\/wp-json\/wp\/v2\/product\/3184","targetHints":{"allow":["GET"]}}],"collection":[{"href":"https:\/\/kliimakoda.ee\/pood\/wp-json\/wp\/v2\/product"}],"about":[{"href":"https:\/\/kliimakoda.ee\/pood\/wp-json\/wp\/v2\/types\/product"}],"wp:featuredmedia":[{"embeddable":true,"href":"https:\/\/kliimakoda.ee\/pood\/wp-json\/wp\/v2\/media\/3936"}],"wp:attachment":[{"href":"https:\/\/kliimakoda.ee\/pood\/wp-json\/wp\/v2\/media?parent=3184"}],"wp:term":[{"taxonomy":"product_brand","embeddable":true,"href":"https:\/\/kliimakoda.ee\/pood\/wp-json\/wp\/v2\/product_brand?post=3184"},{"taxonomy":"product_cat","embeddable":true,"href":"https:\/\/kliimakoda.ee\/pood\/wp-json\/wp\/v2\/product_cat?post=3184"},{"taxonomy":"product_tag","embeddable":true,"href":"https:\/\/kliimakoda.ee\/pood\/wp-json\/wp\/v2\/product_tag?post=3184"}],"curies":[{"name":"wp","href":"https:\/\/api.w.org\/{rel}","templated":true}]}}