{"id":3103,"date":"2023-03-01T16:18:34","date_gmt":"2023-03-01T16:18:34","guid":{"rendered":"https:\/\/kliimakoda.ee\/pood\/?post_type=product&#038;p=3103"},"modified":"2026-03-26T08:02:11","modified_gmt":"2026-03-26T08:02:11","slug":"daikin-perfera-fvxm35a9-rxtp35r-r32-porandamudel","status":"publish","type":"product","link":"https:\/\/kliimakoda.ee\/pood\/toode\/daikin-perfera-fvxm35a9-rxtp35r-r32-porandamudel\/","title":{"rendered":"Daikin Perfera FVXM35B\/RXM35A9 R32 p\u00f5randamudel"},"content":{"rendered":"<h2 class=\"technical-info-title\">Tehnilised andmed<\/h2>\n<div class=\"technical-info-table\">\n<table class=\"table\">\n<thead>\n<tr>\n<th>Tootja<\/th>\n<th>Daikin<\/th>\n<th>Daikin<\/th>\n<th>Daikin<\/th>\n<\/tr>\n<tr>\n<th>Mudel<\/th>\n<th>Perfera 25<\/th>\n<th>Perfera 35<\/th>\n<th>Perfera 50<\/th>\n<\/tr>\n<tr>\n<th><span class=\"table-title\">K\u00f6etav pind<\/span><\/th>\n<th><span class=\"product-name\">kuni 30 m\u00b2<\/span><\/th>\n<th><span class=\"product-name\">kuni 40 m\u00b2<\/span><\/th>\n<th><span class=\"product-name\">kuni 50 m\u00b2<\/span><\/th>\n<\/tr>\n<tr>\n<th><span class=\"table-title\">Jahutatav pind<\/span><\/th>\n<th><span class=\"product-name\">kuni 30 m2<\/span><\/th>\n<th><span class=\"product-name\">kuni 40 m2<\/span><\/th>\n<th><span class=\"product-name\">kuni 60 m2<\/span><\/th>\n<\/tr>\n<\/thead>\n<tbody>\n<tr>\n<td>Tootekood<\/td>\n<td>FVXM25B + RXM25A9<\/td>\n<td>FVXM35B+ RXM35A9<\/td>\n<td>FVXM50B + RXM50A8<\/td>\n<\/tr>\n<tr>\n<td>K\u00fcttev\u00f5imsus (Min.\/Nom.\/Max.)<\/td>\n<td>1.3\/3.4\/4.7 kW<\/td>\n<td>1.4\/4.5\/5.8 kW<\/td>\n<td>1.4\/5.8\/8.1 kW<\/td>\n<\/tr>\n<tr>\n<td>Jahutusv\u00f5imsus (Min.\/Nom.\/Max.)<\/td>\n<td>1.3\/2.4\/3.5 kW<\/td>\n<td>1.4\/3.4\/4.0 kW<\/td>\n<td>1.4\/5.0\/5.8 kW<\/td>\n<\/tr>\n<tr>\n<td>Toote t\u00fc\u00fcp<\/td>\n<td>Konditsioneer<\/td>\n<td>Konditsioneer<\/td>\n<td>Konditsioneer<\/td>\n<\/tr>\n<tr>\n<td>Energiaklass<\/td>\n<td>A+++\/A++<\/td>\n<td>A++<\/td>\n<td>A++<\/td>\n<\/tr>\n<tr>\n<td>SCOP<\/td>\n<td>4.65<\/td>\n<td>4.63<\/td>\n<td>4.31<\/td>\n<\/tr>\n<tr>\n<td>Garantii<\/td>\n<td>2 aastat<\/td>\n<td>2 aastat<\/td>\n<td>2 aastat<\/td>\n<\/tr>\n<tr>\n<td>Eestikeelne men\u00fc\u00fc<\/td>\n<td>Jah<\/td>\n<td>Jah<\/td>\n<td>Jah<\/td>\n<\/tr>\n<tr>\n<td>WiFi nutikas kaugjuhtimine<\/td>\n<td>Jah<\/td>\n<td>Jah<\/td>\n<td>Jah<\/td>\n<\/tr>\n<tr>\n<td>V\u00e4rv<\/td>\n<td>Valge<\/td>\n<td>Valge<\/td>\n<td>Valge<\/td>\n<\/tr>\n<tr>\n<td>T\u00f6\u00f6piir (Jahutus)<\/td>\n<td>-10 ~ 46 \u00b0C<\/td>\n<td>-10 ~ 46 \u00b0C<\/td>\n<td>-10 ~ 46 \u00b0C<\/td>\n<\/tr>\n<tr>\n<td>T\u00f6\u00f6piir (K\u00fcte)<\/td>\n<td>-15 ~ 24* \u00b0C<\/td>\n<td>-15 ~ 24* \u00b0C<\/td>\n<td>-15 ~ 24* \u00b0C<\/td>\n<\/tr>\n<tr>\n<td>K\u00fclmaaine<\/td>\n<td>R32<\/td>\n<td>R32<\/td>\n<td>R32<\/td>\n<\/tr>\n<tr>\n<td>Torustiku m\u00f5\u00f5t (Vedel\/Gaas)<\/td>\n<td>6.35\/9.5 mm<\/td>\n<td>6.35\/9.5 mm<\/td>\n<td>6\/12.7 mm<\/td>\n<\/tr>\n<tr>\n<td>Maksimaalne k\u00f5rguste vahe<\/td>\n<td>15 m<\/td>\n<td>15 m<\/td>\n<td>20 m<\/td>\n<\/tr>\n<tr>\n<td>Maksimaalne trassi pikkus<\/td>\n<td>20 m<\/td>\n<td>20 m<\/td>\n<td>30 m<\/td>\n<\/tr>\n<tr>\n<td>Toitepinge<\/td>\n<td>1\/50\/220-240 V\/Ph\/Hz<\/td>\n<td>1\/50\/220-240 V\/Ph\/Hz<\/td>\n<td>1\/50\/220-240 V\/Ph\/Hz<\/td>\n<\/tr>\n<tr>\n<td>Kaitseautomaat<\/td>\n<td>13 A<\/td>\n<td>13 A<\/td>\n<td>16 A<\/td>\n<\/tr>\n<tr>\n<td>K\u00fcttev\u00f5imsus (Nom.)<\/td>\n<td>3.4 kW<\/td>\n<td>4.5 kW<\/td>\n<td>5.8 kW<\/td>\n<\/tr>\n<tr>\n<td>Jahutusv\u00f5imsus (Nom.)<\/td>\n<td>2.4 kW<\/td>\n<td>3.4 kW<\/td>\n<td>5.0 kW<\/td>\n<\/tr>\n<tr>\n<td>SCOP (Soe\/kesk.\/k\u00fclm kliima)<\/td>\n<td>4.70<\/td>\n<td>4.70<\/td>\n<td>4.70<\/td>\n<\/tr>\n<tr>\n<td>SEER<\/td>\n<td>6.50<\/td>\n<td>6.50<\/td>\n<td>6.50<\/td>\n<\/tr>\n<tr>\n<td>Ilma v\u00e4lisosata<\/td>\n<td>Ei<\/td>\n<td>Ei<\/td>\n<td>Ei<\/td>\n<\/tr>\n<tr>\n<td>V\u00f5imaldab mitu siseosa<\/td>\n<td>Ei<\/td>\n<td>Ei<\/td>\n<td>Ei<\/td>\n<\/tr>\n<tr>\n<td class=\"row-subheader\" colspan=\"4\">Siseosa<\/td>\n<\/tr>\n<tr>\n<td>Siseosa kaal<\/td>\n<td>17 kg<\/td>\n<td>17 kg<\/td>\n<td>17 kg<\/td>\n<\/tr>\n<tr>\n<td>Siseosa m\u00f5\u00f5dud (laius x k\u00f5rgus x s\u00fcgavus)<\/td>\n<td>600x750x238 mm<\/td>\n<td>600x750x238 mm<\/td>\n<td>600x750x238 mm<\/td>\n<\/tr>\n<tr>\n<td>M\u00fcratase siseseade<\/td>\n<td>20\/25\/38 dB(A)<\/td>\n<td>20\/25\/39 dB(A)<\/td>\n<td>27\/31\/44 dB(A)<\/td>\n<\/tr>\n<tr>\n<td class=\"row-subheader\" colspan=\"4\">V\u00e4lisosa<\/td>\n<\/tr>\n<tr>\n<td>V\u00e4lisosa kaal<\/td>\n<td>32 kg<\/td>\n<td>32 kg<\/td>\n<td>49 kg<\/td>\n<\/tr>\n<tr>\n<td>V\u00e4lisosa m\u00f5\u00f5dud (laius x k\u00f5rgus x s\u00fcgavus)<\/td>\n<td>552x840x350 mm<\/td>\n<td>552x840x350 mm<\/td>\n<td>734x954x401 mm<\/td>\n<\/tr>\n<tr>\n<td>M\u00fcratase v\u00e4lisosa<\/td>\n<td>47 dB(A)<\/td>\n<td>49 dB(A)<\/td>\n<td>49 dB(A)<\/td>\n<\/tr>\n<\/tbody>\n<\/table>\n<\/div>\n","protected":false},"excerpt":{"rendered":"<ul>\n<li>Sosinvaikne: m\u00fcratase 19dB<\/li>\n<li>Energiaklass jahutus\/k\u00fcte = A++\/A+++(A+ k\u00fclmas kliimatsoonis)<\/li>\n<li>T\u00f6\u00f6tab efektiivselt kuni -25\u00b0C v\u00e4lis\u00f5hu temperatuuril<\/li>\n<li>V\u00f5imalus kasutada multi siseosana (kuni 5 siseosa, s\u00f5ltub mudelist ja v\u00e4lisosa v\u00f5imsusest)<\/li>\n<li>Integreeritud WiFi kontroller<\/li>\n<li>Onecta rakendus: juhi \u00f5hksoojuspumpa, mis tahes asukohast rakenduse abil<\/li>\n<li>3 unikaalset k\u00fcttefunktsiooni (Heat Boost, Floor Warming, Heat Plus)<\/li>\n<li>Flash Streamer tehnoloogia tagab puhtama \u00f5hu<\/li>\n<li>Kahe t\u00f6\u00f6tsooniga nutikas sensor (Daikin Eye)<\/li>\n<\/ul>\n<p>&nbsp;<\/p>\n<div class=\"meta-item\">\n<div class=\"meta-content\">\n<div class=\"meta-label\">K\u00f6etav pind<\/div>\n<div class=\"meta-data\">kuni 40 m\u00b2<\/div>\n<\/div>\n<\/div>\n<div class=\"meta-item\">\n<div class=\"meta-icon\"><\/div>\n<div class=\"meta-content\">\n<div class=\"meta-label\">Jahutatav pind<\/div>\n<div class=\"meta-data\">kuni 40 m2<\/div>\n<\/div>\n<\/div>\n<div class=\"meta-item\">\n<div class=\"meta-icon\"><img decoding=\"async\" src=\"https:\/\/citykliima.ee\/assets\/images\/highlight-icons\/4.svg\" alt=\"\" \/><\/div>\n<div class=\"meta-content\">\n<div class=\"meta-label\">Energiaklass<\/div>\n<div class=\"meta-data\">A++<\/div>\n<\/div>\n<\/div>\n<div class=\"meta-item\">\n<div class=\"meta-icon\"><\/div>\n<div class=\"meta-content\">\n<div class=\"meta-label\">Garantii<\/div>\n<div class=\"meta-data\">2 aastat<\/div>\n<\/div>\n<\/div>\n<div class=\"meta-item\">\n<div class=\"meta-icon\"><\/div>\n<div class=\"meta-content\">\n<div class=\"meta-label\">K\u00fclmaaine<\/div>\n<div class=\"meta-data\">R32<\/div>\n<\/div>\n<\/div>\n<div class=\"meta-item\">\n<div class=\"meta-icon\"><img decoding=\"async\" src=\"https:\/\/citykliima.ee\/assets\/images\/highlight-icons\/64.svg\" alt=\"\" \/><\/div>\n<div class=\"meta-content\">\n<div class=\"meta-label\">Jahutusv\u00f5imsus (Nom.)<\/div>\n<div class=\"meta-data\">3.4 kW<\/div>\n<div><\/div>\n<\/div>\n<\/div>\n<p>Siseosaga \u00fchendamiseks on vajalik adapter EKRS21. Wifi funktsioon peab olema deaktiveeritud.<\/p>\n","protected":false},"featured_media":3101,"template":"","meta":{"ocean_post_layout":"","ocean_both_sidebars_style":"","ocean_both_sidebars_content_width":0,"ocean_both_sidebars_sidebars_width":0,"ocean_sidebar":"0","ocean_second_sidebar":"0","ocean_disable_margins":"enable","ocean_add_body_class":"","ocean_shortcode_before_top_bar":"","ocean_shortcode_after_top_bar":"","ocean_shortcode_before_header":"","ocean_shortcode_after_header":"","ocean_has_shortcode":"","ocean_shortcode_after_title":"","ocean_shortcode_before_footer_widgets":"","ocean_shortcode_after_footer_widgets":"","ocean_shortcode_before_footer_bottom":"","ocean_shortcode_after_footer_bottom":"","ocean_display_top_bar":"default","ocean_display_header":"default","ocean_header_style":"","ocean_center_header_left_menu":"0","ocean_custom_header_template":"0","ocean_custom_logo":0,"ocean_custom_retina_logo":0,"ocean_custom_logo_max_width":0,"ocean_custom_logo_tablet_max_width":0,"ocean_custom_logo_mobile_max_width":0,"ocean_custom_logo_max_height":0,"ocean_custom_logo_tablet_max_height":0,"ocean_custom_logo_mobile_max_height":0,"ocean_header_custom_menu":"0","ocean_menu_typo_font_family":"0","ocean_menu_typo_font_subset":"","ocean_menu_typo_font_size":0,"ocean_menu_typo_font_size_tablet":0,"ocean_menu_typo_font_size_mobile":0,"ocean_menu_typo_font_size_unit":"px","ocean_menu_typo_font_weight":"","ocean_menu_typo_font_weight_tablet":"","ocean_menu_typo_font_weight_mobile":"","ocean_menu_typo_transform":"","ocean_menu_typo_transform_tablet":"","ocean_menu_typo_transform_mobile":"","ocean_menu_typo_line_height":0,"ocean_menu_typo_line_height_tablet":0,"ocean_menu_typo_line_height_mobile":0,"ocean_menu_typo_line_height_unit":"","ocean_menu_typo_spacing":0,"ocean_menu_typo_spacing_tablet":0,"ocean_menu_typo_spacing_mobile":0,"ocean_menu_typo_spacing_unit":"","ocean_menu_link_color":"","ocean_menu_link_color_hover":"","ocean_menu_link_color_active":"","ocean_menu_link_background":"","ocean_menu_link_hover_background":"","ocean_menu_link_active_background":"","ocean_menu_social_links_bg":"","ocean_menu_social_hover_links_bg":"","ocean_menu_social_links_color":"","ocean_menu_social_hover_links_color":"","ocean_disable_title":"default","ocean_disable_heading":"default","ocean_post_title":"","ocean_post_subheading":"","ocean_post_title_style":"","ocean_post_title_background_color":"","ocean_post_title_background":0,"ocean_post_title_bg_image_position":"","ocean_post_title_bg_image_attachment":"","ocean_post_title_bg_image_repeat":"","ocean_post_title_bg_image_size":"","ocean_post_title_height":0,"ocean_post_title_bg_overlay":0.5,"ocean_post_title_bg_overlay_color":"","ocean_disable_breadcrumbs":"default","ocean_breadcrumbs_color":"","ocean_breadcrumbs_separator_color":"","ocean_breadcrumbs_links_color":"","ocean_breadcrumbs_links_hover_color":"","ocean_display_footer_widgets":"default","ocean_display_footer_bottom":"default","ocean_custom_footer_template":"0"},"product_brand":[],"product_cat":[59,77,91],"product_tag":[],"class_list":{"0":"post-3103","1":"product","2":"type-product","3":"status-publish","4":"has-post-thumbnail","6":"product_cat-jahutusseadmed","7":"product_cat-jahutusseadmed-daikin","8":"product_cat-porandamudelid","10":"entry","11":"has-media","13":"first","14":"instock","15":"taxable","16":"shipping-taxable","17":"purchasable","18":"product-type-simple","19":"has-product-nav","20":"col","21":"span_1_of_4","22":"owp-content-center","23":"owp-thumbs-layout-horizontal","24":"owp-btn-normal","25":"owp-tabs-layout-horizontal"},"_links":{"self":[{"href":"https:\/\/kliimakoda.ee\/pood\/wp-json\/wp\/v2\/product\/3103","targetHints":{"allow":["GET"]}}],"collection":[{"href":"https:\/\/kliimakoda.ee\/pood\/wp-json\/wp\/v2\/product"}],"about":[{"href":"https:\/\/kliimakoda.ee\/pood\/wp-json\/wp\/v2\/types\/product"}],"wp:featuredmedia":[{"embeddable":true,"href":"https:\/\/kliimakoda.ee\/pood\/wp-json\/wp\/v2\/media\/3101"}],"wp:attachment":[{"href":"https:\/\/kliimakoda.ee\/pood\/wp-json\/wp\/v2\/media?parent=3103"}],"wp:term":[{"taxonomy":"product_brand","embeddable":true,"href":"https:\/\/kliimakoda.ee\/pood\/wp-json\/wp\/v2\/product_brand?post=3103"},{"taxonomy":"product_cat","embeddable":true,"href":"https:\/\/kliimakoda.ee\/pood\/wp-json\/wp\/v2\/product_cat?post=3103"},{"taxonomy":"product_tag","embeddable":true,"href":"https:\/\/kliimakoda.ee\/pood\/wp-json\/wp\/v2\/product_tag?post=3103"}],"curies":[{"name":"wp","href":"https:\/\/api.w.org\/{rel}","templated":true}]}}