{"id":3094,"date":"2023-03-01T07:17:45","date_gmt":"2023-03-01T07:17:45","guid":{"rendered":"https:\/\/kliimakoda.ee\/pood\/?post_type=product&#038;p=3094"},"modified":"2026-03-04T13:46:17","modified_gmt":"2026-03-04T13:46:17","slug":"daikin-altherma-3-ehvx08s18ea9w-erga06evh-6kw-ohk-vesi-soojuspump-koos-230l-tarbeveeboileriga","status":"publish","type":"product","link":"https:\/\/kliimakoda.ee\/pood\/toode\/daikin-altherma-3-ehvx08s18ea9w-erga06evh-6kw-ohk-vesi-soojuspump-koos-230l-tarbeveeboileriga\/","title":{"rendered":"Daikin Altherma 3 EHVH04S18E6V\/ERGA04EV 6kw \u00f5hk-vesi soojuspump koos 180l tarbeveeboileriga"},"content":{"rendered":"<h2>\u00d5hk-vesi soojuspump integreeritud 180 l tarbeveeboileriga Daikin Altherma 3.<\/h2>\n<h3>T\u00f6\u00f6tab efektiivselt v\u00e4listemperatuuridel kuni -25\u00b0C.<\/h3>\n<h3>Daikin Altherma 3 madalatemperatuuriline soojuspump on osa uuenduslikust tootesarjast, mis pakub kliimajuhtimise tipptaset<\/h3>\n<p>\u2022 Kuna kaasas on k\u00f5ik h\u00fcdraulikakomponendid, puudub vajadus teiste tootjate komponentide j\u00e4rele<br \/>\n\u2022 V\u00e4lisseade eraldab v\u00e4lis\u00f5hust soojust isegi -25 \u00b0C tempratuuri tingimustes<br \/>\n\u2022 Tr\u00fckkplaat ja h\u00fcdraulikakomponendid on ligip\u00e4\u00e4su lihtsustamiseks seadme esiosas<br \/>\n\u2022 T\u00e4nu seadme kompaktsusele on vaja v\u00e4he paigalduspinda, sest k\u00fclgedele ei pea j\u00e4tma peaaegu \u00fcldse vaba ruumi<br \/>\n\u2022 Stiilse v\u00e4limusega seade sobib kokku teiste majapidamisseadmetega<br \/>\n\u2022 \u00dchendatav roostevaba boileri v\u00f5i ECH2O soojussalvestiga.<\/p>\n<h2>T\u00f6\u00f6kindlus on tagatud kuni -25 \u00b0C<\/h2>\n<p>Daikini seadmed sobivad igasse kliimasse ja t\u00e4nu oma t\u00f6\u00f6vahemikule kuni -25 \u00b0C peavad need vastu isegi k\u00f5ige karmimates talvetingimustes.<\/p>\n<h2>Integreeritud WIFI controller.<\/h2>\n<p>Loomulikult on k\u00e4eulatuses ka igap\u00e4evane juhtimine veebirakenduse kaudu!<\/p>\n<h2>Stiilne ja elegantne\u00a0<a href=\"https:\/\/www.greenspirit.ee\/madoka-juhtmega-kaugjuhtimispult-brc1hhd-k-s-w\" target=\"_blank\" rel=\"noopener\">Madoka juhtmega kaugjuhtimispult<\/a>\u00a0on saadaval kolmes v\u00e4rvitoonis (valikseade)<\/h2>\n<p>T\u00e4iesti uue disainiga kontroller, mis on eriti kasutajas\u00f5bralik.<\/p>\n<table class=\"table table-bordered\">\n<thead>\n<tr>\n<td colspan=\"2\"><strong>J\u00f5udlus<\/strong><\/td>\n<\/tr>\n<\/thead>\n<tbody>\n<tr>\n<td>K\u00f6etava pinna suurus, m\u00b2<\/td>\n<td>60-150<\/td>\n<\/tr>\n<tr>\n<td>Turvak\u00fcte, V\u00f5imsus, \u043aW\/tk<\/td>\n<td>3,0-9,0<\/td>\n<\/tr>\n<tr>\n<td>V\u00e4lis\u00f5hu lubatud t\u00f6\u00f6piirkond k\u00fctmisel, \u00b0C<\/td>\n<td>-25&#8230;+35<\/td>\n<\/tr>\n<tr>\n<td>+7\u00b0C\/+35\u00b0C p\u00f5randak\u00fcte, K\u00fctte v\u00f5imsus, kW<\/td>\n<td>6,0<\/td>\n<\/tr>\n<tr>\n<td>+7\u00b0C\/+35\u00b0C p\u00f5randak\u00fcte, Tarbimisv\u00f5imsus, kW<\/td>\n<td>1,24<\/td>\n<\/tr>\n<tr>\n<td>+7\u00b0C\/+35\u00b0C p\u00f5randak\u00fcte, COP<\/td>\n<td>4,85<\/td>\n<\/tr>\n<\/tbody>\n<thead>\n<tr>\n<td colspan=\"2\"><strong>\u00dcldomadused<\/strong><\/td>\n<\/tr>\n<\/thead>\n<tbody>\n<tr>\n<td>K\u00fcte. Pealevoolu vee temperatuuri vahemik, \u00b0C<\/td>\n<td>+15&#8230;+65<\/td>\n<\/tr>\n<tr>\n<td>Soe tarbevesi. Pealevoolu vee temperatuuri vahemik, \u00b0C<\/td>\n<td>+25&#8230;+60<\/td>\n<\/tr>\n<tr>\n<td>Tarbevee mahuti, L<\/td>\n<td>230<\/td>\n<\/tr>\n<tr>\n<td>M\u00fcratase v\u00e4ljas, dB(A)<\/td>\n<td>49<\/td>\n<\/tr>\n<tr>\n<td>K\u00fclmaaine<\/td>\n<td>R32 (1,5 kg, &gt;10m + 20g\/m)<\/td>\n<\/tr>\n<\/tbody>\n<thead>\n<tr>\n<td colspan=\"2\"><strong>\u041c\u00f5\u00f5tmed ja kaal<\/strong><\/td>\n<\/tr>\n<\/thead>\n<tbody>\n<tr>\n<td>Siseosa m\u00f5\u00f5tmed L x K x S, mm<\/td>\n<td>595\u04451650\u0445625<\/td>\n<\/tr>\n<tr>\n<td>V\u00e4lisosa m\u00f5\u00f5tmed L x K x S, mm<\/td>\n<td>884\u0445740\u0445388<\/td>\n<\/tr>\n<tr>\n<td>Kaal siseosal, kg<\/td>\n<td>42,4<\/td>\n<\/tr>\n<tr>\n<td>Kaal v\u00e4lisosal, kg<\/td>\n<td>58,5<\/td>\n<\/tr>\n<\/tbody>\n<thead>\n<tr>\n<td colspan=\"2\"><strong>Paigaldusinfo<\/strong><\/td>\n<\/tr>\n<\/thead>\n<tbody>\n<tr>\n<td>Elektritoide, V\/Hz\/faas<\/td>\n<td>400\/50\/3 + 230\/50\/1<\/td>\n<\/tr>\n<tr>\n<td>Elektri\u00fchendus<\/td>\n<td>siiseosale, v\u00e4lisosale<\/td>\n<\/tr>\n<tr>\n<td>Voolutugevus, v\u00e4lisseade, Nominaalne\/Max, A<\/td>\n<td>5,4\/-<\/td>\n<\/tr>\n<tr>\n<td>Voolutugevus, siseosa, Max, A<\/td>\n<td>13<\/td>\n<\/tr>\n<tr>\n<td>Veetorustike \u00fchenduse l\u00e4bim\u00f5\u00f5t, Peale\/Tagasivool, mm<\/td>\n<td>G 1&#8243; (SK)<\/td>\n<\/tr>\n<tr>\n<td>K\u00fclmaaine toru\u00fchendused, \u2033<\/td>\n<td>1\/4-5\/8<\/td>\n<\/tr>\n<tr>\n<td>Max. horisontaalne toru pikkus, m<\/td>\n<td>Min\/Max 3\/30<\/td>\n<\/tr>\n<tr>\n<td>Max. vertikaalne toru pikkus, m<\/td>\n<td>20<\/td>\n<\/tr>\n<\/tbody>\n<\/table>\n","protected":false},"excerpt":{"rendered":"<p>Tark WIFI juhtimine<br \/>\n&#8211; P\u00f5hjasoojenduseta v\u00e4lisosa<br \/>\n&#8211; Bi-zone 2 k\u00fctteringi\/veepumbaga (EHVZ siseosa)<br \/>\n&#8211; Magnetiitfilter ja by-pass klapp komplektis<br \/>\n&#8211; Eestikeelne men\u00fc\u00fc<br \/>\n&#8211; V\u00e4lisosa ei vaja p\u00f5hjasulatuskaablit<br \/>\n&#8211; Elektrib\u00f6rsi hinna j\u00e4rgimine (lisa)<br \/>\n&#8211; Inverter SWING kompressor<br \/>\n&#8211; EHVH k\u00fcttemudel \/ EHVX k\u00fctte- ja jahutusmudel<\/p>\n<p>&nbsp;<\/p>\n","protected":false},"featured_media":2948,"template":"","meta":{"ocean_post_layout":"","ocean_both_sidebars_style":"","ocean_both_sidebars_content_width":0,"ocean_both_sidebars_sidebars_width":0,"ocean_sidebar":"0","ocean_second_sidebar":"0","ocean_disable_margins":"enable","ocean_add_body_class":"","ocean_shortcode_before_top_bar":"","ocean_shortcode_after_top_bar":"","ocean_shortcode_before_header":"","ocean_shortcode_after_header":"","ocean_has_shortcode":"","ocean_shortcode_after_title":"","ocean_shortcode_before_footer_widgets":"","ocean_shortcode_after_footer_widgets":"","ocean_shortcode_before_footer_bottom":"","ocean_shortcode_after_footer_bottom":"","ocean_display_top_bar":"default","ocean_display_header":"default","ocean_header_style":"","ocean_center_header_left_menu":"0","ocean_custom_header_template":"0","ocean_custom_logo":0,"ocean_custom_retina_logo":0,"ocean_custom_logo_max_width":0,"ocean_custom_logo_tablet_max_width":0,"ocean_custom_logo_mobile_max_width":0,"ocean_custom_logo_max_height":0,"ocean_custom_logo_tablet_max_height":0,"ocean_custom_logo_mobile_max_height":0,"ocean_header_custom_menu":"0","ocean_menu_typo_font_family":"0","ocean_menu_typo_font_subset":"","ocean_menu_typo_font_size":0,"ocean_menu_typo_font_size_tablet":0,"ocean_menu_typo_font_size_mobile":0,"ocean_menu_typo_font_size_unit":"px","ocean_menu_typo_font_weight":"","ocean_menu_typo_font_weight_tablet":"","ocean_menu_typo_font_weight_mobile":"","ocean_menu_typo_transform":"","ocean_menu_typo_transform_tablet":"","ocean_menu_typo_transform_mobile":"","ocean_menu_typo_line_height":0,"ocean_menu_typo_line_height_tablet":0,"ocean_menu_typo_line_height_mobile":0,"ocean_menu_typo_line_height_unit":"","ocean_menu_typo_spacing":0,"ocean_menu_typo_spacing_tablet":0,"ocean_menu_typo_spacing_mobile":0,"ocean_menu_typo_spacing_unit":"","ocean_menu_link_color":"","ocean_menu_link_color_hover":"","ocean_menu_link_color_active":"","ocean_menu_link_background":"","ocean_menu_link_hover_background":"","ocean_menu_link_active_background":"","ocean_menu_social_links_bg":"","ocean_menu_social_hover_links_bg":"","ocean_menu_social_links_color":"","ocean_menu_social_hover_links_color":"","ocean_disable_title":"default","ocean_disable_heading":"default","ocean_post_title":"","ocean_post_subheading":"","ocean_post_title_style":"","ocean_post_title_background_color":"","ocean_post_title_background":0,"ocean_post_title_bg_image_position":"","ocean_post_title_bg_image_attachment":"","ocean_post_title_bg_image_repeat":"","ocean_post_title_bg_image_size":"","ocean_post_title_height":0,"ocean_post_title_bg_overlay":0.5,"ocean_post_title_bg_overlay_color":"","ocean_disable_breadcrumbs":"default","ocean_breadcrumbs_color":"","ocean_breadcrumbs_separator_color":"","ocean_breadcrumbs_links_color":"","ocean_breadcrumbs_links_hover_color":"","ocean_display_footer_widgets":"default","ocean_display_footer_bottom":"default","ocean_custom_footer_template":"0"},"product_brand":[],"product_cat":[102,101],"product_tag":[],"class_list":{"0":"post-3094","1":"product","2":"type-product","3":"status-publish","4":"has-post-thumbnail","6":"product_cat-ohk-vesi-daikin","7":"product_cat-ohk-vesi-soojuspumbad","9":"entry","10":"has-media","12":"first","13":"instock","14":"taxable","15":"shipping-taxable","16":"purchasable","17":"product-type-simple","18":"has-product-nav","19":"col","20":"span_1_of_4","21":"owp-content-center","22":"owp-thumbs-layout-horizontal","23":"owp-btn-normal","24":"owp-tabs-layout-horizontal","25":"has-no-thumbnails"},"_links":{"self":[{"href":"https:\/\/kliimakoda.ee\/pood\/wp-json\/wp\/v2\/product\/3094","targetHints":{"allow":["GET"]}}],"collection":[{"href":"https:\/\/kliimakoda.ee\/pood\/wp-json\/wp\/v2\/product"}],"about":[{"href":"https:\/\/kliimakoda.ee\/pood\/wp-json\/wp\/v2\/types\/product"}],"wp:featuredmedia":[{"embeddable":true,"href":"https:\/\/kliimakoda.ee\/pood\/wp-json\/wp\/v2\/media\/2948"}],"wp:attachment":[{"href":"https:\/\/kliimakoda.ee\/pood\/wp-json\/wp\/v2\/media?parent=3094"}],"wp:term":[{"taxonomy":"product_brand","embeddable":true,"href":"https:\/\/kliimakoda.ee\/pood\/wp-json\/wp\/v2\/product_brand?post=3094"},{"taxonomy":"product_cat","embeddable":true,"href":"https:\/\/kliimakoda.ee\/pood\/wp-json\/wp\/v2\/product_cat?post=3094"},{"taxonomy":"product_tag","embeddable":true,"href":"https:\/\/kliimakoda.ee\/pood\/wp-json\/wp\/v2\/product_tag?post=3094"}],"curies":[{"name":"wp","href":"https:\/\/api.w.org\/{rel}","templated":true}]}}