{"id":3030,"date":"2022-12-02T08:55:02","date_gmt":"2022-12-02T08:55:02","guid":{"rendered":"https:\/\/kliimakoda.ee\/pood\/?post_type=product&#038;p=3030"},"modified":"2022-12-02T08:55:02","modified_gmt":"2022-12-02T08:55:02","slug":"tuhjenduskomplekt-7m-3060-heatkit-7","status":"publish","type":"product","link":"https:\/\/kliimakoda.ee\/pood\/toode\/tuhjenduskomplekt-7m-3060-heatkit-7\/","title":{"rendered":"T\u00fchjenduskomplekt 7m 3060-HEATKIT-7"},"content":{"rendered":"<p>Komplektid vee \u00e4rajuhtimiseks soojuspumpadest.<\/p>\n<p>K\u00fclmal aastaajal eraldab soojuspumba v\u00e4lisseade sulatamisel suure hulga vett. Kuna vesi k\u00fclmub, peate kasutatud torusid v\u00f5i voolikuid soojendama. Meil on komplektid, mis sisaldavad vajalikke seadmeid vee juhtimiseks eemale.<\/p>\n<p>&nbsp;<\/p>\n<p>Isoleeritud drenaa\u017eivoolik<br \/>\nV\u00e4rv: Sinine-hall<br \/>\nUV-kindel &amp; p\u00f5rutuskindel<br \/>\nVoolik, v\u00e4limine \u00d8 31mm, seest \u00d8 19mm<br \/>\nK\u00fcttekaabel, v\u00f5imsus 15w\/m<br \/>\nKuuma ja k\u00fclma kaabli vahele paigaldatud termostaat<br \/>\nTermiline kliksoni termostaat, ON +2\u00b0C<br \/>\nPistik, maandatud<br \/>\nVoolikuklambrid, topeltlukustus<br \/>\nVoolikute seinakinnitused<br \/>\nN\u00e4ide: 3m drenaa\u017eikomplekt sisaldab 3m \u00e4ravooluvoolikut ja 4m k\u00fcttekaablit, kus 3m on k\u00f6etav ja 1m on k\u00fclmkaabel<\/p>\n","protected":false},"excerpt":{"rendered":"<p>7m isoleeritud \u00e4ravooluvoolik (v\u00e4lis. \u00c631 mm. sise. \u00c619 mm)<br \/>\n7m termostaadiga k\u00fcttekaabel + 1 m k\u00fclm.kaabel, v\u00f5imsus 105 W<br \/>\nTermostaadi seaded: SEES +2 \u00b0C \/ V\u00c4LJAS +8 \u00b0C<br \/>\nMaandatud pistik IP44<\/p>\n","protected":false},"featured_media":3024,"template":"","meta":{"ocean_post_layout":"","ocean_both_sidebars_style":"","ocean_both_sidebars_content_width":0,"ocean_both_sidebars_sidebars_width":0,"ocean_sidebar":"0","ocean_second_sidebar":"0","ocean_disable_margins":"enable","ocean_add_body_class":"","ocean_shortcode_before_top_bar":"","ocean_shortcode_after_top_bar":"","ocean_shortcode_before_header":"","ocean_shortcode_after_header":"","ocean_has_shortcode":"","ocean_shortcode_after_title":"","ocean_shortcode_before_footer_widgets":"","ocean_shortcode_after_footer_widgets":"","ocean_shortcode_before_footer_bottom":"","ocean_shortcode_after_footer_bottom":"","ocean_display_top_bar":"default","ocean_display_header":"default","ocean_header_style":"","ocean_center_header_left_menu":"0","ocean_custom_header_template":"0","ocean_custom_logo":0,"ocean_custom_retina_logo":0,"ocean_custom_logo_max_width":0,"ocean_custom_logo_tablet_max_width":0,"ocean_custom_logo_mobile_max_width":0,"ocean_custom_logo_max_height":0,"ocean_custom_logo_tablet_max_height":0,"ocean_custom_logo_mobile_max_height":0,"ocean_header_custom_menu":"0","ocean_menu_typo_font_family":"0","ocean_menu_typo_font_subset":"","ocean_menu_typo_font_size":0,"ocean_menu_typo_font_size_tablet":0,"ocean_menu_typo_font_size_mobile":0,"ocean_menu_typo_font_size_unit":"px","ocean_menu_typo_font_weight":"","ocean_menu_typo_font_weight_tablet":"","ocean_menu_typo_font_weight_mobile":"","ocean_menu_typo_transform":"","ocean_menu_typo_transform_tablet":"","ocean_menu_typo_transform_mobile":"","ocean_menu_typo_line_height":0,"ocean_menu_typo_line_height_tablet":0,"ocean_menu_typo_line_height_mobile":0,"ocean_menu_typo_line_height_unit":"","ocean_menu_typo_spacing":0,"ocean_menu_typo_spacing_tablet":0,"ocean_menu_typo_spacing_mobile":0,"ocean_menu_typo_spacing_unit":"","ocean_menu_link_color":"","ocean_menu_link_color_hover":"","ocean_menu_link_color_active":"","ocean_menu_link_background":"","ocean_menu_link_hover_background":"","ocean_menu_link_active_background":"","ocean_menu_social_links_bg":"","ocean_menu_social_hover_links_bg":"","ocean_menu_social_links_color":"","ocean_menu_social_hover_links_color":"","ocean_disable_title":"default","ocean_disable_heading":"default","ocean_post_title":"","ocean_post_subheading":"","ocean_post_title_style":"","ocean_post_title_background_color":"","ocean_post_title_background":0,"ocean_post_title_bg_image_position":"","ocean_post_title_bg_image_attachment":"","ocean_post_title_bg_image_repeat":"","ocean_post_title_bg_image_size":"","ocean_post_title_height":0,"ocean_post_title_bg_overlay":0.5,"ocean_post_title_bg_overlay_color":"","ocean_disable_breadcrumbs":"default","ocean_breadcrumbs_color":"","ocean_breadcrumbs_separator_color":"","ocean_breadcrumbs_links_color":"","ocean_breadcrumbs_links_hover_color":"","ocean_display_footer_widgets":"default","ocean_display_footer_bottom":"default","ocean_custom_footer_template":"0"},"product_brand":[],"product_cat":[236],"product_tag":[],"class_list":{"0":"post-3030","1":"product","2":"type-product","3":"status-publish","4":"has-post-thumbnail","6":"product_cat-sulatusvannid-soojuspumpadele","8":"entry","9":"has-media","11":"first","12":"instock","13":"taxable","14":"shipping-taxable","15":"purchasable","16":"product-type-simple","17":"has-product-nav","18":"col","19":"span_1_of_4","20":"owp-content-center","21":"owp-thumbs-layout-horizontal","22":"owp-btn-normal","23":"owp-tabs-layout-horizontal"},"_links":{"self":[{"href":"https:\/\/kliimakoda.ee\/pood\/wp-json\/wp\/v2\/product\/3030","targetHints":{"allow":["GET"]}}],"collection":[{"href":"https:\/\/kliimakoda.ee\/pood\/wp-json\/wp\/v2\/product"}],"about":[{"href":"https:\/\/kliimakoda.ee\/pood\/wp-json\/wp\/v2\/types\/product"}],"wp:featuredmedia":[{"embeddable":true,"href":"https:\/\/kliimakoda.ee\/pood\/wp-json\/wp\/v2\/media\/3024"}],"wp:attachment":[{"href":"https:\/\/kliimakoda.ee\/pood\/wp-json\/wp\/v2\/media?parent=3030"}],"wp:term":[{"taxonomy":"product_brand","embeddable":true,"href":"https:\/\/kliimakoda.ee\/pood\/wp-json\/wp\/v2\/product_brand?post=3030"},{"taxonomy":"product_cat","embeddable":true,"href":"https:\/\/kliimakoda.ee\/pood\/wp-json\/wp\/v2\/product_cat?post=3030"},{"taxonomy":"product_tag","embeddable":true,"href":"https:\/\/kliimakoda.ee\/pood\/wp-json\/wp\/v2\/product_tag?post=3030"}],"curies":[{"name":"wp","href":"https:\/\/api.w.org\/{rel}","templated":true}]}}