{"id":3006,"date":"2022-12-02T07:52:31","date_gmt":"2022-12-02T07:52:31","guid":{"rendered":"https:\/\/kliimakoda.ee\/pood\/?post_type=product&#038;p=3006"},"modified":"2023-10-31T13:25:52","modified_gmt":"2023-10-31T13:25:52","slug":"sulatusvannid-soojuspumpadele-ohk-vesi-3060-9899-801","status":"publish","type":"product","link":"https:\/\/kliimakoda.ee\/pood\/toode\/sulatusvannid-soojuspumpadele-ohk-vesi-3060-9899-801\/","title":{"rendered":"Sulatusvannid soojuspumpadele \/ \u00f5hk-vesi 3060-9899-801"},"content":{"rendered":"<p>Climaline sulatusvann on sobib h\u00e4sti \u00f5hk-vesi ja suurema v\u00e4lisosaga \u00f5hksoojuspumadele.<\/p>\n<p>K\u00f5ik sulatusvannid on termostaadiga juhitavad, nii et kuumutamine ei alga enne, kui vaja, 3 \u00b0C juures. Neo mudelil s\u00e4ilitab see sama v\u00e4ikese v\u00f5imsuse, olenemata sellest, kui k\u00fclm see v\u00e4ljas on.<\/p>\n<p>*V\u00e4rv: Grafiithall<br \/>\n*Materjal: ABS\/PMMA plastik<br \/>\n*UV-kindel &amp; l\u00f6\u00f6gikindel kuni -40 \u00b0C<br \/>\n*Pikkus: 805mm<br \/>\n*S\u00fcgavus: 310mm<br \/>\n*K\u00f5rgus: 27mm (ilma v\u00e4ljalaskeh\u00fclssita)<br \/>\n*K\u00fcttematt\/v\u00f5imsus: max 89 vatti<br \/>\n*Termostaadiga juhitav k\u00fcttematt: Jah, Eco versioon<br \/>\n*Termostaadid: 2 sisseehitatud, esmane l\u00fcliti sisse l\u00fclitatud +3 \u00b0C juures, sekundaarne -8 \u00b0C juures<br \/>\n*Elektri\u00fchendus: 220-240 volti\/50 Hz<\/p>\n<p>*Maandatud pistikuga (kaabli saab \u00fchendada jaotusplaadiga)<br \/>\n*\u00dchenduskaabel: 1 500mm<br \/>\n*Voolikuadapter: lehekorviga, sobib voolikuga sisemusse \u00d8 20 ja 25mm<br \/>\n*Maksimaalne vedelikuvool, 3m vooliku\/kaabliga\/10% langusega: 7 liitrit minutis<br \/>\n*Toodetud ELis, kokku pandud Rootsis<br \/>\n*<\/p>\n<p class=\"responsive-video-wrap clr\"><iframe loading=\"lazy\" title=\"Montera ett Pancake dr\u00e4neringstr\u00e5g p\u00e5 luft-luftv\u00e4rmepump\" width=\"1200\" height=\"675\" src=\"https:\/\/www.youtube.com\/embed\/ViBhQa3EZEM?feature=oembed\" frameborder=\"0\" allow=\"accelerometer; autoplay; clipboard-write; encrypted-media; gyroscope; picture-in-picture; web-share\" allowfullscreen><\/iframe><\/p>\n<p>Patent SE 539251 USA 10 677 479<\/p>\n","protected":false},"excerpt":{"rendered":"<p>P805 x L310 x K27 mm<br \/>\nKuumutusmati v\u00f5imsus: 89W<br \/>\nPeatermostaat: SEES +3 kraadi<br \/>\nLisatermostaat: SEES -8 kraadi<br \/>\n\u00dchenduskaabel: 1 500 mm<br \/>\nPinge: 220-240 V\/ 50 Hz<br \/>\nKomplekti kuulub lehekorvi ja vibratsioonipehmenditega voolikuadapter<br \/>\nIP55 kaitseaste<\/p>\n","protected":false},"featured_media":3005,"template":"","meta":{"ocean_post_layout":"","ocean_both_sidebars_style":"","ocean_both_sidebars_content_width":0,"ocean_both_sidebars_sidebars_width":0,"ocean_sidebar":"0","ocean_second_sidebar":"0","ocean_disable_margins":"enable","ocean_add_body_class":"","ocean_shortcode_before_top_bar":"","ocean_shortcode_after_top_bar":"","ocean_shortcode_before_header":"","ocean_shortcode_after_header":"","ocean_has_shortcode":"","ocean_shortcode_after_title":"","ocean_shortcode_before_footer_widgets":"","ocean_shortcode_after_footer_widgets":"","ocean_shortcode_before_footer_bottom":"","ocean_shortcode_after_footer_bottom":"","ocean_display_top_bar":"default","ocean_display_header":"default","ocean_header_style":"","ocean_center_header_left_menu":"0","ocean_custom_header_template":"0","ocean_custom_logo":0,"ocean_custom_retina_logo":0,"ocean_custom_logo_max_width":0,"ocean_custom_logo_tablet_max_width":0,"ocean_custom_logo_mobile_max_width":0,"ocean_custom_logo_max_height":0,"ocean_custom_logo_tablet_max_height":0,"ocean_custom_logo_mobile_max_height":0,"ocean_header_custom_menu":"0","ocean_menu_typo_font_family":"0","ocean_menu_typo_font_subset":"","ocean_menu_typo_font_size":0,"ocean_menu_typo_font_size_tablet":0,"ocean_menu_typo_font_size_mobile":0,"ocean_menu_typo_font_size_unit":"px","ocean_menu_typo_font_weight":"","ocean_menu_typo_font_weight_tablet":"","ocean_menu_typo_font_weight_mobile":"","ocean_menu_typo_transform":"","ocean_menu_typo_transform_tablet":"","ocean_menu_typo_transform_mobile":"","ocean_menu_typo_line_height":0,"ocean_menu_typo_line_height_tablet":0,"ocean_menu_typo_line_height_mobile":0,"ocean_menu_typo_line_height_unit":"","ocean_menu_typo_spacing":0,"ocean_menu_typo_spacing_tablet":0,"ocean_menu_typo_spacing_mobile":0,"ocean_menu_typo_spacing_unit":"","ocean_menu_link_color":"","ocean_menu_link_color_hover":"","ocean_menu_link_color_active":"","ocean_menu_link_background":"","ocean_menu_link_hover_background":"","ocean_menu_link_active_background":"","ocean_menu_social_links_bg":"","ocean_menu_social_hover_links_bg":"","ocean_menu_social_links_color":"","ocean_menu_social_hover_links_color":"","ocean_disable_title":"default","ocean_disable_heading":"default","ocean_post_title":"","ocean_post_subheading":"","ocean_post_title_style":"","ocean_post_title_background_color":"","ocean_post_title_background":0,"ocean_post_title_bg_image_position":"","ocean_post_title_bg_image_attachment":"","ocean_post_title_bg_image_repeat":"","ocean_post_title_bg_image_size":"","ocean_post_title_height":0,"ocean_post_title_bg_overlay":0.5,"ocean_post_title_bg_overlay_color":"","ocean_disable_breadcrumbs":"default","ocean_breadcrumbs_color":"","ocean_breadcrumbs_separator_color":"","ocean_breadcrumbs_links_color":"","ocean_breadcrumbs_links_hover_color":"","ocean_display_footer_widgets":"default","ocean_display_footer_bottom":"default","ocean_custom_footer_template":"0"},"product_brand":[],"product_cat":[236],"product_tag":[],"class_list":{"0":"post-3006","1":"product","2":"type-product","3":"status-publish","4":"has-post-thumbnail","6":"product_cat-sulatusvannid-soojuspumpadele","8":"entry","9":"has-media","11":"first","12":"instock","13":"taxable","14":"shipping-taxable","15":"purchasable","16":"product-type-simple","17":"has-product-nav","18":"col","19":"span_1_of_4","20":"owp-content-center","21":"owp-thumbs-layout-horizontal","22":"owp-btn-normal","23":"owp-tabs-layout-horizontal"},"_links":{"self":[{"href":"https:\/\/kliimakoda.ee\/pood\/wp-json\/wp\/v2\/product\/3006","targetHints":{"allow":["GET"]}}],"collection":[{"href":"https:\/\/kliimakoda.ee\/pood\/wp-json\/wp\/v2\/product"}],"about":[{"href":"https:\/\/kliimakoda.ee\/pood\/wp-json\/wp\/v2\/types\/product"}],"wp:featuredmedia":[{"embeddable":true,"href":"https:\/\/kliimakoda.ee\/pood\/wp-json\/wp\/v2\/media\/3005"}],"wp:attachment":[{"href":"https:\/\/kliimakoda.ee\/pood\/wp-json\/wp\/v2\/media?parent=3006"}],"wp:term":[{"taxonomy":"product_brand","embeddable":true,"href":"https:\/\/kliimakoda.ee\/pood\/wp-json\/wp\/v2\/product_brand?post=3006"},{"taxonomy":"product_cat","embeddable":true,"href":"https:\/\/kliimakoda.ee\/pood\/wp-json\/wp\/v2\/product_cat?post=3006"},{"taxonomy":"product_tag","embeddable":true,"href":"https:\/\/kliimakoda.ee\/pood\/wp-json\/wp\/v2\/product_tag?post=3006"}],"curies":[{"name":"wp","href":"https:\/\/api.w.org\/{rel}","templated":true}]}}