{"id":2930,"date":"2022-11-23T08:19:34","date_gmt":"2022-11-23T08:19:34","guid":{"rendered":"https:\/\/kliimakoda.ee\/pood\/?post_type=product&#038;p=2930"},"modified":"2023-03-06T15:20:44","modified_gmt":"2023-03-06T15:20:44","slug":"daikin-altherma-3-h-mt-etvx12s18e9w-epra12ew1-ohk-vesi-soojuspump-koos-180-l-tarbeveeboileriga","status":"publish","type":"product","link":"https:\/\/kliimakoda.ee\/pood\/toode\/daikin-altherma-3-h-mt-etvx12s18e9w-epra12ew1-ohk-vesi-soojuspump-koos-180-l-tarbeveeboileriga\/","title":{"rendered":"Daikin Altherma 3 H MT ETVX12S18E9W\/EPRA12EW1 \u00f5hk-vesi soojuspump koos 180 l tarbeveeboileriga"},"content":{"rendered":"<p>Pidev invertertalitlus v\u00f5imaldab k\u00f5rget modulatsiooniastet niiv\u00f5rd v\u00e4ikesel v\u00f5imsusel kui 0,85 kW, mis aitab seadmel v\u00e4ltida seiskamistel ja k\u00e4ivitamistel tekkivat suurt elektrikulu.<\/p>\n<p>Auhinnatud disain<\/p>\n<p>Koduomanikud soovivad h\u00e4sti t\u00f6\u00f6tavat seadet, mis n\u00e4eks igas toas hea v\u00e4lja. Seep\u00e4rast v\u00f5ttis Daikin eesm\u00e4rgiks luua suurep\u00e4raste tehniliste n\u00e4itajate ja mitmekesise disainiga seadme. Selle tulemusel teenis Daikin Altherma 3 H MT mitte ainult \u00fche, vaid koguni kaks mainekat disainiauhinda.<\/p>\n<p>K\u00dcSI PERSONAALSET PAKKUMIST!<\/p>\n<p>Seest suurep\u00e4rane toode peaks ka v\u00e4ljast suurep\u00e4rane v\u00e4lja n\u00e4gema&#8230;<\/p>\n<p>Daikin Altherma 3 H MT v\u00e4lisseadme iseloomustamiseks sobivad s\u00f5nad puhtajooneline, minimalistlik ja lihtne. Must horisontaalne v\u00f5re katab kogu esipaneeli, et peita ainus ventilaator ja v\u00e4hendada selle t\u00f6\u00f6m\u00fcra. Matt hall viimistlus peegeldab v\u00e4lisseina v\u00e4rvi, mis aitab seadmel sulanduda erinevatesse keskkondadesse ja maastikesse.<\/p>\n<p>K\u00dcSI PERSONAALSET PAKKUMIST!<\/p>\n<p>Vaikus on mugavus<\/p>\n<p>Standardses m\u00fcrare\u017eiimis t\u00f6\u00f6tades on v\u00e4lisseadme helir\u00f5hu tase 38 dBA (3 meetri kaugusel). See j\u00e4\u00e4b kuskile linnu siristamise ja vaikse raamatukogu vahele. Madala m\u00fcrataseme re\u017eiimis on helitase poole v\u00e4iksem (35 dBA 3 meetri kaugusel).<\/p>\n<p>Tagage meelerahu<\/p>\n<p>Helitugevus on seadme enda tekitatud ja see ei s\u00f5ltu kaugusest ega keskkonnast. Helir\u00f5hk on kindlal kaugusel tunnetatav heli. Helir\u00f5hku arvutatakse tavaliselt 1 kuni 5 meetri kaugusel seadmest.<\/p>\n<p>K\u00dcSI PERSONAALSET PAKKUMIST!<br \/>\nErakordne j\u00f5udlus s\u00f5ltub seadme sisust<\/p>\n<p>Daikin Altherma 3 H MT seadmetes on kasutatud uusimaid HVAC-tehnoloogiaid, mis on v\u00e4lja t\u00f6\u00f6tatud Euroopas Euroopa kliima jaoks. Tutvu funktsioonidega, mis aitavad tootel teiste hulgas silma paista.<\/p>\n<p>1. Moodne korpus<\/p>\n<p>Daikini insenerid tegid koost\u00f6\u00f6d disaineritega, et l\u00e4heneda traditsioonilisele v\u00e4lisseadmele uuel viisil. V\u00e4lisseadme disainimisel leiti inspiratsiooni Daikini siseseadmete suurep\u00e4rasest disainist \u2013 sellel on kaunis puhaste joontega esipaneel, mis sulandub h\u00e4sti keskkonda.<\/p>\n<p>2. Suure j\u00f5udlusega ventilaator<\/p>\n<p>Suure j\u00f5udlusega seadmetel on tavaliselt kaks ventilaatorit, kuid see seade vajab vaid \u00fchte. Suurem ventilaator parandab \u00f5huringlust, mis aitab t\u00f6\u00f6m\u00fcra v\u00e4hendada.<\/p>\n<p>Hoolega valmistatud<br \/>\n3. Uhiuus kompressor<\/p>\n<p>Daikin Europe tegi koost\u00f6\u00f6d Daikini tehnoloogia ja innovatsioonikeskusega Jaapanis, et t\u00f6\u00f6tada v\u00e4lja spetsiaalne kompressor, mis soojendab vee temperatuurini 70 \u00b0C. See k\u00f5rgetemperatuuriline soojuspump on ka esimene, mis kasutab k\u00fclmaainet R-32, mis on energiat\u00f5husam ja tekitab v\u00e4hem CO2-heiteid.<\/p>\n<p>4. Vastupidav isolatsioon<\/p>\n<p>3-kihiline isolatsioon ja kummipadjad p\u00f5hjaplaadi ja vibratsiooniplaadi vahel absorbeerivad ja summutavad kompressori t\u00f6\u00f6m\u00fcra.<\/p>\n<p>Saa k\u00fclmast v\u00f5itu<\/p>\n<p>Daikin Altherma 3 H MT on taastuvenergial t\u00f6\u00f6tav k\u00fcttelahendus, mis t\u00f6\u00f6tab k\u00fclmas kliimas sama h\u00e4sti nagu soojaski. Erinevalt teistest k\u00fcttes\u00fcsteemidest kasutavad selle sarja tooted \u00f5ige temperatuurini k\u00fctmiseks ja tarbevee soojendamiseks v\u00e4lis\u00f5hku isegi -28\u00b0C juures.<\/p>\n<p>K\u00dcSI PERSONAALSET PAKKUMIST!<br \/>\n\u00dcks lahendus \u2013 erinevad kombinatsioonid<\/p>\n<p>Sarjas on \u00fcks v\u00e4lisseade, mis \u00fchildub kolme erineva auhinnatud siseseadmega. K\u00f5ik need v\u00f5ib kohandada<br \/>\nselliselt, et need tagaksid k\u00fctte, jahutuse ja sooja tarbevee.<\/p>\n<p>Siseseadme valimine<\/p>\n<p>Valides kolme sellesse sarja kuuluva siseseadme ja kolme erineva seadistuse (kolme funktsiooni) vahel, saab luua sisekliimaalastele n\u00f5udmistele vastava kohandatud lahenduse.<\/p>\n<p>1. Seinale paigaldatav mudel<\/p>\n<p>Kompaktne seade, millel on eraldi veeboiler. Sellel mudelil on valikuline jahutusfunktsioon.<\/p>\n<p>2. Integreeritud roostevabast terasest veeboileriga mudel<\/p>\n<p>Kompaktne seade, mille jalaj\u00e4lg on 595\u00d7625\u00a0mm. Seadme saab \u00fchendada kas 180 v\u00f5i 230\u00a0l boileriga tarbevee soojendamiseks ja see t\u00f6\u00f6tab kas jahutus- v\u00f5i Bizone-seadistusega.<\/p>\n<p>3. Integreeritud ECH2O veeboiler<\/p>\n<p>ECH2O seadmel on 300 v\u00f5i 500\u00a0l veeboiler, mille saab \u00fchendada p\u00e4ikesekollektoritega. Sellel mudelil on valikuline jahutusseadistus.<\/p>\n<p>Kolm funktsiooni<br \/>\nAinult k\u00fcte<\/p>\n<p>Daikini tootesarjas on standardvarustuses ainult k\u00fcttefunktsioon ja see on k\u00f5igil kolmel siseseadmel. See seadistus tagab k\u00fctte ja sooja tarbevee.<\/p>\n<p>Reversseeritav<\/p>\n<p>Kui lisaks k\u00fcttele ja soojale tarbeveele on vaja ka ruumijahutust, on reverseeritav funktsioon parim lahendus. See funktsioon on saadaval k\u00f5igi kolme siseseadme jaoks ja t\u00e4nu sellele saab s\u00fcsteemi t\u00f6\u00f6 \u00fcmber p\u00f6\u00f6rata, et see jahutaks k\u00fctmise asemel. Seda seadistust saab kasutada koos p\u00f5randak\u00fctte v\u00f5i ventilaatorkonvektoritega.<\/p>\n<p>Bizone<\/p>\n<p>Integreeritud p\u00f5randaseade on ainus siseseade, millel on Bizone seadistus. Bizone annab v\u00f5imaluse hallata ja juhtida temperatuuri kodu kahes erinevas tsoonis, kus kasutatakse erinevaid soojusallikaid, nt radiaatoreid v\u00f5i p\u00f5randak\u00fctet.<\/p>\n<p>Previous<br \/>\nNext<br \/>\nMadoka juhtmega kaugjuhtimispult seadme Daikin Altherma jaoks<br \/>\nKasutajaliidese uus p\u00f5lvkond, \u00fcmber projekteeritud ja intuitiivne.<br \/>\nIntuitiivne juhtimine t\u00e4nu esmaklassilisele konstruktsioonile.<br \/>\nKolmes erinevas v\u00e4rvitoonis, et seade sobiks sisekujundusega.<br \/>\nH\u00f5lpsasti seadistatavad t\u00f6\u00f6parameetrid.<br \/>\nSisseehitatud \u00fchendatavus \u2013 reguleerige elamu kliimat mis tahes kohast ja igal ajal.<br \/>\nJ\u00e4lgige oma k\u00fcttes\u00fcsteemi olekut.<br \/>\nReguleerige t\u00f6\u00f6re\u017eiimi ja seadistage temperatuuri.<br \/>\nKavandage temperatuuri ja t\u00f6\u00f6re\u017eiimide ajagraafik.<br \/>\nKaugseire ja -juhtimine (pilvep\u00f5hine)<\/p>\n<p>Keskkonnahoidlik \u2013 ette valmistatud tuleviku jaoks: R32<\/p>\n<p>Uue p\u00f5lvkonna k\u00fclmaaine R32 on oma eelk\u00e4ijast oluliselt keskonnas\u00f5bralikum ning efektiivsem.<\/p>\n<p>Meie kliendid otsivad oma kodu jaoks parimaid k\u00fcttelahendusi, j\u00e4lgides energiat\u00f5hususe m\u00e4rgistusi. Daikini soojuspumbad ja muud k\u00fcttelahendused on alati\u00a0k\u00f5ige keskkonnas\u00f5bralikumad\u00a0ja m\u00e4rgistatud energiat\u00e4hisega:\u00a0A+++\u00a0(energiam\u00e4rgis 2019).<\/p>\n<p>Daikin Altherma 3 H MT soojuspumbad saavutavad selle efektiivsuse t\u00e4nu\u00a0Bluevolution tehnoloogiale. See \u00fchendab endas Daikini poolt v\u00e4lja t\u00f6\u00f6tatud ja arendatud kompressori ja R-32 k\u00fclmaine, mis teeb sellest unikaalse toote kogu turul.<\/p>\n<p>V\u00e4hem CO2 heitgaase ja suurem efektiivsus, see on retsept, mida j\u00e4rgime, et luua tipptasemel k\u00fcttes\u00fcsteeme.<\/p>\n<p>Konkurentidest eespool<\/p>\n<p>Pidev invertertalitlus v\u00f5imaldab k\u00f5rget modulatsiooniastet niiv\u00f5rd v\u00e4ikesel v\u00f5imsusel kui 0,85 kW, mis aitab seadmel v\u00e4ltida seiskamistel ja k\u00e4ivitamistel tekkivat suurt elektrikulu.<\/p>\n<p>Auhinnatud disain<br \/>\nKoduomanikud soovivad h\u00e4sti t\u00f6\u00f6tavat seadet, mis n\u00e4eks igas toas hea v\u00e4lja. Seep\u00e4rast v\u00f5ttis Daikin eesm\u00e4rgiks luua suurep\u00e4raste tehniliste n\u00e4itajate ja mitmekesise disainiga seadme. Selle tulemusel teenis Daikin Altherma 3 H MT mitte ainult \u00fche, vaid koguni kaks mainekat disainiauhinda.<\/p>\n<p>K\u00dcSI PERSONAALSET PAKKUMIST!<br \/>\nSeest suurep\u00e4rane toode peaks ka v\u00e4ljast suurep\u00e4rane v\u00e4lja n\u00e4gema&#8230;<br \/>\nDaikin Altherma 3 H MT v\u00e4lisseadme iseloomustamiseks sobivad s\u00f5nad puhtajooneline, minimalistlik ja lihtne. Must horisontaalne v\u00f5re katab kogu esipaneeli, et peita ainus ventilaator ja v\u00e4hendada selle t\u00f6\u00f6m\u00fcra. Matt hall viimistlus peegeldab v\u00e4lisseina v\u00e4rvi, mis aitab seadmel sulanduda erinevatesse keskkondadesse ja maastikesse.<\/p>\n<p>K\u00dcSI PERSONAALSET PAKKUMIST!<br \/>\nVaikus on mugavus<br \/>\nStandardses m\u00fcrare\u017eiimis t\u00f6\u00f6tades on v\u00e4lisseadme helir\u00f5hu tase 38 dBA (3 meetri kaugusel). See j\u00e4\u00e4b kuskile linnu siristamise ja vaikse raamatukogu vahele. Madala m\u00fcrataseme re\u017eiimis on helitase poole v\u00e4iksem (35 dBA 3 meetri kaugusel).<\/p>\n<p>Tagage meelerahu<br \/>\nHelitugevus on seadme enda tekitatud ja see ei s\u00f5ltu kaugusest ega keskkonnast. Helir\u00f5hk on kindlal kaugusel tunnetatav heli. Helir\u00f5hku arvutatakse tavaliselt 1 kuni 5 meetri kaugusel seadmest.<\/p>\n<p>K\u00dcSI PERSONAALSET PAKKUMIST!<\/p>\n<p>Erakordne j\u00f5udlus s\u00f5ltub seadme sisust<br \/>\nDaikin Altherma 3 H MT seadmetes on kasutatud uusimaid HVAC-tehnoloogiaid, mis on v\u00e4lja t\u00f6\u00f6tatud Euroopas Euroopa kliima jaoks. Tutvu funktsioonidega, mis aitavad tootel teiste hulgas silma paista.<\/p>\n<p>1. Moodne korpus<br \/>\nDaikini insenerid tegid koost\u00f6\u00f6d disaineritega, et l\u00e4heneda traditsioonilisele v\u00e4lisseadmele uuel viisil. V\u00e4lisseadme disainimisel leiti inspiratsiooni Daikini siseseadmete suurep\u00e4rasest disainist \u2013 sellel on kaunis puhaste joontega esipaneel, mis sulandub h\u00e4sti keskkonda.<\/p>\n<p>2. Suure j\u00f5udlusega ventilaator<br \/>\nSuure j\u00f5udlusega seadmetel on tavaliselt kaks ventilaatorit, kuid see seade vajab vaid \u00fchte. Suurem ventilaator parandab \u00f5huringlust, mis aitab t\u00f6\u00f6m\u00fcra v\u00e4hendada.<br \/>\nHoolega valmistatud<\/p>\n<p>3. Uhiuus kompressor<br \/>\nDaikin Europe tegi koost\u00f6\u00f6d Daikini tehnoloogia ja innovatsioonikeskusega Jaapanis, et t\u00f6\u00f6tada v\u00e4lja spetsiaalne kompressor, mis soojendab vee temperatuurini 70 \u00b0C. See k\u00f5rgetemperatuuriline soojuspump on ka esimene, mis kasutab k\u00fclmaainet R-32, mis on energiat\u00f5husam ja tekitab v\u00e4hem CO2-heiteid.<br \/>\n4. Vastupidav isolatsioon<br \/>\n3-kihiline isolatsioon ja kummipadjad p\u00f5hjaplaadi ja vibratsiooniplaadi vahel absorbeerivad ja summutavad kompressori t\u00f6\u00f6m\u00fcra.<br \/>\nSaa k\u00fclmast v\u00f5itu<br \/>\nDaikin Altherma 3 H MT on taastuvenergial t\u00f6\u00f6tav k\u00fcttelahendus, mis t\u00f6\u00f6tab k\u00fclmas kliimas sama h\u00e4sti nagu soojaski. Erinevalt teistest k\u00fcttes\u00fcsteemidest kasutavad selle sarja tooted \u00f5ige temperatuurini k\u00fctmiseks ja tarbevee soojendamiseks v\u00e4lis\u00f5hku isegi -28\u00b0C juures.<\/p>\n<p>K\u00dcSI PERSONAALSET PAKKUMIST!<br \/>\n\u00dcks lahendus \u2013 erinevad kombinatsioonid<br \/>\nSarjas on \u00fcks v\u00e4lisseade, mis \u00fchildub kolme erineva auhinnatud siseseadmega. K\u00f5ik need v\u00f5ib kohandada<br \/>\nselliselt, et need tagaksid k\u00fctte, jahutuse ja sooja tarbevee.<\/p>\n<p>Siseseadme valimine<br \/>\nValides kolme sellesse sarja kuuluva siseseadme ja kolme erineva seadistuse (kolme funktsiooni) vahel, saab luua sisekliimaalastele n\u00f5udmistele vastava kohandatud lahenduse.<\/p>\n<p>1. Seinale paigaldatav mudel<br \/>\nKompaktne seade, millel on eraldi veeboiler. Sellel mudelil on valikuline jahutusfunktsioon.<\/p>\n<p>2. Integreeritud roostevabast terasest veeboileriga mudel<br \/>\nKompaktne seade, mille jalaj\u00e4lg on 595\u00d7625 mm. Seadme saab \u00fchendada kas 180 v\u00f5i 230 l boileriga tarbevee soojendamiseks ja see t\u00f6\u00f6tab kas jahutus- v\u00f5i Bizone-seadistusega.<\/p>\n<p>3. Integreeritud ECH2O veeboiler<br \/>\nECH2O seadmel on 300 v\u00f5i 500 l veeboiler, mille saab \u00fchendada p\u00e4ikesekollektoritega. Sellel mudelil on valikuline jahutusseadistus.<\/p>\n<p>Kolm funktsiooni<br \/>\nAinult k\u00fcte<br \/>\nDaikini tootesarjas on standardvarustuses ainult k\u00fcttefunktsioon ja see on k\u00f5igil kolmel siseseadmel. See seadistus tagab k\u00fctte ja sooja tarbevee.<\/p>\n<p>Reversseeritav<br \/>\nKui lisaks k\u00fcttele ja soojale tarbeveele on vaja ka ruumijahutust, on reverseeritav funktsioon parim lahendus. See funktsioon on saadaval k\u00f5igi kolme siseseadme jaoks ja t\u00e4nu sellele saab s\u00fcsteemi t\u00f6\u00f6 \u00fcmber p\u00f6\u00f6rata, et see jahutaks k\u00fctmise asemel. Seda seadistust saab kasutada koos p\u00f5randak\u00fctte v\u00f5i ventilaatorkonvektoritega.<\/p>\n<p>Bizone<br \/>\nIntegreeritud p\u00f5randaseade on ainus siseseade, millel on Bizone seadistus. Bizone annab v\u00f5imaluse hallata ja juhtida temperatuuri kodu kahes erinevas tsoonis, kus kasutatakse erinevaid soojusallikaid, nt radiaatoreid v\u00f5i p\u00f5randak\u00fctet.<\/p>\n<p>Previous<br \/>\nNext<br \/>\nMadoka juhtmega kaugjuhtimispult seadme Daikin Altherma jaoks<\/p>\n<p>Kasutajaliidese uus p\u00f5lvkond, \u00fcmber projekteeritud ja intuitiivne.<br \/>\nIntuitiivne juhtimine t\u00e4nu esmaklassilisele konstruktsioonile.<br \/>\nKolmes erinevas v\u00e4rvitoonis, et seade sobiks sisekujundusega.<br \/>\nH\u00f5lpsasti seadistatavad t\u00f6\u00f6parameetrid.<br \/>\nSisseehitatud \u00fchendatavus \u2013 reguleerige elamu kliimat mis tahes kohast ja igal ajal.<br \/>\nJ\u00e4lgige oma k\u00fcttes\u00fcsteemi olekut.<br \/>\nReguleerige t\u00f6\u00f6re\u017eiimi ja seadistage temperatuuri.<br \/>\nKavandage temperatuuri ja t\u00f6\u00f6re\u017eiimide ajagraafik.<br \/>\nKaugseire ja -juhtimine (pilvep\u00f5hine)<\/p>\n<p>Keskkonnahoidlik \u2013 ette valmistatud tuleviku jaoks: R32<br \/>\nUue p\u00f5lvkonna k\u00fclmaaine R32 on oma eelk\u00e4ijast oluliselt keskonnas\u00f5bralikum ning efektiivsem.<\/p>\n<p>Meie kliendid otsivad oma kodu jaoks parimaid k\u00fcttelahendusi, j\u00e4lgides energiat\u00f5hususe m\u00e4rgistusi. Daikini soojuspumbad ja muud k\u00fcttelahendused on alati k\u00f5ige keskkonnas\u00f5bralikumad ja m\u00e4rgistatud energiat\u00e4hisega: A+++ (energiam\u00e4rgis 2019).<\/p>\n<p>Daikin Altherma 3 H MT soojuspumbad saavutavad selle efektiivsuse t\u00e4nu Bluevolution tehnoloogiale. See \u00fchendab endas Daikini poolt v\u00e4lja t\u00f6\u00f6tatud ja arendatud kompressori ja R-32 k\u00fclmaine, mis teeb sellest unikaalse toote kogu turul.<\/p>\n<p>V\u00e4hem CO2 heitgaase ja suurem efektiivsus, see on retsept, mida j\u00e4rgime, et luua tipptasemel k\u00fcttes\u00fcsteeme.<\/p>\n<p>Tehnilised andmed<br \/>\nK\u00fcttev\u00f5imsus:<br \/>\n9,97 kW<br \/>\nK\u00fcttev\u00f5imsus v\u00e4listemperatuuril -25 kraadi:<br \/>\n6,60 kW<br \/>\nGaranteeritud k\u00fctmine v\u00e4listemperatuurini:<br \/>\n-28 \u00baC<br \/>\nKasutegur k\u00fctmisel SCOP:<br \/>\n4,82<br \/>\nEnergiam\u00e4rgis k\u00fctmisel:<br \/>\nA+++<br \/>\nK\u00f6etav pind:<br \/>\nkuni 230 m\u00b2<br \/>\nSiseosa m\u00f5\u00f5dud (K x L x S):<br \/>\n1650 x 595 x 625 mm<br \/>\nSiseosa m\u00fcratase:<br \/>\n30 dB(A)<br \/>\nSiseosa kaal:<br \/>\n108 kg<br \/>\nV\u00e4lisosa m\u00f5\u00f5dud (K x L x S):<br \/>\n1003 x 1270 x 533 mm<br \/>\nV\u00e4lisosa m\u00fcratase:<br \/>\n41,1 dB(A)<br \/>\nV\u00e4lisosa kaal:<br \/>\n118 kg<br \/>\nToide:<br \/>\n3 faasi 400 V \/ 50 Hz, 16 A<\/p>\n","protected":false},"excerpt":{"rendered":"<p>Soojuspumpade absoluutne k\u00f5rgklass<br \/>\nDisain &#8211; T\u00e4iendab iga kodu nii seest kui v\u00e4ljastpoolt<br \/>\nHeli &#8211; H\u00e4iringuteta vaikne ja l\u00f5\u00f5gastav keskkond<br \/>\nToimimine &#8211; Uusimad tehnoloogiad, mis aitavad s\u00e4\u00e4sta energiat ja raha<br \/>\nKombinatsioon &#8211; S\u00fcsteemi saab kohandada, et see sobiks elustiili ja mugavusvajadustega<\/p>\n<p>Daikin Altherma 3 H MT on investeering mugavusse ja energias\u00e4\u00e4stu. Selle \u00f5hk-vesi soojuspumbaga saab v\u00e4iksema energiakuluga k\u00fctta, jahutada ja viivitusteta vett soojendada.<\/p>\n<p>See s\u00fcsteem sobib h\u00e4sti koduomanikele, kes soovivad vahetada oma katla v\u00f5i traditsioonilise k\u00fcttes\u00fcsteemi keskkonnas\u00f5bralikuma ja kulut\u00f5husama lahenduse vastu.<\/p>\n","protected":false},"featured_media":2926,"template":"","meta":{"ocean_post_layout":"","ocean_both_sidebars_style":"","ocean_both_sidebars_content_width":0,"ocean_both_sidebars_sidebars_width":0,"ocean_sidebar":"0","ocean_second_sidebar":"0","ocean_disable_margins":"enable","ocean_add_body_class":"","ocean_shortcode_before_top_bar":"","ocean_shortcode_after_top_bar":"","ocean_shortcode_before_header":"","ocean_shortcode_after_header":"","ocean_has_shortcode":"","ocean_shortcode_after_title":"","ocean_shortcode_before_footer_widgets":"","ocean_shortcode_after_footer_widgets":"","ocean_shortcode_before_footer_bottom":"","ocean_shortcode_after_footer_bottom":"","ocean_display_top_bar":"default","ocean_display_header":"default","ocean_header_style":"","ocean_center_header_left_menu":"0","ocean_custom_header_template":"0","ocean_custom_logo":0,"ocean_custom_retina_logo":0,"ocean_custom_logo_max_width":0,"ocean_custom_logo_tablet_max_width":0,"ocean_custom_logo_mobile_max_width":0,"ocean_custom_logo_max_height":0,"ocean_custom_logo_tablet_max_height":0,"ocean_custom_logo_mobile_max_height":0,"ocean_header_custom_menu":"0","ocean_menu_typo_font_family":"0","ocean_menu_typo_font_subset":"","ocean_menu_typo_font_size":0,"ocean_menu_typo_font_size_tablet":0,"ocean_menu_typo_font_size_mobile":0,"ocean_menu_typo_font_size_unit":"px","ocean_menu_typo_font_weight":"","ocean_menu_typo_font_weight_tablet":"","ocean_menu_typo_font_weight_mobile":"","ocean_menu_typo_transform":"","ocean_menu_typo_transform_tablet":"","ocean_menu_typo_transform_mobile":"","ocean_menu_typo_line_height":0,"ocean_menu_typo_line_height_tablet":0,"ocean_menu_typo_line_height_mobile":0,"ocean_menu_typo_line_height_unit":"","ocean_menu_typo_spacing":0,"ocean_menu_typo_spacing_tablet":0,"ocean_menu_typo_spacing_mobile":0,"ocean_menu_typo_spacing_unit":"","ocean_menu_link_color":"","ocean_menu_link_color_hover":"","ocean_menu_link_color_active":"","ocean_menu_link_background":"","ocean_menu_link_hover_background":"","ocean_menu_link_active_background":"","ocean_menu_social_links_bg":"","ocean_menu_social_hover_links_bg":"","ocean_menu_social_links_color":"","ocean_menu_social_hover_links_color":"","ocean_disable_title":"default","ocean_disable_heading":"default","ocean_post_title":"","ocean_post_subheading":"","ocean_post_title_style":"","ocean_post_title_background_color":"","ocean_post_title_background":0,"ocean_post_title_bg_image_position":"","ocean_post_title_bg_image_attachment":"","ocean_post_title_bg_image_repeat":"","ocean_post_title_bg_image_size":"","ocean_post_title_height":0,"ocean_post_title_bg_overlay":0.5,"ocean_post_title_bg_overlay_color":"","ocean_disable_breadcrumbs":"default","ocean_breadcrumbs_color":"","ocean_breadcrumbs_separator_color":"","ocean_breadcrumbs_links_color":"","ocean_breadcrumbs_links_hover_color":"","ocean_display_footer_widgets":"default","ocean_display_footer_bottom":"default","ocean_custom_footer_template":"0"},"product_brand":[],"product_cat":[102,101],"product_tag":[],"class_list":{"0":"post-2930","1":"product","2":"type-product","3":"status-publish","4":"has-post-thumbnail","6":"product_cat-ohk-vesi-daikin","7":"product_cat-ohk-vesi-soojuspumbad","9":"entry","10":"has-media","12":"first","13":"instock","14":"taxable","15":"shipping-taxable","16":"purchasable","17":"product-type-simple","18":"has-product-nav","19":"col","20":"span_1_of_4","21":"owp-content-center","22":"owp-thumbs-layout-horizontal","23":"owp-btn-normal","24":"owp-tabs-layout-horizontal","25":"has-no-thumbnails"},"_links":{"self":[{"href":"https:\/\/kliimakoda.ee\/pood\/wp-json\/wp\/v2\/product\/2930","targetHints":{"allow":["GET"]}}],"collection":[{"href":"https:\/\/kliimakoda.ee\/pood\/wp-json\/wp\/v2\/product"}],"about":[{"href":"https:\/\/kliimakoda.ee\/pood\/wp-json\/wp\/v2\/types\/product"}],"wp:featuredmedia":[{"embeddable":true,"href":"https:\/\/kliimakoda.ee\/pood\/wp-json\/wp\/v2\/media\/2926"}],"wp:attachment":[{"href":"https:\/\/kliimakoda.ee\/pood\/wp-json\/wp\/v2\/media?parent=2930"}],"wp:term":[{"taxonomy":"product_brand","embeddable":true,"href":"https:\/\/kliimakoda.ee\/pood\/wp-json\/wp\/v2\/product_brand?post=2930"},{"taxonomy":"product_cat","embeddable":true,"href":"https:\/\/kliimakoda.ee\/pood\/wp-json\/wp\/v2\/product_cat?post=2930"},{"taxonomy":"product_tag","embeddable":true,"href":"https:\/\/kliimakoda.ee\/pood\/wp-json\/wp\/v2\/product_tag?post=2930"}],"curies":[{"name":"wp","href":"https:\/\/api.w.org\/{rel}","templated":true}]}}