{"id":2264,"date":"2021-05-13T19:46:51","date_gmt":"2021-05-13T19:46:51","guid":{"rendered":"https:\/\/kliimakoda.ee\/pood\/?post_type=product&#038;p=2264"},"modified":"2026-03-26T07:45:09","modified_gmt":"2026-03-26T07:45:09","slug":"daikin-sensira-ftxf71a-rxf71a","status":"publish","type":"product","link":"https:\/\/kliimakoda.ee\/pood\/toode\/daikin-sensira-ftxf71a-rxf71a\/","title":{"rendered":"Daikin Sensira FTXF71F\/RXF71D9"},"content":{"rendered":"<h2 class=\"technical-info-title\">Tehnilised andmed<\/h2>\n<div class=\"technical-info-table\">\n<table class=\"table\">\n<thead>\n<tr>\n<th>Tootja<\/th>\n<th>Daikin<\/th>\n<th>Daikin<\/th>\n<th>Daikin<\/th>\n<th>Daikin<\/th>\n<th>Daikin<\/th>\n<th>Daikin<\/th>\n<th>Daikin<\/th>\n<\/tr>\n<tr>\n<th>Mudel<\/th>\n<th>Sensira 20<\/th>\n<th>Sensira 25<\/th>\n<th>Sensira 35<\/th>\n<th>Sensira 42<\/th>\n<th>Sensira 50<\/th>\n<th>Sensira 60<\/th>\n<th>Sensira 71<\/th>\n<\/tr>\n<tr>\n<th><span class=\"table-title\">K\u00f6etav pind<\/span><\/th>\n<th><span class=\"product-name\">kuni 20 m\u00b2<\/span><\/th>\n<th><span class=\"product-name\">kuni 25 m\u00b2<\/span><\/th>\n<th><span class=\"product-name\">kuni 35 m\u00b2<\/span><\/th>\n<th><span class=\"product-name\">kuni 45 m\u00b2<\/span><\/th>\n<th><span class=\"product-name\">kuni 50 m\u00b2<\/span><\/th>\n<th><span class=\"product-name\">kuni 60 m\u00b2<\/span><\/th>\n<th><span class=\"product-name\">kuni 70 m\u00b2<\/span><\/th>\n<\/tr>\n<tr>\n<th><span class=\"table-title\">Jahutatav pind<\/span><\/th>\n<th><span class=\"product-name\">kuni 20 m2<\/span><\/th>\n<th><span class=\"product-name\">kuni 25 m2<\/span><\/th>\n<th><span class=\"product-name\">kuni 35 m2<\/span><\/th>\n<th><span class=\"product-name\">kuni 45 m2<\/span><\/th>\n<th><span class=\"product-name\">kuni 50 m2<\/span><\/th>\n<th><span class=\"product-name\">kuni 60 m2<\/span><\/th>\n<th><span class=\"product-name\">kuni 70 m2<\/span><\/th>\n<\/tr>\n<\/thead>\n<tbody>\n<tr>\n<td>Tootekood<\/td>\n<td>FTXF20F + RXF20F<\/td>\n<td>FTXF25F + RXF25F<\/td>\n<td>FTXF35F+ RXF35F<\/td>\n<td>FTXF42F + RXF42F<\/td>\n<td>FTXF50F + RXF50F<\/td>\n<td>FTXF60D + RXF60D9<\/td>\n<td>FTXF71D + RXF71D9<\/td>\n<\/tr>\n<tr>\n<td>K\u00fcttev\u00f5imsus (Min.\/Nom.\/Max.)<\/td>\n<td>1.3\/2.4\/3.3 kW<\/td>\n<td>1.3\/2.8\/3.7 kW<\/td>\n<td>1.3\/3.5\/4.4 kW<\/td>\n<td>1.4\/4.6\/5 kW<\/td>\n<td>1.7\/6.0\/7.7 kW<\/td>\n<td>1.7\/6.4\/8.0 kW<\/td>\n<td>2.3\/8.2\/9.0 kW<\/td>\n<\/tr>\n<tr>\n<td>Jahutusv\u00f5imsus (Min.\/Nom.\/Max.)<\/td>\n<td>1.3\/2.0\/2.4 kW<\/td>\n<td>1.3\/2.5\/2.8 kW<\/td>\n<td>1.3\/3.3\/3.8 kW<\/td>\n<td>1.4\/4.2\/4.3 kW<\/td>\n<td>1.7\/5.0\/6.0 kW<\/td>\n<td>1.7\/6.0\/7.0 kW<\/td>\n<td>2.3\/7.1\/7.3 kW<\/td>\n<\/tr>\n<tr>\n<td>Toote t\u00fc\u00fcp<\/td>\n<td>Konditsioneer<\/td>\n<td>Konditsioneer<\/td>\n<td>Konditsioneer<\/td>\n<td>Konditsioneer<\/td>\n<td>Konditsioneer<\/td>\n<td>Konditsioneer<\/td>\n<td>Konditsioneer<\/td>\n<\/tr>\n<tr>\n<td>Energiaklass<\/td>\n<td>A++\/A+<\/td>\n<td>A++\/A+<\/td>\n<td>A++\/A+<\/td>\n<td>A++\/A+<\/td>\n<td>A++\/A+<\/td>\n<td>A++\/A+<\/td>\n<td>A<\/td>\n<\/tr>\n<tr>\n<td>SCOP<\/td>\n<td>4.11<\/td>\n<td>4.11<\/td>\n<td>4.11<\/td>\n<td>4.11<\/td>\n<td>4.06<\/td>\n<td>4.06<\/td>\n<td>3.81<\/td>\n<\/tr>\n<tr>\n<td>Garantii<\/td>\n<td>2 aastat<\/td>\n<td>2 aastat<\/td>\n<td>2 aastat<\/td>\n<td>2 aastat<\/td>\n<td>2 aastat<\/td>\n<td>2 aastat<\/td>\n<td>2 aastat<\/td>\n<\/tr>\n<tr>\n<td>Eestikeelne men\u00fc\u00fc<\/td>\n<td>Jah<\/td>\n<td>Jah<\/td>\n<td>Jah<\/td>\n<td>Jah<\/td>\n<td>Jah<\/td>\n<td>Jah<\/td>\n<td>Jah<\/td>\n<\/tr>\n<tr>\n<td>WiFi nutikas kaugjuhtimine<\/td>\n<td>Jah<\/td>\n<td>Jah<\/td>\n<td>Jah<\/td>\n<td>Jah<\/td>\n<td>Jah<\/td>\n<td>Jah<\/td>\n<td>Jah<\/td>\n<\/tr>\n<tr>\n<td>T\u00f6\u00f6piir (Jahutus)<\/td>\n<td>-10 ~ 48 \u00b0C<\/td>\n<td>-10 ~ 48 \u00b0C<\/td>\n<td>-10 ~ 48 \u00b0C<\/td>\n<td>-10 ~ 48 \u00b0C<\/td>\n<td>-10 ~ 48 \u00b0C<\/td>\n<td>-10 ~ 48 \u00b0C<\/td>\n<td>-10 ~ 48 \u00b0C<\/td>\n<\/tr>\n<tr>\n<td>T\u00f6\u00f6piir (K\u00fcte)<\/td>\n<td>-15 ~ 18* \u00b0C<\/td>\n<td>-15 ~ 18* \u00b0C<\/td>\n<td>-15 ~ 18* \u00b0C<\/td>\n<td>-15 ~ 18* \u00b0C<\/td>\n<td>-15 ~ 18* \u00b0C<\/td>\n<td>-15 ~ 18* \u00b0C<\/td>\n<td>-15 ~ 18* \u00b0C<\/td>\n<\/tr>\n<tr>\n<td>K\u00fclmaaine<\/td>\n<td>R32<\/td>\n<td>R32<\/td>\n<td>R32<\/td>\n<td>R32<\/td>\n<td>R32<\/td>\n<td>R32<\/td>\n<td>R32<\/td>\n<\/tr>\n<tr>\n<td>Torustiku m\u00f5\u00f5t (Vedel\/Gaas)<\/td>\n<td>6.35\/9.5 mm<\/td>\n<td>6.35\/9.5 mm<\/td>\n<td>6.35\/9.5 mm<\/td>\n<td>6.35\/9.5 mm<\/td>\n<td>6.4\/12.7 mm<\/td>\n<td>6.4\/12.7 mm<\/td>\n<td>6.4\/12.7 mm<\/td>\n<\/tr>\n<tr>\n<td>Maksimaalne k\u00f5rguste vahe<\/td>\n<td>12 m<\/td>\n<td>12 m<\/td>\n<td>12 m<\/td>\n<td>12 m<\/td>\n<td>20 m<\/td>\n<td>20 m<\/td>\n<td>20 m<\/td>\n<\/tr>\n<tr>\n<td>Maksimaalne trassi pikkus<\/td>\n<td>20 m<\/td>\n<td>20 m<\/td>\n<td>20 m<\/td>\n<td>20 m<\/td>\n<td>30 m<\/td>\n<td>30 m<\/td>\n<td>30 m<\/td>\n<\/tr>\n<tr>\n<td>Toitepinge<\/td>\n<td>1\/50\/220-240 V\/Ph\/Hz<\/td>\n<td>1\/50\/220-240 V\/Ph\/Hz<\/td>\n<td>1\/50\/220-240 V\/Ph\/Hz<\/td>\n<td>1\/50\/220-240 V\/Ph\/Hz<\/td>\n<td>1\/50\/220-240 V\/Ph\/Hz<\/td>\n<td>1\/50\/220-240 V\/Ph\/Hz<\/td>\n<td>1\/50\/220-240 V\/Ph\/Hz<\/td>\n<\/tr>\n<tr>\n<td>Kaitseautomaat<\/td>\n<td>16 A<\/td>\n<td>16 A<\/td>\n<td>16 A<\/td>\n<td>16 A<\/td>\n<td>20 A<\/td>\n<td>20 A<\/td>\n<td>20 A<\/td>\n<\/tr>\n<tr>\n<td>K\u00fcttev\u00f5imsus (Nom.)<\/td>\n<td>2.4 kW<\/td>\n<td>2.8 kW<\/td>\n<td>3.5 kW<\/td>\n<td>4.6 kW<\/td>\n<td>6.0 kW<\/td>\n<td>6.4 kW<\/td>\n<td>8.2 kW<\/td>\n<\/tr>\n<tr>\n<td>Jahutusv\u00f5imsus (Nom.)<\/td>\n<td>2.0 kW<\/td>\n<td>2.5 kW<\/td>\n<td>3.3 kW<\/td>\n<td>4.2 kW<\/td>\n<td>5.0 kW<\/td>\n<td>6.0 kW<\/td>\n<td>7.1 kW<\/td>\n<\/tr>\n<tr>\n<td>Ilma v\u00e4lisosata<\/td>\n<td>Ei<\/td>\n<td>Ei<\/td>\n<td>Ei<\/td>\n<td>Ei<\/td>\n<td>Ei<\/td>\n<td>Ei<\/td>\n<td>Ei<\/td>\n<\/tr>\n<tr>\n<td>V\u00f5imaldab mitu siseosa<\/td>\n<td>Ei<\/td>\n<td>Ei<\/td>\n<td>Ei<\/td>\n<td>Ei<\/td>\n<td>Ei<\/td>\n<td>Ei<\/td>\n<td>Ei<\/td>\n<\/tr>\n<tr>\n<td class=\"row-subheader\" colspan=\"8\">Siseosa<\/td>\n<\/tr>\n<tr>\n<td>Siseosa kaal<\/td>\n<td>8 kg<\/td>\n<td>8 kg<\/td>\n<td>8.5 kg<\/td>\n<td>8.5 kg<\/td>\n<td>13.5 kg<\/td>\n<td>13.5 kg<\/td>\n<td>13.5 kg<\/td>\n<\/tr>\n<tr>\n<td>Siseosa m\u00f5\u00f5dud (laius x k\u00f5rgus x s\u00fcgavus)<\/td>\n<td>286x770x225 mm<\/td>\n<td>286x770x225 mm<\/td>\n<td>286x770x225 mm<\/td>\n<td>286x770x225 mm<\/td>\n<td>295x990x263 mm<\/td>\n<td>295x990x263 mm<\/td>\n<td>295x990x263 mm<\/td>\n<\/tr>\n<tr>\n<td>M\u00fcratase siseseade<\/td>\n<td>20\/25\/39 dB(A)<\/td>\n<td>20\/26\/40 dB(A)<\/td>\n<td>20\/27\/43 dB(A)<\/td>\n<td>22\/30\/45 dB(A)<\/td>\n<td>31\/34\/43 dB(A)<\/td>\n<td>33\/36\/45 dB(A)<\/td>\n<td>34\/37\/46 dB(A)<\/td>\n<\/tr>\n<tr>\n<td class=\"row-subheader\" colspan=\"8\">V\u00e4lisosa<\/td>\n<\/tr>\n<tr>\n<td>V\u00e4lisosa kaal<\/td>\n<td>25.5 kg<\/td>\n<td>25.5 kg<\/td>\n<td>26 kg<\/td>\n<td>26 kg<\/td>\n<td>46 kg<\/td>\n<td>50 kg<\/td>\n<td>50 kg<\/td>\n<\/tr>\n<tr>\n<td>V\u00e4lisosa m\u00f5\u00f5dud (laius x k\u00f5rgus x s\u00fcgavus)<\/td>\n<td>556x740x343 mm<\/td>\n<td>556x740x343 mm<\/td>\n<td>556x740x343 mm<\/td>\n<td>556x740x343 mm<\/td>\n<td>734x870x373 mm<\/td>\n<td>734x870x373 mm<\/td>\n<td>734x870x373 mm<\/td>\n<\/tr>\n<tr>\n<td>M\u00fcratase v\u00e4lisosa<\/td>\n<td>46 dB(A)<\/td>\n<td>46 dB(A)<\/td>\n<td>48 dB(A)<\/td>\n<td>48 dB(A)<\/td>\n<td>47 dB(A)<\/td>\n<td>49 dB(A)<\/td>\n<td>52 dB(A)<\/td>\n<\/tr>\n<\/tbody>\n<\/table>\n<\/div>\n","protected":false},"excerpt":{"rendered":"<div class=\"summary entry-summary\">\n<div class=\"woocommerce-product-details__short-description\">\n<p>\u2013 Soodsaim lahendus ruumide jahutamiseks<br \/>\n\u2013 Energiaklass jahutusel A++<br \/>\n\u2013 WiFi \u00fchenduse v\u00f5imalus (lisa)<br \/>\n\u2013 R32 K\u00fclmaaine<\/p>\n<p>* Seadmega k\u00fctmiseks tuleb paigaldada k\u00fcttekaabel<\/p>\n<\/div>\n<\/div>\n<div class=\"meta-item\">\n<div class=\"meta-content\">\n<div class=\"meta-label\">K\u00f6etav pind<\/div>\n<div class=\"meta-data\">kuni 70 m\u00b2<\/div>\n<\/div>\n<\/div>\n<div class=\"meta-item\">\n<div class=\"meta-icon\"><\/div>\n<div class=\"meta-content\">\n<div class=\"meta-label\">Jahutatav pind<\/div>\n<div class=\"meta-data\">kuni 70 m2<\/div>\n<\/div>\n<\/div>\n<div class=\"meta-item\">\n<div class=\"meta-icon\"><img decoding=\"async\" src=\"https:\/\/citykliima.ee\/assets\/images\/highlight-icons\/4.svg\" alt=\"\" \/><\/div>\n<div class=\"meta-content\">\n<div class=\"meta-label\">Energiaklass<\/div>\n<div class=\"meta-data\">A<\/div>\n<\/div>\n<\/div>\n<div class=\"meta-item\">\n<div class=\"meta-icon\"><\/div>\n<div class=\"meta-content\">\n<div class=\"meta-label\">Garantii<\/div>\n<div class=\"meta-data\">2 aastat<\/div>\n<\/div>\n<\/div>\n<div class=\"meta-item\">\n<div class=\"meta-icon\"><\/div>\n<div class=\"meta-content\">\n<div class=\"meta-label\">K\u00fclmaaine<\/div>\n<div class=\"meta-data\">R32<\/div>\n<\/div>\n<\/div>\n<div class=\"meta-item\">\n<div class=\"meta-icon\"><img decoding=\"async\" src=\"https:\/\/citykliima.ee\/assets\/images\/highlight-icons\/64.svg\" alt=\"\" \/><\/div>\n<div class=\"meta-content\">\n<div class=\"meta-label\">Jahutusv\u00f5imsus (Nom.)<\/div>\n<div class=\"meta-data\">7.1 kW<\/div>\n<\/div>\n<div><\/div>\n<\/div>\n<div class=\"summary entry-summary\">\n<div class=\"woocommerce-product-details__short-description\">\n<p>Kataloog:<\/p>\n<p><a href=\"https:\/\/kliimakoda.ee\/pood\/wp-content\/uploads\/2020\/08\/Daikin_A-A_technical_catalogue_EE.pdf\">Daikin_A-A_technical_catalogue_EE<\/a><\/p>\n<\/div>\n<\/div>\n","protected":false},"featured_media":4065,"template":"","meta":{"ocean_post_layout":"","ocean_both_sidebars_style":"","ocean_both_sidebars_content_width":0,"ocean_both_sidebars_sidebars_width":0,"ocean_sidebar":"0","ocean_second_sidebar":"0","ocean_disable_margins":"enable","ocean_add_body_class":"","ocean_shortcode_before_top_bar":"","ocean_shortcode_after_top_bar":"","ocean_shortcode_before_header":"","ocean_shortcode_after_header":"","ocean_has_shortcode":"","ocean_shortcode_after_title":"","ocean_shortcode_before_footer_widgets":"","ocean_shortcode_after_footer_widgets":"","ocean_shortcode_before_footer_bottom":"","ocean_shortcode_after_footer_bottom":"","ocean_display_top_bar":"default","ocean_display_header":"default","ocean_header_style":"","ocean_center_header_left_menu":"0","ocean_custom_header_template":"0","ocean_custom_logo":0,"ocean_custom_retina_logo":0,"ocean_custom_logo_max_width":0,"ocean_custom_logo_tablet_max_width":0,"ocean_custom_logo_mobile_max_width":0,"ocean_custom_logo_max_height":0,"ocean_custom_logo_tablet_max_height":0,"ocean_custom_logo_mobile_max_height":0,"ocean_header_custom_menu":"0","ocean_menu_typo_font_family":"0","ocean_menu_typo_font_subset":"","ocean_menu_typo_font_size":0,"ocean_menu_typo_font_size_tablet":0,"ocean_menu_typo_font_size_mobile":0,"ocean_menu_typo_font_size_unit":"px","ocean_menu_typo_font_weight":"","ocean_menu_typo_font_weight_tablet":"","ocean_menu_typo_font_weight_mobile":"","ocean_menu_typo_transform":"","ocean_menu_typo_transform_tablet":"","ocean_menu_typo_transform_mobile":"","ocean_menu_typo_line_height":0,"ocean_menu_typo_line_height_tablet":0,"ocean_menu_typo_line_height_mobile":0,"ocean_menu_typo_line_height_unit":"","ocean_menu_typo_spacing":0,"ocean_menu_typo_spacing_tablet":0,"ocean_menu_typo_spacing_mobile":0,"ocean_menu_typo_spacing_unit":"","ocean_menu_link_color":"","ocean_menu_link_color_hover":"","ocean_menu_link_color_active":"","ocean_menu_link_background":"","ocean_menu_link_hover_background":"","ocean_menu_link_active_background":"","ocean_menu_social_links_bg":"","ocean_menu_social_hover_links_bg":"","ocean_menu_social_links_color":"","ocean_menu_social_hover_links_color":"","ocean_disable_title":"default","ocean_disable_heading":"default","ocean_post_title":"","ocean_post_subheading":"","ocean_post_title_style":"","ocean_post_title_background_color":"","ocean_post_title_background":0,"ocean_post_title_bg_image_position":"","ocean_post_title_bg_image_attachment":"","ocean_post_title_bg_image_repeat":"","ocean_post_title_bg_image_size":"","ocean_post_title_height":0,"ocean_post_title_bg_overlay":0.5,"ocean_post_title_bg_overlay_color":"","ocean_disable_breadcrumbs":"default","ocean_breadcrumbs_color":"","ocean_breadcrumbs_separator_color":"","ocean_breadcrumbs_links_color":"","ocean_breadcrumbs_links_hover_color":"","ocean_display_footer_widgets":"default","ocean_display_footer_bottom":"default","ocean_custom_footer_template":"0"},"product_brand":[],"product_cat":[59,77],"product_tag":[],"class_list":{"0":"post-2264","1":"product","2":"type-product","3":"status-publish","4":"has-post-thumbnail","6":"product_cat-jahutusseadmed","7":"product_cat-jahutusseadmed-daikin","9":"entry","10":"has-media","12":"first","13":"instock","14":"taxable","15":"shipping-taxable","16":"purchasable","17":"product-type-simple","18":"has-product-nav","19":"col","20":"span_1_of_4","21":"owp-content-center","22":"owp-thumbs-layout-horizontal","23":"owp-btn-normal","24":"owp-tabs-layout-horizontal"},"_links":{"self":[{"href":"https:\/\/kliimakoda.ee\/pood\/wp-json\/wp\/v2\/product\/2264","targetHints":{"allow":["GET"]}}],"collection":[{"href":"https:\/\/kliimakoda.ee\/pood\/wp-json\/wp\/v2\/product"}],"about":[{"href":"https:\/\/kliimakoda.ee\/pood\/wp-json\/wp\/v2\/types\/product"}],"wp:featuredmedia":[{"embeddable":true,"href":"https:\/\/kliimakoda.ee\/pood\/wp-json\/wp\/v2\/media\/4065"}],"wp:attachment":[{"href":"https:\/\/kliimakoda.ee\/pood\/wp-json\/wp\/v2\/media?parent=2264"}],"wp:term":[{"taxonomy":"product_brand","embeddable":true,"href":"https:\/\/kliimakoda.ee\/pood\/wp-json\/wp\/v2\/product_brand?post=2264"},{"taxonomy":"product_cat","embeddable":true,"href":"https:\/\/kliimakoda.ee\/pood\/wp-json\/wp\/v2\/product_cat?post=2264"},{"taxonomy":"product_tag","embeddable":true,"href":"https:\/\/kliimakoda.ee\/pood\/wp-json\/wp\/v2\/product_tag?post=2264"}],"curies":[{"name":"wp","href":"https:\/\/api.w.org\/{rel}","templated":true}]}}