{"id":2259,"date":"2021-05-13T18:40:46","date_gmt":"2021-05-13T18:40:46","guid":{"rendered":"https:\/\/kliimakoda.ee\/pood\/?post_type=product&#038;p=2259"},"modified":"2026-03-26T14:27:37","modified_gmt":"2026-03-26T14:27:37","slug":"daikin-perfera-ftxm71n-rxm71n","status":"publish","type":"product","link":"https:\/\/kliimakoda.ee\/pood\/toode\/daikin-perfera-ftxm71n-rxm71n\/","title":{"rendered":"Daikin Perfera FTXM71A\/RXM71A"},"content":{"rendered":"<h2 class=\"technical-info-title\">Tehnilised andmed<\/h2>\n<div class=\"technical-info-table\">\n<table class=\"table\">\n<thead>\n<tr>\n<th>Tootja<\/th>\n<th>Daikin<\/th>\n<th>Daikin<\/th>\n<th>Daikin<\/th>\n<th>Daikin<\/th>\n<th>Daikin<\/th>\n<th>Daikin<\/th>\n<\/tr>\n<tr>\n<th>Mudel<\/th>\n<th>Perfera 25<\/th>\n<th>Perfera 35<\/th>\n<th>Perfera 42<\/th>\n<th>Perfera 50<\/th>\n<th>Perfera 60<\/th>\n<th>Perfera 71<\/th>\n<\/tr>\n<tr>\n<th><span class=\"table-title\">K\u00f6etav pind<\/span><\/th>\n<th><span class=\"product-name\">kuni 30 m\u00b2<\/span><\/th>\n<th><span class=\"product-name\">kuni 40 m\u00b2<\/span><\/th>\n<th><span class=\"product-name\">kuni 45 m\u00b2<\/span><\/th>\n<th><span class=\"product-name\">kuni 50 m\u00b2<\/span><\/th>\n<th><span class=\"product-name\">kuni 60 m\u00b2<\/span><\/th>\n<th><span class=\"product-name\">kuni 75 m\u00b2<\/span><\/th>\n<\/tr>\n<tr>\n<th><span class=\"table-title\">Jahutatav pind<\/span><\/th>\n<th><span class=\"product-name\">kuni 30 m2<\/span><\/th>\n<th><span class=\"product-name\">kuni 40 m2<\/span><\/th>\n<th><span class=\"product-name\">kuni 45 m2<\/span><\/th>\n<th><span class=\"product-name\">kuni 50 m2<\/span><\/th>\n<th><span class=\"product-name\">kuni 60 m2<\/span><\/th>\n<th><span class=\"product-name\">kuni 75 m2<\/span><\/th>\n<\/tr>\n<\/thead>\n<tbody>\n<tr>\n<td>Tootekood<\/td>\n<td>FTXM25A + RXM25A<\/td>\n<td>FTXM35A + RXM35A9<\/td>\n<td>FTXM42A + RXM42A<\/td>\n<td>FTXM50A + RXM50A8<\/td>\n<td>FTXM60A + RXM60A<\/td>\n<td>FTXM71A + RXM71A<\/td>\n<\/tr>\n<tr>\n<td>K\u00fcttev\u00f5imsus (Min.\/Nom.\/Max.)<\/td>\n<td>1.3\/2.8\/4.7 kW<\/td>\n<td>1.4\/4.0\/5.2 kW<\/td>\n<td>1.7\/5.4\/6 kW<\/td>\n<td>1.7\/5.8\/7.7 kW<\/td>\n<td>1.7\/7.0\/8.0 kW<\/td>\n<td>2.3\/8.2\/10.2 kW<\/td>\n<\/tr>\n<tr>\n<td>Jahutusv\u00f5imsus (Min.\/Nom.\/Max.)<\/td>\n<td>1.3\/2.5\/3.2 kW<\/td>\n<td>1.4\/3.4\/4 kW<\/td>\n<td>1.7\/4.2\/5 kW<\/td>\n<td>1.7\/5.0\/6 kW<\/td>\n<td>1.7\/6.0\/7.0 kW<\/td>\n<td>2.3\/7.1\/8.5 kW<\/td>\n<\/tr>\n<tr>\n<td>Toote t\u00fc\u00fcp<\/td>\n<td>Konditsioneer<\/td>\n<td>Konditsioneer<\/td>\n<td>Konditsioneer<\/td>\n<td>Konditsioneer<\/td>\n<td>Konditsioneer<\/td>\n<td>Konditsioneer<\/td>\n<\/tr>\n<tr>\n<td>Energiaklass<\/td>\n<td>A+++<\/td>\n<td>A+++<\/td>\n<td>A++<\/td>\n<td>A++<\/td>\n<td>A++\/A+<\/td>\n<td>A++\/A+<\/td>\n<\/tr>\n<tr>\n<td>SCOP<\/td>\n<td>5.1<\/td>\n<td>5.1<\/td>\n<td>4.71<\/td>\n<td>4.71<\/td>\n<td>4.3<\/td>\n<td>4.1<\/td>\n<\/tr>\n<tr>\n<td>Garantii<\/td>\n<td>2 aastat<\/td>\n<td>2 aastat<\/td>\n<td>2 aastat<\/td>\n<td>2 aastat<\/td>\n<td>2 aastat<\/td>\n<td>2 aastat<\/td>\n<\/tr>\n<tr>\n<td>Eestikeelne men\u00fc\u00fc<\/td>\n<td>Jah<\/td>\n<td>Jah<\/td>\n<td>Jah<\/td>\n<td>Jah<\/td>\n<td>Jah<\/td>\n<td>Jah<\/td>\n<\/tr>\n<tr>\n<td>WiFi nutikas kaugjuhtimine<\/td>\n<td>Jah<\/td>\n<td>Jah<\/td>\n<td>Jah<\/td>\n<td>Jah<\/td>\n<td>Jah<\/td>\n<td>Jah<\/td>\n<\/tr>\n<tr>\n<td>T\u00f6\u00f6piir (Jahutus)<\/td>\n<td>-10 ~ 50 \u00b0C<\/td>\n<td>-10 ~ 50 \u00b0C<\/td>\n<td>-10 ~ 50 \u00b0C<\/td>\n<td>-10 ~ 50 \u00b0C<\/td>\n<td>-10 ~ 50 \u00b0C<\/td>\n<td>-10 ~ 46 \u00b0C<\/td>\n<\/tr>\n<tr>\n<td>T\u00f6\u00f6piir (K\u00fcte)<\/td>\n<td>-20 ~ 24* \u00b0C<\/td>\n<td>-20 ~ 24* \u00b0C<\/td>\n<td>-20 ~ 24* \u00b0C<\/td>\n<td>-20 ~ 24* \u00b0C<\/td>\n<td>-20 ~ 24* \u00b0C<\/td>\n<td>-15 ~ 24* \u00b0C<\/td>\n<\/tr>\n<tr>\n<td>K\u00fclmaaine<\/td>\n<td>R32<\/td>\n<td>R32<\/td>\n<td>R32<\/td>\n<td>R32<\/td>\n<td>R32<\/td>\n<td>R32<\/td>\n<\/tr>\n<tr>\n<td>Torustiku m\u00f5\u00f5t (Vedel\/Gaas)<\/td>\n<td>6.35\/9.5 mm<\/td>\n<td>6.35\/9.5 mm<\/td>\n<td>6.35\/9.5 mm<\/td>\n<td>6\/12.7 mm<\/td>\n<td>6\/12.7 mm<\/td>\n<td>6\/15.9 mm<\/td>\n<\/tr>\n<tr>\n<td>Maksimaalne k\u00f5rguste vahe<\/td>\n<td>15 m<\/td>\n<td>15 m<\/td>\n<td>20 m<\/td>\n<td>20 m<\/td>\n<td>20 m<\/td>\n<td>20 m<\/td>\n<\/tr>\n<tr>\n<td>Maksimaalne trassi pikkus<\/td>\n<td>20 m<\/td>\n<td>20 m<\/td>\n<td>30 m<\/td>\n<td>30 m<\/td>\n<td>30 m<\/td>\n<td>30 m<\/td>\n<\/tr>\n<tr>\n<td>Toitepinge<\/td>\n<td>1\/50\/220-240 V\/Ph\/Hz<\/td>\n<td>1\/50\/220-240 V\/Ph\/Hz<\/td>\n<td>1\/50\/220-240 V\/Ph\/Hz<\/td>\n<td>1\/50\/220-240 V\/Ph\/Hz<\/td>\n<td>1\/50\/220-240 V\/Ph\/Hz<\/td>\n<td>1\/50\/220-240 V\/Ph\/Hz<\/td>\n<\/tr>\n<tr>\n<td>Kaitseautomaat<\/td>\n<td>13 A<\/td>\n<td>13 A<\/td>\n<td>13 A<\/td>\n<td>16 A<\/td>\n<td>16 A<\/td>\n<td>20 A<\/td>\n<\/tr>\n<tr>\n<td>K\u00fcttev\u00f5imsus (Nom.)<\/td>\n<td>2.8 kW<\/td>\n<td>4.0 kW<\/td>\n<td>5.4 kW<\/td>\n<td>5.8 kW<\/td>\n<td>7.0 kW<\/td>\n<td>8.2 kW<\/td>\n<\/tr>\n<tr>\n<td>Jahutusv\u00f5imsus (Nom.)<\/td>\n<td>2.5 kW<\/td>\n<td>3.4 kW<\/td>\n<td>4.2 kW<\/td>\n<td>5.0 kW<\/td>\n<td>6.0 kW<\/td>\n<td>7.1 kW<\/td>\n<\/tr>\n<tr>\n<td>SCOP (Soe\/kesk.\/k\u00fclm kliima)<\/td>\n<td>5.1<\/td>\n<td>5.1<\/td>\n<td>5.1<\/td>\n<td>5.1<\/td>\n<td>5.1<\/td>\n<td>5.1<\/td>\n<\/tr>\n<tr>\n<td>SEER<\/td>\n<td>8.65<\/td>\n<td>8.65<\/td>\n<td>8.65<\/td>\n<td>8.65<\/td>\n<td>8.65<\/td>\n<td>8.65<\/td>\n<\/tr>\n<tr>\n<td>Ilma v\u00e4lisosata<\/td>\n<td>Ei<\/td>\n<td>Ei<\/td>\n<td>Ei<\/td>\n<td>Ei<\/td>\n<td>Ei<\/td>\n<td>Ei<\/td>\n<\/tr>\n<tr>\n<td>V\u00f5imaldab mitu siseosa<\/td>\n<td>Ei<\/td>\n<td>Ei<\/td>\n<td>Ei<\/td>\n<td>Ei<\/td>\n<td>Ei<\/td>\n<td>Ei<\/td>\n<\/tr>\n<tr>\n<td class=\"row-subheader\" colspan=\"7\">Siseosa<\/td>\n<\/tr>\n<tr>\n<td>Siseosa kaal<\/td>\n<td>10 kg<\/td>\n<td>10 kg<\/td>\n<td>10 kg<\/td>\n<td>14.5 kg<\/td>\n<td>14.5 kg<\/td>\n<td>14.5 kg<\/td>\n<\/tr>\n<tr>\n<td>Siseosa m\u00f5\u00f5dud (laius x k\u00f5rgus x s\u00fcgavus)<\/td>\n<td>295x778x272 mm<\/td>\n<td>295x778x272 mm<\/td>\n<td>295x778x272 mm<\/td>\n<td>299x998x292 mm<\/td>\n<td>299x998x292 mm<\/td>\n<td>299x998x292 mm<\/td>\n<\/tr>\n<tr>\n<td>M\u00fcratase siseseade<\/td>\n<td>19\/25\/41 dB(A)<\/td>\n<td>20\/28\/39 dB(A)<\/td>\n<td>21\/30\/45 dB(A)<\/td>\n<td>27\/36\/44 dB(A)<\/td>\n<td>30\/37\/46 dB(A)<\/td>\n<td>32\/38\/47 dB(A)<\/td>\n<\/tr>\n<tr>\n<td class=\"row-subheader\" colspan=\"7\">V\u00e4lisosa<\/td>\n<\/tr>\n<tr>\n<td>V\u00e4lisosa kaal<\/td>\n<td>32 kg<\/td>\n<td>32 kg<\/td>\n<td>49 kg<\/td>\n<td>49 kg<\/td>\n<td>49 kg<\/td>\n<td>55 kg<\/td>\n<\/tr>\n<tr>\n<td>V\u00e4lisosa m\u00f5\u00f5dud (laius x k\u00f5rgus x s\u00fcgavus)<\/td>\n<td>552x840x350 mm<\/td>\n<td>552x840x350 mm<\/td>\n<td>734x954x401 mm<\/td>\n<td>734x954x401 mm<\/td>\n<td>734x954x401 mm<\/td>\n<td>734x954x401 mm<\/td>\n<\/tr>\n<tr>\n<td>M\u00fcratase v\u00e4lisosa<\/td>\n<td>47 dB(A)<\/td>\n<td>49 dB(A)<\/td>\n<td>48 dB(A)<\/td>\n<td>48 dB(A)<\/td>\n<td>48 dB(A)<\/td>\n<\/tr>\n<\/tbody>\n<\/table>\n<\/div>\n","protected":false},"excerpt":{"rendered":"<p>Kuni -20\u00b0C jahutusel t\u00f6\u00f6tav seinamudel<br \/>\n&#8211; Serveriruumi jahutamiseks t\u00f6\u00f6re\u017eiim on v\u00f5malik seadistada<br \/>\nkuni -20\u00b0C v\u00e4lis\u00f5hu temperatuurini<br \/>\n&#8211; Mattvalge v\u00e4rvus<br \/>\n&#8211; Daikini Flash Streamer tehnoloogia tagab puhtama \u00f5hu<br \/>\n&#8211; Uuendatud kaugjuhtimispult<br \/>\n&#8211; Kahte tsooni j\u00e4lgiv sensor<br \/>\n&#8211; Onecta rakendus: juhi \u00f5hksoojuspumpa, mis tahes asukohast<br \/>\n&#8211; Integreeritud WiFi kontroller<br \/>\n&#8211; Madal m\u00fcratase 19 dB(A)<br \/>\n&#8211; Energiaklass jahutus\/k\u00fcte = A+++\/A++<br \/>\n&#8211; R32 K\u00fclmaaine<\/p>\n","protected":false},"featured_media":2282,"template":"","meta":{"ocean_post_layout":"","ocean_both_sidebars_style":"","ocean_both_sidebars_content_width":0,"ocean_both_sidebars_sidebars_width":0,"ocean_sidebar":"0","ocean_second_sidebar":"0","ocean_disable_margins":"enable","ocean_add_body_class":"","ocean_shortcode_before_top_bar":"","ocean_shortcode_after_top_bar":"","ocean_shortcode_before_header":"","ocean_shortcode_after_header":"","ocean_has_shortcode":"","ocean_shortcode_after_title":"","ocean_shortcode_before_footer_widgets":"","ocean_shortcode_after_footer_widgets":"","ocean_shortcode_before_footer_bottom":"","ocean_shortcode_after_footer_bottom":"","ocean_display_top_bar":"default","ocean_display_header":"default","ocean_header_style":"","ocean_center_header_left_menu":"0","ocean_custom_header_template":"0","ocean_custom_logo":0,"ocean_custom_retina_logo":0,"ocean_custom_logo_max_width":0,"ocean_custom_logo_tablet_max_width":0,"ocean_custom_logo_mobile_max_width":0,"ocean_custom_logo_max_height":0,"ocean_custom_logo_tablet_max_height":0,"ocean_custom_logo_mobile_max_height":0,"ocean_header_custom_menu":"0","ocean_menu_typo_font_family":"0","ocean_menu_typo_font_subset":"","ocean_menu_typo_font_size":0,"ocean_menu_typo_font_size_tablet":0,"ocean_menu_typo_font_size_mobile":0,"ocean_menu_typo_font_size_unit":"px","ocean_menu_typo_font_weight":"","ocean_menu_typo_font_weight_tablet":"","ocean_menu_typo_font_weight_mobile":"","ocean_menu_typo_transform":"","ocean_menu_typo_transform_tablet":"","ocean_menu_typo_transform_mobile":"","ocean_menu_typo_line_height":0,"ocean_menu_typo_line_height_tablet":0,"ocean_menu_typo_line_height_mobile":0,"ocean_menu_typo_line_height_unit":"","ocean_menu_typo_spacing":0,"ocean_menu_typo_spacing_tablet":0,"ocean_menu_typo_spacing_mobile":0,"ocean_menu_typo_spacing_unit":"","ocean_menu_link_color":"","ocean_menu_link_color_hover":"","ocean_menu_link_color_active":"","ocean_menu_link_background":"","ocean_menu_link_hover_background":"","ocean_menu_link_active_background":"","ocean_menu_social_links_bg":"","ocean_menu_social_hover_links_bg":"","ocean_menu_social_links_color":"","ocean_menu_social_hover_links_color":"","ocean_disable_title":"default","ocean_disable_heading":"default","ocean_post_title":"","ocean_post_subheading":"","ocean_post_title_style":"","ocean_post_title_background_color":"","ocean_post_title_background":0,"ocean_post_title_bg_image_position":"","ocean_post_title_bg_image_attachment":"","ocean_post_title_bg_image_repeat":"","ocean_post_title_bg_image_size":"","ocean_post_title_height":0,"ocean_post_title_bg_overlay":0.5,"ocean_post_title_bg_overlay_color":"","ocean_disable_breadcrumbs":"default","ocean_breadcrumbs_color":"","ocean_breadcrumbs_separator_color":"","ocean_breadcrumbs_links_color":"","ocean_breadcrumbs_links_hover_color":"","ocean_display_footer_widgets":"default","ocean_display_footer_bottom":"default","ocean_custom_footer_template":"0"},"product_brand":[],"product_cat":[59,77,62,85],"product_tag":[],"class_list":{"0":"post-2259","1":"product","2":"type-product","3":"status-publish","4":"has-post-thumbnail","6":"product_cat-jahutusseadmed","7":"product_cat-jahutusseadmed-daikin","8":"product_cat-ohksoojuspumbad","9":"product_cat-ohksoojuspumbad-daikin","11":"entry","12":"has-media","14":"first","15":"instock","16":"taxable","17":"shipping-taxable","18":"purchasable","19":"product-type-simple","20":"has-product-nav","21":"col","22":"span_1_of_4","23":"owp-content-center","24":"owp-thumbs-layout-horizontal","25":"owp-btn-normal","26":"owp-tabs-layout-horizontal"},"_links":{"self":[{"href":"https:\/\/kliimakoda.ee\/pood\/wp-json\/wp\/v2\/product\/2259","targetHints":{"allow":["GET"]}}],"collection":[{"href":"https:\/\/kliimakoda.ee\/pood\/wp-json\/wp\/v2\/product"}],"about":[{"href":"https:\/\/kliimakoda.ee\/pood\/wp-json\/wp\/v2\/types\/product"}],"wp:featuredmedia":[{"embeddable":true,"href":"https:\/\/kliimakoda.ee\/pood\/wp-json\/wp\/v2\/media\/2282"}],"wp:attachment":[{"href":"https:\/\/kliimakoda.ee\/pood\/wp-json\/wp\/v2\/media?parent=2259"}],"wp:term":[{"taxonomy":"product_brand","embeddable":true,"href":"https:\/\/kliimakoda.ee\/pood\/wp-json\/wp\/v2\/product_brand?post=2259"},{"taxonomy":"product_cat","embeddable":true,"href":"https:\/\/kliimakoda.ee\/pood\/wp-json\/wp\/v2\/product_cat?post=2259"},{"taxonomy":"product_tag","embeddable":true,"href":"https:\/\/kliimakoda.ee\/pood\/wp-json\/wp\/v2\/product_tag?post=2259"}],"curies":[{"name":"wp","href":"https:\/\/api.w.org\/{rel}","templated":true}]}}