{"id":1392,"date":"2020-08-30T18:56:16","date_gmt":"2020-08-30T18:56:16","guid":{"rendered":"https:\/\/kliimakoda.ee\/pood\/toode\/import-placeholder-for-8045\/"},"modified":"2026-03-04T12:13:10","modified_gmt":"2026-03-04T12:13:10","slug":"daikin-ftxm20n-seinamudel-ftxm-n9","status":"publish","type":"product","link":"https:\/\/kliimakoda.ee\/pood\/toode\/daikin-ftxm20n-seinamudel-ftxm-n9\/","title":{"rendered":"Daikin Perfera FTXM20A\/RXM20A"},"content":{"rendered":"<p>Jahutus 2,00 (1,30-2,60) kW, el. 0,44 kW<br \/>\nK\u00fcte 2,50 (1,30-3,50) kW, el. 0,50 kW<\/p>\n<p>&nbsp;<\/p>\n<p><a href=\"https:\/\/kliimakoda.ee\/pood\/wp-content\/uploads\/2021\/05\/FTXM-R-RXM-R_Product-flyer_ECPEN21-022_English-2-1.pdf\">FTXM-R, RXM-R_Product flyer_ECPEN21-022_English (2)<\/a><\/p>\n<h2>Daikin Perfera FTXM20R\/RXM20R R32<\/h2>\n<h3>Integreeritud WiFi kontroller<\/h3>\n<h2>Toote omadused<\/h2>\n<ul>\n<li>Serveriruumi jahutamiseks t\u00f6\u00f6re\u017eiim on v\u00f5malik seadistada kuni -20\u00b0C v\u00e4lis\u00f5hu temperatuurini.<\/li>\n<li>V\u00f5rreldes R-410A k\u00fclmaainega v\u00e4hendab R-32 k\u00fclmaainega toote valimine keskkonnam\u00f5ju 68% v\u00f5rra ja t\u00e4nu oma suurele energiat\u00f5hususele v\u00e4hendab see otseselt ka elektritarvet<\/li>\n<li>Praktiliselt kuuldamatu: seade t\u00f6\u00f6tab nii vaikselt, et selle olemasolu peaagu ei m\u00e4rkagi.<\/li>\n<li>V\u00e4lisseadmed paigaldatakse p\u00f6\u00f6rdkompressoriga, mis on tuntud madala m\u00fcrataseme ja suure energiat\u00f5hususe poolest<\/li>\n<li>V\u00e4lisseadmed paarisrakenduse jaoks<\/li>\n<li>Kahte piirkonda kattev liikumisandur: \u00f5huvoog suunatakse piirkonda, kus inimesi hetkel ei viibi; Kui inimesi ei tuvastata, l\u00fclitub seade automaatselt energiat\u00f5husale seadistusele.<\/li>\n<li>V\u00f5rgukontroller: juhtige oma siseseadet rakenduse kaudu \u00fcksk\u00f5ik kust kohaliku v\u00f5rgu v\u00f5i interneti kaudu<\/li>\n<li>T\u00e4nu kaasaegsele tehnoloogiale ja integreeritud nutikatele lahendustele on sesoonse t\u00f5hususe v\u00e4\u00e4rtused jahutusel ja k\u00fcttel kuni A+++<\/li>\n<li>Daikini v\u00e4lisseadmed on maitsekad ja tugevad ning neid saab h\u00f5lpsalt paigaldada katusele, terrassile v\u00f5i panna lihtsalt v\u00e4lisseina vastu<\/li>\n<li>Daikini Flash Streamer tehnoloogia tagab puhtama \u00f5hu: nii v\u00f5ib ilma saastunud \u00f5hu p\u00e4rast muretsemata s\u00fcgavalt sisse hingata<\/li>\n<li>Korrosioonikaitsega v\u00e4lissoojusvaheti ribid<\/li>\n<li>Stiilne ja m\u00e4rkamatu \u00f5hukonditsioneer, mis sobib Euroopaliku sisekujundusega<\/li>\n<li>3D \u00f5huvoo funktsioon v\u00f5imaldab vertikaalset ja horisontaalset automaatse suunamuutust k\u00fclma v\u00f5i sooja \u00f5hu suunamiseks suuremate ruumide nurkadesse.<\/li>\n<\/ul>\n<h3>Eelised<\/h3>\n<ul>\n<li>\n<h4>Kahte piirkonda kattev liikumisandur<i><\/i><\/h4>\n<p>\u00d5huvoog suunatakse kohtadesse, kus inimesi parasjagu ei ole. Kui inimesi ei tuvastata, l\u00fclitub seade automaatselt energiat\u00f5husale seadistusele.<\/li>\n<li>\n<h4>Energias\u00e4\u00e4st ootere\u017eiimil<i><\/i><\/h4>\n<p>Energiakulu v\u00e4heneb ootere\u017eiimis umbes 80% v\u00f5rra.<\/li>\n<li>\n<h4>Praktiliselt kuuldamatu<i><\/i><\/h4>\n<p>Praktiliselt kuuldamatu: seade t\u00f6\u00f6tab nii vaikselt, et selle olemasolu peaagu ei m\u00e4rkagi.<\/li>\n<li>\n<h4>V\u00e4lisseadme vaikne t\u00f6\u00f6<i><\/i><\/h4>\n<p>Kaugjuhtimispuldi nupp &#8220;Silent&#8221; v\u00e4hendab v\u00e4lisseadme t\u00f6\u00f6m\u00fcra 3 dB(A) v\u00f5rra, et tagada \u00fcmbrusele vaikne keskkond.<\/li>\n<li>\n<h4>V\u00f5rgukontroller rakenduse kaudu<i><\/i><\/h4>\n<p>Juhtige oma siseseadet rakenduse kaudu \u00fcksk\u00f5ik kus kohast<\/li>\n<li>\n<h4>Multis\u00fcsteemi rakendus<i><\/i><\/h4>\n<p>\u00dche v\u00e4lisseadme k\u00fclge saab \u00fchendada kuni 5 siseseadet, isegi kui neil on erinevad v\u00f5imsused. K\u00f5iki siseseadmeid saab samas k\u00fctte- v\u00f5i jahutusre\u017eiimis eraldi k\u00e4sitseda.<\/li>\n<\/ul>\n<ul>\n<li>\n<h4>Econo-re\u017eiim<i><\/i><\/h4>\n<p>V\u00e4hendab voolukulu, nii et saab kasutada teisi suure elektritarbega seadmeid. See funktsioon on ka energias\u00e4\u00e4stlik.<\/li>\n<li>\n<h4>\u00d6ine re\u017eiim<i><\/i><\/h4>\n<p>S\u00e4\u00e4stab energiat ega lase \u00f6isel ajal liigselt jahutada v\u00f5i liigselt k\u00fctta.<\/li>\n<li>\n<h4>Ainult ventilaator<i><\/i><\/h4>\n<p>Seadet v\u00f5ib kasutada ventilaatorina, mis puhub \u00f5hku ilma seda k\u00fctmata v\u00f5i jahutamata.<\/li>\n<li>\n<h4>Mugavusre\u017eiim<i><\/i><\/h4>\n<p>Tagab t\u00f5mbusevaba t\u00f6\u00f6, nii et sooja ega k\u00fclma \u00f5hku ei puhuta otse kehale.<\/li>\n<li>\n<h4>V\u00f5imas re\u017eiim<i><\/i><\/h4>\n<p>V\u00f5ib valida kiireks k\u00fctmiseks v\u00f5i jahutamiseks; p\u00e4rast v\u00f5imsat re\u017eiimi naaseb seade eelvalitud re\u017eiimile.<\/li>\n<li>\n<h4>Automaatne vahetus jahutuse-k\u00fctmise vahel<i><\/i><\/h4>\n<p>Valib seatud temperatuuri saavutamiseks automaatselt k\u00fctmise v\u00f5i jahutamise re\u017eiimi.<\/li>\n<li>\n<h4>Siseseadme vaikne t\u00f6\u00f6<i><\/i><\/h4>\n<p>Kaugjuhtimispuldi nupp &#8220;Silent&#8221; v\u00e4hendab siseseadme t\u00f6\u00f6m\u00fcra 3 dB(A) v\u00f5rra<\/li>\n<li>\n<h4>3D \u00f5huvool<i><\/i><\/h4>\n<p>V\u00f5imaldab vertikaalset ja horisontaalset automaatse suunamuutust sooja v\u00f5i k\u00fclma \u00f5hu suunamiseks suuremate ruumide nurkadesse.<\/li>\n<li>\n<h4>Vertikaalne automaatne suunamuutus<i><\/i><\/h4>\n<p>V\u00f5imalus valida \u00f5hu v\u00e4ljalaskeklappide automaatne vertikaalne liikumine, et t\u00f5hustada \u00f5hu ja temperatuuri jaotumist kogu ruumis.<\/li>\n<li>\n<h4>Horisontaalne automaatne suunamuutus<i><\/i><\/h4>\n<p>V\u00f5imalus valida \u00f5hu v\u00e4ljalaskeresti automaatne horisontaalne suunamuutus, et \u00fchtlustada \u00f5huvoolu ja temperatuuri jaotumist.<\/li>\n<li>\n<h4>Automaatne ventilaatori kiirus<i><\/i><\/h4>\n<p>Valib seatud temperatuuri saavutamiseks v\u00f5i hoidmiseks vajaliku ventilaatorikiiruse automaatselt.<\/li>\n<li>\n<h4>Ventilaatori kiirusastmed\u00a0<i>(5 astet)<\/i><\/h4>\n<p>V\u00f5imaldab valida ventilaatori kiirust kuni antud numbrini.<\/li>\n<li>\n<h4>Kuiv programm<i><\/i><\/h4>\n<p>V\u00f5imaldab alandada niiskustaset ilma ruumitemperatuuri muutmata.<\/li>\n<li>\n<h4>Flash Streamer<i><\/i><\/h4>\n<p>Tekitab kiirelt liikuvad elektronid, mis l\u00f5hustavad t\u00f5husalt viirused, bakterid, l\u00f5hnad ja allergeenid.<\/li>\n<li>\n<h4>Titaanapatiidist deodoriseeriv filter<i><\/i><\/h4>\n<p>Filtreerib \u00f5hust tolmuosakesed ja kahjulikud orgaanilised kemikaalid, bakterid, viirused ja allergeenid ning deodoriseerib n\u00e4iteks tubaka ja lemmikloomade l\u00f5hna.<\/li>\n<li>\n<h4>\u00d5hufilter<i><\/i><\/h4>\n<p>Eemaldab \u00f5hust tolmuosakesed, et tagada pidev puhta \u00f5hu juurdevool.<\/li>\n<li>\n<h4>N\u00e4dalataimer<i><\/i><\/h4>\n<p>V\u00f5imaldab jahutuse v\u00f5i k\u00fctte k\u00e4ivituse programmeerida suvaliseks ajaks p\u00e4eva v\u00f5i n\u00e4dala jooksul.<\/li>\n<li>\n<h4>24 tunni taimer<i><\/i><\/h4>\n<p>V\u00f5imaldab t\u00f6\u00f6 k\u00e4ivituse programmeerida suvaliseks ajaks 24 tunni jooksul<\/li>\n<li>\n<h4>Infrapuna\u00fchendusega kaugjuhtimispult<i><\/i><\/h4>\n<p>K\u00e4ivitab, seiskab ja reguleerib \u00f5hukonditsioneerib eemalt.<\/li>\n<li>\n<h4>Juhtmega \u00fchendatud kaugjuhtimispult<i><\/i><\/h4>\n<p>K\u00e4ivitab, seiskab ja reguleerib \u00f5hukonditsioneeri.<\/li>\n<li>\n<h4>Tsentraliseeritud juhtimine<i><\/i><\/h4>\n<p>K\u00e4ivitab, seiskab ja reguleerib mitut \u00f5hukonditsioneeri \u00fchest kesksest kohast.<\/li>\n<li>\n<h4>Automaatne taask\u00e4ivitus<i><\/i><\/h4>\n<p>Seade k\u00e4ivitub p\u00e4rast toitekatkestust automaatselt algs\u00e4tetega.<\/li>\n<li>\n<h4>Enesediagnoos<i><\/i><\/h4>\n<p>Lihtsustab hooldust, n\u00e4idates \u00e4ra s\u00fcsteemivead v\u00f5i talitlush\u00e4ired.<\/li>\n<\/ul>\n<table class=\"table table-bordered\">\n<thead>\n<tr>\n<td colspan=\"2\"><strong>J\u00f5udlus<\/strong><\/td>\n<\/tr>\n<\/thead>\n<tbody>\n<tr>\n<td>Energia klass<\/td>\n<td>A+++\/A+++<\/td>\n<\/tr>\n<tr>\n<td>Nominaalne jahutusv\u00f5imsus, kW<\/td>\n<td>2,00 (1,30-2,60)<\/td>\n<\/tr>\n<tr>\n<td>Nominaalne k\u00fcttev\u00f5imsus, kW<\/td>\n<td>2,50 (1,30-3,50)<\/td>\n<\/tr>\n<tr>\n<td>Nominaalne tarbimisv\u00f5imsus jahutamisel, kW<\/td>\n<td>0,44<\/td>\n<\/tr>\n<tr>\n<td>Nominaalne tarbimisv\u00f5imsus soojendamisel, kW<\/td>\n<td>0,50<\/td>\n<\/tr>\n<tr>\n<td>Hooajaline jahutustegur SEER<\/td>\n<td>8,65<\/td>\n<\/tr>\n<tr>\n<td>Kasutegur jahutamisel (+35 \u00b0C) EER<\/td>\n<td>4,57<\/td>\n<\/tr>\n<tr>\n<td>Hooajaline soojustegur SCOP<\/td>\n<td>5,10<\/td>\n<\/tr>\n<tr>\n<td>Kasutegur k\u00fctmisel (+7 \u00b0C) COP<\/td>\n<td>5,00<\/td>\n<\/tr>\n<tr>\n<td>Jahutatava pinna suurus, m\u00b2<\/td>\n<td>20<\/td>\n<\/tr>\n<tr>\n<td>K\u00f6etava pinna suurus, m\u00b2<\/td>\n<td>25-50<\/td>\n<\/tr>\n<tr>\n<td>\u00d5huhulk, m\u00b3\/h<\/td>\n<td>264\/360\/474\/666 jahutamisel<\/td>\n<\/tr>\n<tr>\n<td>V\u00e4lis\u00f5hu lubatud t\u00f6\u00f6piirkond jahutamisel, \u00b0C<\/td>\n<td>-20 ~ +50<\/td>\n<\/tr>\n<tr>\n<td>V\u00e4lis\u00f5hu lubatud t\u00f6\u00f6piirkond k\u00fctmisel, \u00b0C<\/td>\n<td>-20 ~ +18<\/td>\n<\/tr>\n<\/tbody>\n<thead>\n<tr>\n<td colspan=\"2\"><strong>\u00dcldomadused<\/strong><\/td>\n<\/tr>\n<\/thead>\n<tbody>\n<tr>\n<td>M\u00fcratase sees, dB(A)<\/td>\n<td>19\/25\/41 jahutamisel<\/td>\n<\/tr>\n<tr>\n<td>M\u00fcratase v\u00e4ljas, dB(A)<\/td>\n<td>46 jahutamisel<\/td>\n<\/tr>\n<tr>\n<td>Jahutus. Temperatuuri seadistuste vahemik, \u00b0C<\/td>\n<td>18-30<\/td>\n<\/tr>\n<tr>\n<td>K\u00fcte. Temperatuuri seadistuste vahemik, \u00b0C<\/td>\n<td>10-30<\/td>\n<\/tr>\n<tr>\n<td>Autorestart<\/td>\n<td>+<\/td>\n<\/tr>\n<tr>\n<td>Taimer<\/td>\n<td>+<\/td>\n<\/tr>\n<tr>\n<td>Kaugjuhtimispult<\/td>\n<td>+<\/td>\n<\/tr>\n<tr>\n<td>Kompressor<\/td>\n<td>Inverter<\/td>\n<\/tr>\n<tr>\n<td>K\u00fclmaaine<\/td>\n<td>R32 (0,760 kg) &gt;10m +0,02kg\/m<\/td>\n<\/tr>\n<tr>\n<td>V\u00e4lisosa k\u00fclmumiskaitse<\/td>\n<td>+<\/td>\n<\/tr>\n<\/tbody>\n<thead>\n<tr>\n<td colspan=\"2\"><strong>\u041c\u00f5\u00f5tmed ja kaal<\/strong><\/td>\n<\/tr>\n<\/thead>\n<tbody>\n<tr>\n<td>Siseosa m\u00f5\u00f5tmed L x K x S, mm<\/td>\n<td>811x294x272<\/td>\n<\/tr>\n<tr>\n<td>V\u00e4lisosa m\u00f5\u00f5tmed L x K x S, mm<\/td>\n<td>765x550x285<\/td>\n<\/tr>\n<tr>\n<td>Kaal siseosal, kg<\/td>\n<td>10<\/td>\n<\/tr>\n<tr>\n<td>Kaal v\u00e4lisosal, kg<\/td>\n<td>32<\/td>\n<\/tr>\n<\/tbody>\n<thead>\n<tr>\n<td colspan=\"2\"><strong>Paigaldusinfo<\/strong><\/td>\n<\/tr>\n<\/thead>\n<tbody>\n<tr>\n<td>Elektritoide, V\/Hz\/faas<\/td>\n<td>230\/50\/1<\/td>\n<\/tr>\n<tr>\n<td>Elektri\u00fchendus<\/td>\n<td>v\u00e4lisosale<\/td>\n<\/tr>\n<tr>\n<td>Toitekaabel<\/td>\n<td>3&#215;2,5<\/td>\n<\/tr>\n<tr>\n<td>Signaalikaabel<\/td>\n<td>4&#215;1,5<\/td>\n<\/tr>\n<tr>\n<td>Voolutugevus jahutamisel, A<\/td>\n<td>2,1<\/td>\n<\/tr>\n<tr>\n<td>Voolutugevus soojendamisel, A<\/td>\n<td>2,2<\/td>\n<\/tr>\n<tr>\n<td>K\u00fclmaaine toru\u00fchendused, \u2033<\/td>\n<td>1\/4 &#8211; 3\/8<\/td>\n<\/tr>\n<tr>\n<td>Min. toru pikkus, m<\/td>\n<td>1,5<\/td>\n<\/tr>\n<tr>\n<td>Max. horisontaalne toru pikkus, m<\/td>\n<td>20<\/td>\n<\/tr>\n<tr>\n<td>Max. vertikaalne toru pikkus, m<\/td>\n<td>15<\/td>\n<\/tr>\n<\/tbody>\n<thead>\n<tr>\n<td colspan=\"2\"><strong>Garantii<\/strong><\/td>\n<\/tr>\n<\/thead>\n<tbody>\n<tr>\n<td>Garantii seadmetele, kuud<\/td>\n<td>24<\/td>\n<\/tr>\n<tr>\n<td>Garantii teostatud t\u00f6\u00f6dele, kuud<\/td>\n<td>24<\/td>\n<\/tr>\n<\/tbody>\n<\/table>\n<p>&nbsp;<\/p>\n","protected":false},"excerpt":{"rendered":"<p>&#8211; Serveriruumi jahutamiseks t\u00f6\u00f6re\u017eiim on v\u00f5malik seadistada<br \/>\nkuni -20\u00b0C v\u00e4lis\u00f5hu temperatuurini<br \/>\n&#8211; Mattvalge v\u00e4rvus<br \/>\n&#8211; Daikini Flash Streamer tehnoloogia tagab puhtama \u00f5hu<br \/>\n&#8211; Uuendatud kaugjuhtimispult<br \/>\n&#8211; Kahte tsooni j\u00e4lgiv sensor<br \/>\n&#8211; Onecta rakendus: juhi \u00f5hksoojuspumpa, mis tahes asukohast<br \/>\n&#8211; Integreeritud WiFi kontroller<br \/>\n&#8211; Madal m\u00fcratase 19 dB(A)<br \/>\n&#8211; Energiaklass jahutus\/k\u00fcte = A+++\/A++<br \/>\n&#8211; R32 k\u00fclmaaine<\/p>\n","protected":false},"featured_media":2282,"template":"","meta":{"ocean_post_layout":"","ocean_both_sidebars_style":"","ocean_both_sidebars_content_width":0,"ocean_both_sidebars_sidebars_width":0,"ocean_sidebar":"0","ocean_second_sidebar":"0","ocean_disable_margins":"enable","ocean_add_body_class":"","ocean_shortcode_before_top_bar":"","ocean_shortcode_after_top_bar":"","ocean_shortcode_before_header":"","ocean_shortcode_after_header":"","ocean_has_shortcode":"","ocean_shortcode_after_title":"","ocean_shortcode_before_footer_widgets":"","ocean_shortcode_after_footer_widgets":"","ocean_shortcode_before_footer_bottom":"","ocean_shortcode_after_footer_bottom":"","ocean_display_top_bar":"default","ocean_display_header":"default","ocean_header_style":"","ocean_center_header_left_menu":"0","ocean_custom_header_template":"0","ocean_custom_logo":0,"ocean_custom_retina_logo":0,"ocean_custom_logo_max_width":0,"ocean_custom_logo_tablet_max_width":0,"ocean_custom_logo_mobile_max_width":0,"ocean_custom_logo_max_height":0,"ocean_custom_logo_tablet_max_height":0,"ocean_custom_logo_mobile_max_height":0,"ocean_header_custom_menu":"0","ocean_menu_typo_font_family":"0","ocean_menu_typo_font_subset":"","ocean_menu_typo_font_size":0,"ocean_menu_typo_font_size_tablet":0,"ocean_menu_typo_font_size_mobile":0,"ocean_menu_typo_font_size_unit":"px","ocean_menu_typo_font_weight":"","ocean_menu_typo_font_weight_tablet":"","ocean_menu_typo_font_weight_mobile":"","ocean_menu_typo_transform":"","ocean_menu_typo_transform_tablet":"","ocean_menu_typo_transform_mobile":"","ocean_menu_typo_line_height":0,"ocean_menu_typo_line_height_tablet":0,"ocean_menu_typo_line_height_mobile":0,"ocean_menu_typo_line_height_unit":"","ocean_menu_typo_spacing":0,"ocean_menu_typo_spacing_tablet":0,"ocean_menu_typo_spacing_mobile":0,"ocean_menu_typo_spacing_unit":"","ocean_menu_link_color":"","ocean_menu_link_color_hover":"","ocean_menu_link_color_active":"","ocean_menu_link_background":"","ocean_menu_link_hover_background":"","ocean_menu_link_active_background":"","ocean_menu_social_links_bg":"","ocean_menu_social_hover_links_bg":"","ocean_menu_social_links_color":"","ocean_menu_social_hover_links_color":"","ocean_disable_title":"default","ocean_disable_heading":"default","ocean_post_title":"","ocean_post_subheading":"","ocean_post_title_style":"","ocean_post_title_background_color":"","ocean_post_title_background":0,"ocean_post_title_bg_image_position":"","ocean_post_title_bg_image_attachment":"","ocean_post_title_bg_image_repeat":"","ocean_post_title_bg_image_size":"","ocean_post_title_height":0,"ocean_post_title_bg_overlay":0.5,"ocean_post_title_bg_overlay_color":"","ocean_disable_breadcrumbs":"default","ocean_breadcrumbs_color":"","ocean_breadcrumbs_separator_color":"","ocean_breadcrumbs_links_color":"","ocean_breadcrumbs_links_hover_color":"","ocean_display_footer_widgets":"default","ocean_display_footer_bottom":"default","ocean_custom_footer_template":"0"},"product_brand":[],"product_cat":[61,62,85],"product_tag":[126,127,128,129],"class_list":{"0":"post-1392","1":"product","2":"type-product","3":"status-publish","4":"has-post-thumbnail","6":"product_cat-koik-tooted","7":"product_cat-ohksoojuspumbad","8":"product_cat-ohksoojuspumbad-daikin","9":"product_tag-disain-ohksoojuspump","10":"product_tag-disain-soojuspumbad","11":"product_tag-puit-disain","12":"product_tag-puit-ohksoojuspump","14":"entry","15":"has-media","17":"first","18":"instock","19":"taxable","20":"shipping-taxable","21":"purchasable","22":"product-type-simple","23":"has-product-nav","24":"col","25":"span_1_of_4","26":"owp-content-center","27":"owp-thumbs-layout-horizontal","28":"owp-btn-normal","29":"owp-tabs-layout-horizontal"},"_links":{"self":[{"href":"https:\/\/kliimakoda.ee\/pood\/wp-json\/wp\/v2\/product\/1392","targetHints":{"allow":["GET"]}}],"collection":[{"href":"https:\/\/kliimakoda.ee\/pood\/wp-json\/wp\/v2\/product"}],"about":[{"href":"https:\/\/kliimakoda.ee\/pood\/wp-json\/wp\/v2\/types\/product"}],"wp:featuredmedia":[{"embeddable":true,"href":"https:\/\/kliimakoda.ee\/pood\/wp-json\/wp\/v2\/media\/2282"}],"wp:attachment":[{"href":"https:\/\/kliimakoda.ee\/pood\/wp-json\/wp\/v2\/media?parent=1392"}],"wp:term":[{"taxonomy":"product_brand","embeddable":true,"href":"https:\/\/kliimakoda.ee\/pood\/wp-json\/wp\/v2\/product_brand?post=1392"},{"taxonomy":"product_cat","embeddable":true,"href":"https:\/\/kliimakoda.ee\/pood\/wp-json\/wp\/v2\/product_cat?post=1392"},{"taxonomy":"product_tag","embeddable":true,"href":"https:\/\/kliimakoda.ee\/pood\/wp-json\/wp\/v2\/product_tag?post=1392"}],"curies":[{"name":"wp","href":"https:\/\/api.w.org\/{rel}","templated":true}]}}