{"id":1264,"date":"2020-08-30T18:55:31","date_gmt":"2020-08-30T18:55:31","guid":{"rendered":"https:\/\/kliimakoda.ee\/pood\/toode\/import-placeholder-for-907\/"},"modified":"2026-03-04T13:47:49","modified_gmt":"2026-03-04T13:47:49","slug":"daikin-altherma-3-ehvx08s18da9w-erga08dv-75-kw","status":"publish","type":"product","link":"https:\/\/kliimakoda.ee\/pood\/toode\/daikin-altherma-3-ehvx08s18da9w-erga08dv-75-kw\/","title":{"rendered":"Daikin Altherma 3 EHVX08S18E9W\/ERGA06EV  8kw \u00f5hk-vesi soojuspump koos 180l tarbeveeboileriga"},"content":{"rendered":"<h2>Garanteeritud t\u00f6\u00f6vahemik -25\u00b0C<\/h2>\n<p>Daikin Alther \u00f5hk-vesi soojuspumpade garanteeritud t\u00f6\u00f6vahemik on -25\u00b0C. Seadmed l\u00e4bivad p\u00f5hjalike tootekatsetusi madala temperatuuri ning \u00fclik\u00f5rge \u00f5huniiskuse tingimustes.<\/p>\n<h2>Maksimaalne pealevoolutemperatuur 65\u00b0C\u00a0 tarbeveeboiler 180L. Kuna kaasas on k\u00f5ik h\u00fcdraulikakomponendid, puudub vajadus teiste tootjate komponentide j\u00e4rele. T\u00e4nu seadme kompaktsusele on vaja v\u00e4he paigalduspinda, sest k\u00fclgedele ei pea j\u00e4tma peaaegu \u00fcldse vaba ruumi.<\/h2>\n<h2>Magnetiitfilter koos automaatse \u00f5hutusega.<\/h2>\n<p>Uus filter v\u00f5imaldab \u00e4\u00e4rmiselt lihtsat hooldust. K\u00fcttes\u00fcsteemis oleva mustuse eemaldamise jaoks ei ole vaja veefiltrit eemaldada, vaid mustuse osakesed saab t\u00fchjendada otse soojuspumbas olevasse anumasse. Filter koos s\u00f5elfiltriga sisaldab ka automaatset \u00f5hutust.<\/p>\n<p>&nbsp;<\/p>\n<table class=\"table table-bordered\">\n<thead>\n<tr>\n<td colspan=\"2\"><strong>J\u00f5udlus<\/strong><\/td>\n<\/tr>\n<\/thead>\n<tbody>\n<tr>\n<td>K\u00f6etava pinna suurus, m\u00b2<\/td>\n<td>75-180<\/td>\n<\/tr>\n<tr>\n<td>Turvak\u00fcte, V\u00f5imsus, \u043aW\/tk<\/td>\n<td>3,0-9,0<\/td>\n<\/tr>\n<tr>\n<td>V\u00e4lis\u00f5hu lubatud t\u00f6\u00f6piirkond k\u00fctmisel, \u00b0C<\/td>\n<td>-25&#8230;+35<\/td>\n<\/tr>\n<tr>\n<td>+7\u00b0C\/+35\u00b0C p\u00f5randak\u00fcte, K\u00fctte v\u00f5imsus, kW<\/td>\n<td>7,5<\/td>\n<\/tr>\n<tr>\n<td>+7\u00b0C\/+35\u00b0C p\u00f5randak\u00fcte, Tarbimisv\u00f5imsus, kW<\/td>\n<td>1,63<\/td>\n<\/tr>\n<tr>\n<td>+7\u00b0C\/+35\u00b0C p\u00f5randak\u00fcte, COP<\/td>\n<td>4,6<\/td>\n<\/tr>\n<\/tbody>\n<thead>\n<tr>\n<td colspan=\"2\"><strong>\u00dcldomadused<\/strong><\/td>\n<\/tr>\n<\/thead>\n<tbody>\n<tr>\n<td>K\u00fcte. Pealevoolu vee temperatuuri vahemik, \u00b0C<\/td>\n<td>+15&#8230;+65<\/td>\n<\/tr>\n<tr>\n<td>Soe tarbevesi. Pealevoolu vee temperatuuri vahemik, \u00b0C<\/td>\n<td>+25&#8230;+60<\/td>\n<\/tr>\n<tr>\n<td>Tarbevee mahuti, L<\/td>\n<td>180<\/td>\n<\/tr>\n<tr>\n<td>M\u00fcratase v\u00e4ljas, dB(A)<\/td>\n<td>50<\/td>\n<\/tr>\n<tr>\n<td>K\u00fclmaaine<\/td>\n<td>R32 (1,5 kg, &gt;10m + 20g\/m)<\/td>\n<\/tr>\n<\/tbody>\n<thead>\n<tr>\n<td colspan=\"2\"><strong>\u041c\u00f5\u00f5tmed ja kaal<\/strong><\/td>\n<\/tr>\n<\/thead>\n<tbody>\n<tr>\n<td>Siseosa m\u00f5\u00f5tmed L x K x S, mm<\/td>\n<td>595\u04451650\u0445625<\/td>\n<\/tr>\n<tr>\n<td>V\u00e4lisosa m\u00f5\u00f5tmed L x K x S, mm<\/td>\n<td>884\u0445740\u0445388<\/td>\n<\/tr>\n<tr>\n<td>Kaal siseosal, kg<\/td>\n<td>42,4<\/td>\n<\/tr>\n<tr>\n<td>Kaal v\u00e4lisosal, kg<\/td>\n<td>58,5<\/td>\n<\/tr>\n<\/tbody>\n<thead>\n<tr>\n<td colspan=\"2\"><strong>Paigaldusinfo<\/strong><\/td>\n<\/tr>\n<\/thead>\n<tbody>\n<tr>\n<td>Elektritoide, V\/Hz\/faas<\/td>\n<td>400\/50\/3 + 230\/50\/1<\/td>\n<\/tr>\n<tr>\n<td>Elektri\u00fchendus<\/td>\n<td>siiseosale, v\u00e4lisosale<\/td>\n<\/tr>\n<tr>\n<td>Voolutugevus, v\u00e4lisseade, Nominaalne\/Max, A<\/td>\n<td>7,1\/-<\/td>\n<\/tr>\n<tr>\n<td>Voolutugevus, siseosa, Max, A<\/td>\n<td>13<\/td>\n<\/tr>\n<tr>\n<td>Veetorustike \u00fchenduse l\u00e4bim\u00f5\u00f5t, Peale\/Tagasivool, mm<\/td>\n<td>G 1&#8243; (SK)<\/td>\n<\/tr>\n<tr>\n<td>K\u00fclmaaine toru\u00fchendused, \u2033<\/td>\n<td>1\/4-5\/8<\/td>\n<\/tr>\n<tr>\n<td>Max. horisontaalne toru pikkus, m<\/td>\n<td>Min\/Max 3\/30<\/td>\n<\/tr>\n<tr>\n<td>Max. vertikaalne toru pikkus, m<\/td>\n<td>20<\/td>\n<\/tr>\n<\/tbody>\n<\/table>\n","protected":false},"excerpt":{"rendered":"<p>&#8211; Integreeritud WIFI controller<\/p>\n<p>&#8211; K\u00fcttes COP kuni 5,1 ja tarbeveel COP kuni 3,3(EN16147)<\/p>\n<p>&#8211; K\u00fclmaaine R-32<\/p>\n<p>&#8211; V\u00e4lisosa t\u00f6\u00f6 kuni -25C<\/p>\n<p>&#8211; Magnetiitfilter ja by-pass klapp komplektis<\/p>\n<p>&#8211; Eestikeelne men\u00fc\u00fc<\/p>\n<p>&#8211; V\u00e4lisosa ei vaja p\u00f5hjasulatuskaablit<\/p>\n<p>&#8211; Uus disain<\/p>\n<p>&#8211; Inverter SWING kompressor<\/p>\n","protected":false},"featured_media":1298,"template":"","meta":{"ocean_post_layout":"","ocean_both_sidebars_style":"","ocean_both_sidebars_content_width":0,"ocean_both_sidebars_sidebars_width":0,"ocean_sidebar":"0","ocean_second_sidebar":"0","ocean_disable_margins":"enable","ocean_add_body_class":"","ocean_shortcode_before_top_bar":"","ocean_shortcode_after_top_bar":"","ocean_shortcode_before_header":"","ocean_shortcode_after_header":"","ocean_has_shortcode":"","ocean_shortcode_after_title":"","ocean_shortcode_before_footer_widgets":"","ocean_shortcode_after_footer_widgets":"","ocean_shortcode_before_footer_bottom":"","ocean_shortcode_after_footer_bottom":"","ocean_display_top_bar":"default","ocean_display_header":"default","ocean_header_style":"","ocean_center_header_left_menu":"0","ocean_custom_header_template":"0","ocean_custom_logo":0,"ocean_custom_retina_logo":0,"ocean_custom_logo_max_width":0,"ocean_custom_logo_tablet_max_width":0,"ocean_custom_logo_mobile_max_width":0,"ocean_custom_logo_max_height":0,"ocean_custom_logo_tablet_max_height":0,"ocean_custom_logo_mobile_max_height":0,"ocean_header_custom_menu":"0","ocean_menu_typo_font_family":"0","ocean_menu_typo_font_subset":"","ocean_menu_typo_font_size":0,"ocean_menu_typo_font_size_tablet":0,"ocean_menu_typo_font_size_mobile":0,"ocean_menu_typo_font_size_unit":"px","ocean_menu_typo_font_weight":"","ocean_menu_typo_font_weight_tablet":"","ocean_menu_typo_font_weight_mobile":"","ocean_menu_typo_transform":"","ocean_menu_typo_transform_tablet":"","ocean_menu_typo_transform_mobile":"","ocean_menu_typo_line_height":0,"ocean_menu_typo_line_height_tablet":0,"ocean_menu_typo_line_height_mobile":0,"ocean_menu_typo_line_height_unit":"","ocean_menu_typo_spacing":0,"ocean_menu_typo_spacing_tablet":0,"ocean_menu_typo_spacing_mobile":0,"ocean_menu_typo_spacing_unit":"","ocean_menu_link_color":"","ocean_menu_link_color_hover":"","ocean_menu_link_color_active":"","ocean_menu_link_background":"","ocean_menu_link_hover_background":"","ocean_menu_link_active_background":"","ocean_menu_social_links_bg":"","ocean_menu_social_hover_links_bg":"","ocean_menu_social_links_color":"","ocean_menu_social_hover_links_color":"","ocean_disable_title":"default","ocean_disable_heading":"default","ocean_post_title":"","ocean_post_subheading":"","ocean_post_title_style":"","ocean_post_title_background_color":"","ocean_post_title_background":0,"ocean_post_title_bg_image_position":"","ocean_post_title_bg_image_attachment":"","ocean_post_title_bg_image_repeat":"","ocean_post_title_bg_image_size":"","ocean_post_title_height":0,"ocean_post_title_bg_overlay":0.5,"ocean_post_title_bg_overlay_color":"","ocean_disable_breadcrumbs":"default","ocean_breadcrumbs_color":"","ocean_breadcrumbs_separator_color":"","ocean_breadcrumbs_links_color":"","ocean_breadcrumbs_links_hover_color":"","ocean_display_footer_widgets":"default","ocean_display_footer_bottom":"default","ocean_custom_footer_template":"0"},"product_brand":[],"product_cat":[61,102,101],"product_tag":[],"class_list":{"0":"post-1264","1":"product","2":"type-product","3":"status-publish","4":"has-post-thumbnail","6":"product_cat-koik-tooted","7":"product_cat-ohk-vesi-daikin","8":"product_cat-ohk-vesi-soojuspumbad","10":"entry","11":"has-media","13":"first","14":"instock","15":"taxable","16":"shipping-taxable","17":"purchasable","18":"product-type-simple","19":"has-product-nav","20":"col","21":"span_1_of_4","22":"owp-content-center","23":"owp-thumbs-layout-horizontal","24":"owp-btn-normal","25":"owp-tabs-layout-horizontal"},"_links":{"self":[{"href":"https:\/\/kliimakoda.ee\/pood\/wp-json\/wp\/v2\/product\/1264","targetHints":{"allow":["GET"]}}],"collection":[{"href":"https:\/\/kliimakoda.ee\/pood\/wp-json\/wp\/v2\/product"}],"about":[{"href":"https:\/\/kliimakoda.ee\/pood\/wp-json\/wp\/v2\/types\/product"}],"wp:featuredmedia":[{"embeddable":true,"href":"https:\/\/kliimakoda.ee\/pood\/wp-json\/wp\/v2\/media\/1298"}],"wp:attachment":[{"href":"https:\/\/kliimakoda.ee\/pood\/wp-json\/wp\/v2\/media?parent=1264"}],"wp:term":[{"taxonomy":"product_brand","embeddable":true,"href":"https:\/\/kliimakoda.ee\/pood\/wp-json\/wp\/v2\/product_brand?post=1264"},{"taxonomy":"product_cat","embeddable":true,"href":"https:\/\/kliimakoda.ee\/pood\/wp-json\/wp\/v2\/product_cat?post=1264"},{"taxonomy":"product_tag","embeddable":true,"href":"https:\/\/kliimakoda.ee\/pood\/wp-json\/wp\/v2\/product_tag?post=1264"}],"curies":[{"name":"wp","href":"https:\/\/api.w.org\/{rel}","templated":true}]}}