{"id":1260,"date":"2020-08-30T18:55:31","date_gmt":"2020-08-30T18:55:31","guid":{"rendered":"https:\/\/kliimakoda.ee\/pood\/toode\/import-placeholder-for-890\/"},"modified":"2026-03-04T13:43:33","modified_gmt":"2026-03-04T13:43:33","slug":"daikin-altherma-3-ehbx08da9w-erga08dv-80-kw","status":"publish","type":"product","link":"https:\/\/kliimakoda.ee\/pood\/toode\/daikin-altherma-3-ehbx08da9w-erga08dv-80-kw\/","title":{"rendered":"Daikin Altherma 3 EHBX08E9W\/ERGA08EVA 8kw"},"content":{"rendered":"<h2 style=\"text-align: center;\">Garanteeritud t\u00f6\u00f6vahemik -25\u00b0C<\/h2>\n<p>Daikin Altherma \u00f5hk-vesi soojuspumpade garanteeritud t\u00f6\u00f6vahemik on -25\u00b0C. Seadmed l\u00e4bivad p\u00f5hjalike tootekatsetusi madala temperatuuri ning \u00fclik\u00f5rge \u00f5huniiskuse tingimustes.<\/p>\n<h2>Maksimaalne pealevoolutemperatuur 65\u00b0C ja v\u00f5imalik valida erineva suurusega tarbeveeboilerite vahel (200-500l)<\/h2>\n<h2>Magnetiitfilter koos automaatse \u00f5hutusega<\/h2>\n<p>Uus filter v\u00f5imaldab \u00e4\u00e4rmiselt lihtsat hooldust. K\u00fcttes\u00fcsteemis oleva mustuse eemaldamise jaoks ei ole vaja veefiltrit eemaldada, vaid mustuse osakesed saab t\u00fchjendada otse soojuspumbas olevasse anumasse. Filter koos s\u00f5elfiltriga sisaldab ka automaatset \u00f5hutust.<\/p>\n<table class=\"table table-bordered\">\n<thead>\n<tr>\n<td colspan=\"2\">J\u00f5udlus<\/td>\n<\/tr>\n<\/thead>\n<tbody>\n<tr>\n<td>V\u00e4lis\u00f5hu lubatud t\u00f6\u00f6piirkond k\u00fctmisel, \u00b0C<\/td>\n<td>-25&#8230;+35<\/td>\n<\/tr>\n<tr>\n<td>+7\u00b0C\/+35\u00b0C p\u00f5randak\u00fcte, Nominaalne k\u00fctte v\u00f5imsus, kW<\/td>\n<td>8,0<\/td>\n<\/tr>\n<tr>\n<td>+7\u00b0C\/+35\u00b0C p\u00f5randak\u00fcte, Nominaalne tarbimisv\u00f5imsus, kW<\/td>\n<td>1,63<\/td>\n<\/tr>\n<tr>\n<td>+7\u00b0C\/+35\u00b0C p\u00f5randak\u00fcte, COP<\/td>\n<td>4,6<\/td>\n<\/tr>\n<tr>\n<td>Turvak\u00fcte, V\u00f5imsus, \u043aW\/tk<\/td>\n<td>2,0\/4,0<\/td>\n<\/tr>\n<\/tbody>\n<thead>\n<tr>\n<td colspan=\"2\">\u00dcldomadused<\/td>\n<\/tr>\n<\/thead>\n<tbody>\n<tr>\n<td>K\u00fcte. Pealevoolu vee temperatuuri vahemik, \u00b0C<\/td>\n<td>+15&#8230;+65<\/td>\n<\/tr>\n<tr>\n<td>Soe tarbevesi. Pealevoolu vee temperatuuri vahemik, \u00b0C<\/td>\n<td>+25&#8230;+80<\/td>\n<\/tr>\n<tr>\n<td>M\u00fcratase v\u00e4ljas, dB(A)<\/td>\n<td>50<\/td>\n<\/tr>\n<tr>\n<td>K\u00fclmaaine<\/td>\n<td>R32 (1,5 kg, &gt;10m + 20g\/m)<\/td>\n<\/tr>\n<\/tbody>\n<thead>\n<tr>\n<td colspan=\"2\">\u041c\u00f5\u00f5tmed ja kaal<\/td>\n<\/tr>\n<\/thead>\n<tbody>\n<tr>\n<td>Siseosa m\u00f5\u00f5tmed L x K x S, mm<\/td>\n<td>440\u0445840\u0445390<\/td>\n<\/tr>\n<tr>\n<td>V\u00e4lisosa m\u00f5\u00f5tmed L x K x S, mm<\/td>\n<td>884\u0445740\u0445388<\/td>\n<\/tr>\n<tr>\n<td>Kaal siseosal, kg<\/td>\n<td>42<\/td>\n<\/tr>\n<tr>\n<td>Kaal v\u00e4lisosal, kg<\/td>\n<td>58,5<\/td>\n<\/tr>\n<\/tbody>\n<thead>\n<tr>\n<td colspan=\"2\">Paigaldusinfo<\/td>\n<\/tr>\n<\/thead>\n<tbody>\n<tr>\n<td>Elektritoide, V\/Hz\/faas<\/td>\n<td>230\/50\/1<\/td>\n<\/tr>\n<tr>\n<td>Elektri\u00fchendus<\/td>\n<td>siiseosale, v\u00e4lisosale<\/td>\n<\/tr>\n<tr>\n<td>Voolutugevus, v\u00e4lisseade, Nominaalne\/Max, A<\/td>\n<td>7,1\/-<\/td>\n<\/tr>\n<tr>\n<td>Voolutugevus, siseosa, Max, A<\/td>\n<td>17,4<\/td>\n<\/tr>\n<tr>\n<td>Veetorustike \u00fchenduse l\u00e4bim\u00f5\u00f5t, Peale\/Tagasivool, mm<\/td>\n<td>G 1&#8243; (SK)<\/td>\n<\/tr>\n<tr>\n<td>K\u00fclmaaine toru\u00fchendused, \u2033<\/td>\n<td>1\/4-5\/8<\/td>\n<\/tr>\n<tr>\n<td>Max. horisontaalne toru pikkus, m<\/td>\n<td>Min\/Max 3\/30<\/td>\n<\/tr>\n<tr>\n<td>Max. vertikaalne toru pikkus, m<\/td>\n<td>20<\/td>\n<\/tr>\n<\/tbody>\n<\/table>\n","protected":false},"excerpt":{"rendered":"<p>K\u00fcsi pakkumist: info@kliimakoda.ee v\u00f5i +372-53045058.<\/p>\n<p>&#8211; Tark WIFI juhtimine<br \/>\n&#8211; P\u00f5hjasoojenduseta v\u00e4lisosa<br \/>\n&#8211; K\u00fclmaaine R-32<br \/>\n&#8211; V\u00e4lisosa t\u00f6\u00f6 kuni -25\u00b0C<br \/>\n&#8211; Magnetiitfilter ja by-pass klapp komplektis<br \/>\n&#8211; Eestikeelne men\u00fc\u00fc<br \/>\n&#8211; V\u00e4lisosa ei vaja p\u00f5hjasulatuskaablit<br \/>\n&#8211; Elektrib\u00f6rsi hinna j\u00e4rgimine (lisa)<br \/>\n&#8211; Inverter SWING kompressor<br \/>\n&#8211; EHBH k\u00fcttemudel \/ EHBX k\u00fctte- ja jahutusmudel<\/p>\n<p>&nbsp;<\/p>\n<p>Tallinn l\u00e4hi\u00fcmbrus transport hinnas kuni 50km, mujale rakendub teenustasu 0,40e+km<\/p>\n","protected":false},"featured_media":1292,"template":"","meta":{"ocean_post_layout":"","ocean_both_sidebars_style":"","ocean_both_sidebars_content_width":0,"ocean_both_sidebars_sidebars_width":0,"ocean_sidebar":"0","ocean_second_sidebar":"0","ocean_disable_margins":"enable","ocean_add_body_class":"","ocean_shortcode_before_top_bar":"","ocean_shortcode_after_top_bar":"","ocean_shortcode_before_header":"","ocean_shortcode_after_header":"","ocean_has_shortcode":"","ocean_shortcode_after_title":"","ocean_shortcode_before_footer_widgets":"","ocean_shortcode_after_footer_widgets":"","ocean_shortcode_before_footer_bottom":"","ocean_shortcode_after_footer_bottom":"","ocean_display_top_bar":"default","ocean_display_header":"default","ocean_header_style":"","ocean_center_header_left_menu":"0","ocean_custom_header_template":"0","ocean_custom_logo":0,"ocean_custom_retina_logo":0,"ocean_custom_logo_max_width":0,"ocean_custom_logo_tablet_max_width":0,"ocean_custom_logo_mobile_max_width":0,"ocean_custom_logo_max_height":0,"ocean_custom_logo_tablet_max_height":0,"ocean_custom_logo_mobile_max_height":0,"ocean_header_custom_menu":"0","ocean_menu_typo_font_family":"0","ocean_menu_typo_font_subset":"","ocean_menu_typo_font_size":0,"ocean_menu_typo_font_size_tablet":0,"ocean_menu_typo_font_size_mobile":0,"ocean_menu_typo_font_size_unit":"px","ocean_menu_typo_font_weight":"","ocean_menu_typo_font_weight_tablet":"","ocean_menu_typo_font_weight_mobile":"","ocean_menu_typo_transform":"","ocean_menu_typo_transform_tablet":"","ocean_menu_typo_transform_mobile":"","ocean_menu_typo_line_height":0,"ocean_menu_typo_line_height_tablet":0,"ocean_menu_typo_line_height_mobile":0,"ocean_menu_typo_line_height_unit":"","ocean_menu_typo_spacing":0,"ocean_menu_typo_spacing_tablet":0,"ocean_menu_typo_spacing_mobile":0,"ocean_menu_typo_spacing_unit":"","ocean_menu_link_color":"","ocean_menu_link_color_hover":"","ocean_menu_link_color_active":"","ocean_menu_link_background":"","ocean_menu_link_hover_background":"","ocean_menu_link_active_background":"","ocean_menu_social_links_bg":"","ocean_menu_social_hover_links_bg":"","ocean_menu_social_links_color":"","ocean_menu_social_hover_links_color":"","ocean_disable_title":"default","ocean_disable_heading":"default","ocean_post_title":"","ocean_post_subheading":"","ocean_post_title_style":"","ocean_post_title_background_color":"","ocean_post_title_background":0,"ocean_post_title_bg_image_position":"","ocean_post_title_bg_image_attachment":"","ocean_post_title_bg_image_repeat":"","ocean_post_title_bg_image_size":"","ocean_post_title_height":0,"ocean_post_title_bg_overlay":0.5,"ocean_post_title_bg_overlay_color":"","ocean_disable_breadcrumbs":"default","ocean_breadcrumbs_color":"","ocean_breadcrumbs_separator_color":"","ocean_breadcrumbs_links_color":"","ocean_breadcrumbs_links_hover_color":"","ocean_display_footer_widgets":"default","ocean_display_footer_bottom":"default","ocean_custom_footer_template":"0"},"product_brand":[],"product_cat":[61,102,101],"product_tag":[],"class_list":{"0":"post-1260","1":"product","2":"type-product","3":"status-publish","4":"has-post-thumbnail","6":"product_cat-koik-tooted","7":"product_cat-ohk-vesi-daikin","8":"product_cat-ohk-vesi-soojuspumbad","10":"entry","11":"has-media","13":"first","14":"instock","15":"taxable","16":"shipping-taxable","17":"purchasable","18":"product-type-simple","19":"has-product-nav","20":"col","21":"span_1_of_4","22":"owp-content-center","23":"owp-thumbs-layout-horizontal","24":"owp-btn-normal","25":"owp-tabs-layout-horizontal"},"_links":{"self":[{"href":"https:\/\/kliimakoda.ee\/pood\/wp-json\/wp\/v2\/product\/1260","targetHints":{"allow":["GET"]}}],"collection":[{"href":"https:\/\/kliimakoda.ee\/pood\/wp-json\/wp\/v2\/product"}],"about":[{"href":"https:\/\/kliimakoda.ee\/pood\/wp-json\/wp\/v2\/types\/product"}],"wp:featuredmedia":[{"embeddable":true,"href":"https:\/\/kliimakoda.ee\/pood\/wp-json\/wp\/v2\/media\/1292"}],"wp:attachment":[{"href":"https:\/\/kliimakoda.ee\/pood\/wp-json\/wp\/v2\/media?parent=1260"}],"wp:term":[{"taxonomy":"product_brand","embeddable":true,"href":"https:\/\/kliimakoda.ee\/pood\/wp-json\/wp\/v2\/product_brand?post=1260"},{"taxonomy":"product_cat","embeddable":true,"href":"https:\/\/kliimakoda.ee\/pood\/wp-json\/wp\/v2\/product_cat?post=1260"},{"taxonomy":"product_tag","embeddable":true,"href":"https:\/\/kliimakoda.ee\/pood\/wp-json\/wp\/v2\/product_tag?post=1260"}],"curies":[{"name":"wp","href":"https:\/\/api.w.org\/{rel}","templated":true}]}}